{"id":16734,"date":"2025-10-22T14:50:20","date_gmt":"2025-10-22T11:50:20","guid":{"rendered":"https:\/\/mytax.lt\/produktas\/uab-astenta\/"},"modified":"2025-10-22T15:00:46","modified_gmt":"2025-10-22T12:00:46","slug":"uab-astenta","status":"publish","type":"product","link":"https:\/\/mytax.lt\/ru\/product\/uab-astenta\/","title":{"rendered":"UAB &#171;Astenta&#187;"},"content":{"rendered":"<p>Parduodama \u012fmon\u0117 <span class=\"attribute-label\">UAB \"Astenta\"<\/span> yra visi\u0161kai nauja, dar niekada nevykd\u017eiusios veiklos. <span class=\"attribute-label\">UAB \"Astenta\"<\/span> pavadinimas neutral\u016bs, be ypating\u0173 reik\u0161mi\u0173, kurias b\u016bt\u0173 galima sieti su kokia nors konkre\u010dia veikla.<\/p>\n<div id=\"gtx-trans\" style=\"position: absolute; left: 689px; top: 53px;\">\n<div class=\"gtx-trans-icon\"><\/div>\n<\/div>\n","protected":false},"excerpt":{"rendered":"<h3 class=\"wc-pao-addon-heading\">\u012emon\u0117s perregistravimo terminas<\/h3>\n<div class=\"wc-pao-addon-description\">\n<p>Po akcij\u0173 pirkimo-pardavimo sutarties pasira\u0161ymo 5 darbo dienos.<\/p>\n<\/div>\n","protected":false},"featured_media":14509,"template":"","meta":{"_acf_changed":false,"_et_pb_use_builder":"off","_et_pb_old_content":"","_et_gb_content_width":"","om_disable_all_campaigns":false,"_exactmetrics_skip_tracking":false,"_exactmetrics_sitenote_active":false,"_exactmetrics_sitenote_note":"","_exactmetrics_sitenote_category":0,"iawp_total_views":10},"product_brand":[],"product_cat":[164],"product_tag":[],"class_list":{"0":"post-16734","1":"product","2":"type-product","3":"status-publish","4":"has-post-thumbnail","6":"product_cat-prodazha-predpriiatii","8":"first","9":"instock","10":"sold-individually","11":"taxable","12":"shipping-taxable","13":"purchasable","14":"product-type-simple"},"acf":[],"jetpack_sharing_enabled":true,"_links":{"self":[{"href":"https:\/\/mytax.lt\/ru\/wp-json\/wp\/v2\/product\/16734","targetHints":{"allow":["GET"]}}],"collection":[{"href":"https:\/\/mytax.lt\/ru\/wp-json\/wp\/v2\/product"}],"about":[{"href":"https:\/\/mytax.lt\/ru\/wp-json\/wp\/v2\/types\/product"}],"wp:featuredmedia":[{"embeddable":true,"href":"https:\/\/mytax.lt\/ru\/wp-json\/wp\/v2\/media\/14509"}],"wp:attachment":[{"href":"https:\/\/mytax.lt\/ru\/wp-json\/wp\/v2\/media?parent=16734"}],"wp:term":[{"taxonomy":"product_brand","embeddable":true,"href":"https:\/\/mytax.lt\/ru\/wp-json\/wp\/v2\/product_brand?post=16734"},{"taxonomy":"product_cat","embeddable":true,"href":"https:\/\/mytax.lt\/ru\/wp-json\/wp\/v2\/product_cat?post=16734"},{"taxonomy":"product_tag","embeddable":true,"href":"https:\/\/mytax.lt\/ru\/wp-json\/wp\/v2\/product_tag?post=16734"}],"curies":[{"name":"wp","href":"https:\/\/api.w.org\/{rel}","templated":true}]}}