{"id":16146,"date":"2020-12-22T13:26:01","date_gmt":"2020-12-22T11:26:01","guid":{"rendered":"https:\/\/mytax.lt\/produktas\/apleistos-buhalterijos-tvarkymas\/"},"modified":"2025-09-17T06:01:54","modified_gmt":"2025-09-17T03:01:54","slug":"https-mytax-lt-ru-product-apleistos-buhalterijos-tvarkymas","status":"publish","type":"product","link":"https:\/\/mytax.lt\/ru\/product\/https-mytax-lt-ru-product-apleistos-buhalterijos-tvarkymas\/","title":{"rendered":"\u0412\u043e\u0441\u0441\u0442\u0430\u043d\u043e\u0432\u043b\u0435\u043d\u0438\u0435 \u0431\u0443\u0445\u0433\u0430\u043b\u0442\u0435\u0440\u0441\u043a\u043e\u0433\u043e \u0443\u0447\u0435\u0442\u0430"},"content":{"rendered":"<p>\u0417\u0430\u043f\u0443\u0449\u0435\u043d\u043d\u044b\u0439 \u0438\u043b\u0438 \u043d\u0435\u043f\u0440\u0430\u0432\u0438\u043b\u044c\u043d\u043e \u0432\u0435\u0434\u0443\u0449\u0438\u0439\u0441\u044f \u0431\u0443\u0445\u0433\u0430\u043b\u0442\u0435\u0440\u0441\u043a\u0438\u0439 \u0443\u0447\u0435\u0442 \u0441\u043e \u0432\u0440\u0435\u043c\u0435\u043d\u0435\u043c \u043c\u043e\u0436\u0435\u0442 \u043f\u0440\u0438\u0432\u0435\u0441\u0442\u0438 \u043a \u0441\u0435\u0440\u044c\u0435\u0437\u043d\u044b\u043c \u043f\u0440\u043e\u0431\u043b\u0435\u043c\u0430\u043c. \u0422\u0449\u0430\u0442\u0435\u043b\u044c\u043d\u043e\u0435 \u0432\u0435\u0434\u0435\u043d\u0438\u0435 \u0431\u0443\u0445\u0433\u0430\u043b\u0442\u0435\u0440\u0438\u0438 \u0432\u0430\u0436\u043d\u043e \u0434\u043b\u044f \u043a\u0430\u0436\u0434\u043e\u0439 \u043a\u043e\u043c\u043f\u0430\u043d\u0438\u0438, \u0432\u0435\u0434\u044c \u043e\u0448\u0438\u0431\u043a\u0438 \u0432 \u0443\u0447\u0435\u0442\u0435 \u0441\u043f\u043e\u0441\u043e\u0431\u043d\u044b \u043d\u0430\u0432\u0440\u0435\u0434\u0438\u0442\u044c \u043d\u0435 \u0442\u043e\u043b\u044c\u043a\u043e \u0444\u0438\u043d\u0430\u043d\u0441\u043e\u0432\u044b\u043c \u0440\u0435\u0437\u0443\u043b\u044c\u0442\u0430\u0442\u0430\u043c, \u043d\u043e \u0438 \u0440\u0435\u043f\u0443\u0442\u0430\u0446\u0438\u0438 \u0431\u0438\u0437\u043d\u0435\u0441\u0430. \u041f\u043e\u044d\u0442\u043e\u043c\u0443 \u0432\u043e\u0441\u0441\u0442\u0430\u043d\u043e\u0432\u043b\u0435\u043d\u0438\u0435 \u0431\u0443\u0445\u0433\u0430\u043b\u0442\u0435\u0440\u0438\u0438 \u043b\u0443\u0447\u0448\u0435 \u0434\u043e\u0432\u0435\u0440\u0438\u0442\u044c \u043e\u043f\u044b\u0442\u043d\u044b\u043c \u0431\u0443\u0445\u0433\u0430\u043b\u0442\u0435\u0440\u0430\u043c.<\/p>\n","protected":false},"excerpt":{"rendered":"<p><strong>Svarbu:<\/strong> papildomai kainuos \u012f apskait\u0105 ne\u012ftraukt\u0173 dokument\u0173 \u012ftraukimas \u012f apskait\u0105, deklaracij\u0173 parengimas ir pateikimas. Papildom\u0173 darb\u0173 kiekis kiekvienu atveju gali b\u016bti skirtingas, tod\u0117l visiems laiku neatliktiems darbams mes taikome galiojan\u010dius buhalterin\u0117s apskaitos \u012fkainius.<\/p>\n<p><strong>Paslaugos atlikimas:<\/strong> pagal pateikt\u0173 dokument\u0173 kiek\u012f mes \u012fvertinsime situacij\u0105 ir papra\u0161ysime padaryti papildom\u0105 depozit\u0105, kuris bus apytiksliai lygus planuojam\u0173 atlikti darb\u0173 kainai. Jeigu darbo eigoje atlikt\u0173 paslaug\u0173 suma art\u0117s prie \u012fne\u0161to depozito sumos, tuomet mes papra\u0161ysime \u012fmok\u0117ti papildom\u0105 depozit\u0105 ir i\u0161ra\u0161ysime atliktiems darbams s\u0105skait\u0105-fakt\u016br\u0105.<\/p>\n","protected":false},"featured_media":15931,"template":"","meta":{"_acf_changed":false,"_et_pb_use_builder":"","_et_pb_old_content":"","_et_gb_content_width":"","om_disable_all_campaigns":false,"_exactmetrics_skip_tracking":false,"_exactmetrics_sitenote_active":false,"_exactmetrics_sitenote_note":"","_exactmetrics_sitenote_category":0,"iawp_total_views":3},"product_brand":[],"product_cat":[161],"product_tag":[],"class_list":{"0":"post-16146","1":"product","2":"type-product","3":"status-publish","4":"has-post-thumbnail","6":"product_cat-buhgalterskie-uslugi","8":"first","9":"instock","10":"virtual","11":"sold-individually","12":"taxable","13":"purchasable","14":"product-type-simple"},"acf":[],"jetpack_sharing_enabled":true,"_links":{"self":[{"href":"https:\/\/mytax.lt\/ru\/wp-json\/wp\/v2\/product\/16146","targetHints":{"allow":["GET"]}}],"collection":[{"href":"https:\/\/mytax.lt\/ru\/wp-json\/wp\/v2\/product"}],"about":[{"href":"https:\/\/mytax.lt\/ru\/wp-json\/wp\/v2\/types\/product"}],"wp:featuredmedia":[{"embeddable":true,"href":"https:\/\/mytax.lt\/ru\/wp-json\/wp\/v2\/media\/15931"}],"wp:attachment":[{"href":"https:\/\/mytax.lt\/ru\/wp-json\/wp\/v2\/media?parent=16146"}],"wp:term":[{"taxonomy":"product_brand","embeddable":true,"href":"https:\/\/mytax.lt\/ru\/wp-json\/wp\/v2\/product_brand?post=16146"},{"taxonomy":"product_cat","embeddable":true,"href":"https:\/\/mytax.lt\/ru\/wp-json\/wp\/v2\/product_cat?post=16146"},{"taxonomy":"product_tag","embeddable":true,"href":"https:\/\/mytax.lt\/ru\/wp-json\/wp\/v2\/product_tag?post=16146"}],"curies":[{"name":"wp","href":"https:\/\/api.w.org\/{rel}","templated":true}]}}