{"id":14620,"date":"2020-12-22T15:14:20","date_gmt":"2020-12-22T15:14:20","guid":{"rendered":"https:\/\/mytax.lt\/produktas\/mb-steigimas\/"},"modified":"2025-11-06T16:20:17","modified_gmt":"2025-11-06T14:20:17","slug":"sozdanie-maloy-kompanii-mb","status":"publish","type":"product","link":"https:\/\/mytax.lt\/ru\/product\/sozdanie-maloy-kompanii-mb\/","title":{"rendered":"\u0421\u043e\u0437\u0434\u0430\u043d\u0438\u0435 \u043c\u0430\u043b\u043e\u0439 \u043a\u043e\u043c\u043f\u0430\u043d\u0438\u0438 (MB)"},"content":{"rendered":"<p>\u0421\u043e\u0437\u0434\u0430\u043d\u0438\u0435 \u043c\u0430\u043b\u043e\u0439 \u043a\u043e\u043c\u043f\u0430\u043d\u0438\u0438 (MB) \u2014 \u044d\u0442\u043e \u043f\u0435\u0440\u0432\u044b\u0439 \u0448\u0430\u0433 \u043a \u043e\u0444\u0438\u0446\u0438\u0430\u043b\u044c\u043d\u043e\u043c\u0443 \u0438 \u0431\u0435\u0437\u043e\u043f\u0430\u0441\u043d\u043e\u043c\u0443 \u043d\u0430\u0447\u0430\u043b\u0443 \u0441\u043e\u0431\u0441\u0442\u0432\u0435\u043d\u043d\u043e\u0433\u043e \u0431\u0438\u0437\u043d\u0435\u0441\u0430 \u0432 \u041b\u0438\u0442\u0432\u0435.<br \/>\n\u041c\u0430\u043b\u0430\u044f \u043a\u043e\u043c\u043f\u0430\u043d\u0438\u044f (MB) \u2014 \u0447\u0430\u0441\u0442\u043d\u043e\u0435 \u044e\u0440\u0438\u0434\u0438\u0447\u0435\u0441\u043a\u043e\u0435 \u043b\u0438\u0446\u043e \u0441 \u043e\u0433\u0440\u0430\u043d\u0438\u0447\u0435\u043d\u043d\u043e\u0439 \u043e\u0442\u0432\u0435\u0442\u0441\u0442\u0432\u0435\u043d\u043d\u043e\u0441\u0442\u044c\u044e, \u0433\u0434\u0435 \u0443\u0447\u0430\u0441\u0442\u043d\u0438\u043a\u0438 \u043d\u0435 \u043e\u0442\u0432\u0435\u0447\u0430\u044e\u0442 \u043f\u043e \u043e\u0431\u044f\u0437\u0430\u0442\u0435\u043b\u044c\u0441\u0442\u0432\u0430\u043c \u043a\u043e\u043c\u043f\u0430\u043d\u0438\u0438 \u043b\u0438\u0447\u043d\u044b\u043c \u0438\u043c\u0443\u0449\u0435\u0441\u0442\u0432\u043e\u043c.<\/p>\n<p>\u041f\u0440\u043e\u0446\u0435\u0441\u0441 \u0441\u043e\u0437\u0434\u0430\u043d\u0438\u044f MB \u0442\u0440\u0435\u0431\u0443\u0435\u0442 \u043e\u043f\u0440\u0435\u0434\u0435\u043b\u0451\u043d\u043d\u044b\u0445 \u0437\u043d\u0430\u043d\u0438\u0439 \u0438 \u0432\u0440\u0435\u043c\u0435\u043d\u0438, \u043e\u0434\u043d\u0430\u043a\u043e \u0441 \u043f\u043e\u043c\u043e\u0449\u044c\u044e \u0441\u043f\u0435\u0446\u0438\u0430\u043b\u0438\u0441\u0442\u043e\u0432 MyTax \u0432\u044b \u0441\u043c\u043e\u0436\u0435\u0442\u0435 \u0437\u0430\u0440\u0435\u0433\u0438\u0441\u0442\u0440\u0438\u0440\u043e\u0432\u0430\u0442\u044c \u043a\u043e\u043c\u043f\u0430\u043d\u0438\u044e \u0431\u044b\u0441\u0442\u0440\u043e, \u0443\u0434\u043e\u0431\u043d\u043e \u0438 \u0431\u0435\u0437 \u043b\u0438\u0447\u043d\u043e\u0433\u043e \u043f\u0440\u0438\u0441\u0443\u0442\u0441\u0442\u0432\u0438\u044f.<\/p>\n","protected":false},"excerpt":{"rendered":"<ul>\n<li>3-5 darbo dienos;<\/li>\n<li><strong>\u012e kain\u0105 \u012fskai\u010diuota\u00a0<\/strong>(mokes\u010diai, registracijos adresas);<\/li>\n<li>Steigimas elektroniniu b\u016bdu<\/li>\n<\/ul>\n","protected":false},"featured_media":14290,"template":"","meta":{"_acf_changed":false,"_et_pb_use_builder":"","_et_pb_old_content":"","_et_gb_content_width":"","om_disable_all_campaigns":false,"_exactmetrics_skip_tracking":false,"_exactmetrics_sitenote_active":false,"_exactmetrics_sitenote_note":"","_exactmetrics_sitenote_category":0,"iawp_total_views":24},"product_brand":[],"product_cat":[165],"product_tag":[],"class_list":{"0":"post-14620","1":"product","2":"type-product","3":"status-publish","4":"has-post-thumbnail","6":"product_cat-uchrezhdenie-kompanii","8":"first","9":"instock","10":"sale","11":"sold-individually","12":"taxable","13":"shipping-taxable","14":"purchasable","15":"product-type-simple"},"acf":[],"jetpack_sharing_enabled":true,"_links":{"self":[{"href":"https:\/\/mytax.lt\/ru\/wp-json\/wp\/v2\/product\/14620","targetHints":{"allow":["GET"]}}],"collection":[{"href":"https:\/\/mytax.lt\/ru\/wp-json\/wp\/v2\/product"}],"about":[{"href":"https:\/\/mytax.lt\/ru\/wp-json\/wp\/v2\/types\/product"}],"wp:featuredmedia":[{"embeddable":true,"href":"https:\/\/mytax.lt\/ru\/wp-json\/wp\/v2\/media\/14290"}],"wp:attachment":[{"href":"https:\/\/mytax.lt\/ru\/wp-json\/wp\/v2\/media?parent=14620"}],"wp:term":[{"taxonomy":"product_brand","embeddable":true,"href":"https:\/\/mytax.lt\/ru\/wp-json\/wp\/v2\/product_brand?post=14620"},{"taxonomy":"product_cat","embeddable":true,"href":"https:\/\/mytax.lt\/ru\/wp-json\/wp\/v2\/product_cat?post=14620"},{"taxonomy":"product_tag","embeddable":true,"href":"https:\/\/mytax.lt\/ru\/wp-json\/wp\/v2\/product_tag?post=14620"}],"curies":[{"name":"wp","href":"https:\/\/api.w.org\/{rel}","templated":true}]}}