{"id":7789,"date":"2021-11-11T14:20:06","date_gmt":"2021-11-11T12:20:06","guid":{"rendered":"https:\/\/mytax.lt\/?page_id=7789"},"modified":"2023-04-25T12:29:45","modified_gmt":"2023-04-25T10:29:45","slug":"imones-bankrotas","status":"publish","type":"page","link":"https:\/\/mytax.lt\/ru\/tinklarastis\/imones-bankrotas\/","title":{"rendered":"\u012emon\u0117s bankrotas"},"content":{"rendered":"<p><span style=\"font-weight: 400;\">Ne visk\u0105 \u012fmanoma numatyti ir kontroliuoti, o tai, kas priklauso ne nuo m\u016bs\u0173, pakeisti ne\u012fmanoma. Susiklos\u010dius nenumatytoms aplinkyb\u0117ms ir \u012fmonei dirbant nuostolingai ar atsiradus kitoms problemoms, kurios kelia daugiau r\u016bpes\u010di\u0173, nei teikia naudos, \u012fmonei skelbiamas bankrotas.<\/span><\/p>\n<p><span style=\"font-weight: 400;\">Bankrotas \u2013 \u012fmon\u0117s situacija, kuomet ji tampa nemoki ir teisme i\u0161kelta bankroto byla arba bankroto proced\u016bras vykdo kreditoriai.<\/span><\/p>\n<p><span style=\"font-weight: 400;\">Nors daugeliui bankrotas asocijuojasi su pabaiga ir nepasisekimu, bet kartais bankroto proced\u016bra yra i\u0161silaisvinimas ir geriausias sprendimo b\u016bdas, padedantis i\u0161spr\u0119sti problemas. Bankroto proced\u016bros yra reglamentuotos ir apra\u0161ytos Lietuvos Respublikos \u012fmoni\u0173 bankroto \u012fstatyme. \u0160i\u0105 proced\u016br\u0105, kaip ir visas kitas, geriausiai atlieka \u0161ioje srityje turintys patirties asmenys. Bankroto metu dar galima i\u0161saugoti dal\u012f turto, suma\u017einti kylan\u010dius r\u016bpes\u010dius ir i\u0161gauti kiek galima naudos.<\/span><\/p>\n<h2><b>Kokiu pagrindu galima inicijuoti \u012fmon\u0117s bankrot\u0105?<\/b><\/h2>\n<p><span style=\"font-weight: 400;\">Bankroto proced\u016bra gali b\u016bti atlikta su teismo \u012fsiki\u0161imu arba be jo. Bankroto byl\u0105 i\u0161kelti gali pats \u012fmon\u0117s savininkas, \u012fmon\u0117s administracijos vadovas arba kreditoriai. Kreditoriais laikomi visi fiziniai ir juridiniai asmenys, kurie turi teis\u0119 i\u0161 bankrutuojan\u010dios \u012fmon\u0117s gauti skol\u0105 ar kitus neatliktus \u012fsipareigojimus. Tarp kreditori\u0173 gali b\u016bti \u012fmon\u0117s darbuotojai, kurie laiku negauna atlygio u\u017e darb\u0105, taip pat valstyb\u0117s institucijos, kurios laiku negauna mokes\u010di\u0173 ar kit\u0173 b\u016btin\u0173 sumok\u0117ti prievoli\u0173. Ir visi kiti asmenys, su kuriais n\u0117ra atsiskaityta.<\/span><\/p>\n<p><span style=\"font-weight: 400;\">Kreditorius parei\u0161kim\u0105 teismui gali pateikti po trij\u0173 m\u0117nesi\u0173 nuo datos, kuomet \u012fsipareigojimas tur\u0117jo b\u016bti v\u0117liausiai \u012fvykdytas. Prie\u0161 pateikiant parei\u0161kim\u0105 teismui, reikia persp\u0117ti \u012fmon\u0117s administracij\u0105 ra\u0161tu. Persp\u0117jime nurodoma, d\u0117l koki\u0173 prievoli\u0173 nevykdymo kreipiamasi ir suteikiama bent 30 dien\u0173 laikotarpis \u0161ioms ne\u012fvykdytiems \u012fsipareigojimams atlikti. Jei ir po \u0161io persp\u0117jimo \u012fmon\u0117 nesiima veiksm\u0173, galima parei\u0161kim\u0105 perduoti teismui.<\/span><\/p>\n<p><span style=\"font-weight: 400;\">Jei \u012fmon\u0117 pati \u012fvertina, kad negal\u0117s atsiskaityti su kreditoriais, \u012f teism\u0105 gali kreiptis savininkas ar administracijos vadovas su pra\u0161ymu inicijuoti bankrot\u0105, taip pat reikia pateikti kreditori\u0173 s\u0105ra\u0161\u0105 su \u012fsipareigojimais bei kreditori\u0173 rekvizitais.<\/span><\/p>\n<h2><b>Bankroto bylos nagrin\u0117jimas<\/b><\/h2>\n<p><span style=\"font-weight: 400;\">Teismas, \u012fvertin\u0119s \u012fmon\u0117s situacij\u0105, patvirtina bankrutavimo fakt\u0105, bei priskiria \u012fmonei bankroto administratori\u0173. Taip pat, are\u0161tuojamas visas ilgalaikis \u012fmon\u0117s turtas, tad nuo teismo sprendimo \u012fmon\u0117s administracija juo disponuoti jau nebegali. Po bankroto patvirtinimo dienos kreditoriai yra persp\u0117jami ir gali reik\u0161ti reikalavimus atgauti turt\u0105.<\/span><\/p>\n<p><span style=\"font-weight: 400;\">Jei \u012fmonei nepareik\u0161ti turtiniai reikalavimai, bankroto procesas gali vykti be teismo pagalbos. Tokiu atveju renkamas kreditori\u0173 susirinkimas ir jame turi b\u016bti nuspr\u0119sta tartis taikiai arba nereik\u0161ti pretenzij\u0173. Jei pasirenkamas b\u016bdas be teismo, tolimesn\u012f proces\u0105 perima bankroto administratorius.<\/span><\/p>\n<p><span style=\"font-weight: 400;\">Bankrutuojan\u010dios \u012fmon\u0117s turtas yra perimamas bankroto administratoriaus. Jo pareiga i\u0161ie\u0161koti turt\u0105 i\u0161 skolinink\u0173, parduoti likus\u012f turt\u0105, tenkinti kreditori\u0173 reikalavimus. Jei \u012fmon\u0117 turi negr\u0105\u017eint\u0173 paskol\u0173 ar kit\u0173 finansini\u0173 \u012fsipareigojim\u0173, ai\u0161kinamasi d\u0117l paskolos garantijos s\u0105lyg\u0173 bei ie\u0161komas sprendimas. Bankroto administratorius yra \u012fpareigotas atlikti visas su bankrotu susijusias proced\u016bras, nuo paskyrimo dienos visi procesai vyksta tik su jo prie\u017ei\u016bra.<\/span><\/p>\n<h2><b>Bankroto at\u0161aukimas<\/b><\/h2>\n<p><span style=\"font-weight: 400;\">Yra galimyb\u0117 bankroto proces\u0105 nutraukti. Jei \u012fmon\u0117 staiga atsiskaito su visais kreditoriais arba visi kreditoriai atsiima savo reikalavimus ir teismas su tuo sutinka, bankroto byla nutraukiama. Dar gali b\u016bti pasira\u0161yta ir teismo patvirtinta taikos sutartis, tokiu atveju \u012fmon\u0117 privalo atsiskaityti su visais kreditoriais bei padengti pal\u016bkanas, o tada gali toliau vykdyti veikl\u0105.<\/span><\/p>\n<h2><b>Bankrotas \u2013 ne nuosprendis<\/b><\/h2>\n<p><span style=\"font-weight: 400;\">Da\u017eniausiai bankroto proced\u016bros n\u0117ra malonios. Visuomet, kai tenka ka\u017ek\u0105 prarasti ar atsisveikinti, n\u0117ra smagu. Vis d\u0117lto ir \u0161is procesas gali b\u016bti atliktas apsukriai ir teikti naud\u0105 ar bent su\u0161velninti padarinius.<\/span><\/p>\n","protected":false},"excerpt":{"rendered":"<p>Ne visk\u0105 \u012fmanoma numatyti ir kontroliuoti, o tai, kas priklauso ne nuo m\u016bs\u0173, pakeisti ne\u012fmanoma. Susiklos\u010dius nenumatytoms aplinkyb\u0117ms ir \u012fmonei dirbant nuostolingai ar atsiradus kitoms [&hellip;]<\/p>\n","protected":false},"author":3,"featured_media":0,"parent":5900,"menu_order":0,"comment_status":"closed","ping_status":"closed","template":"","meta":{"_acf_changed":false,"_et_pb_use_builder":"","_et_pb_old_content":"","_et_gb_content_width":"","om_disable_all_campaigns":false,"_exactmetrics_skip_tracking":false,"_exactmetrics_sitenote_active":false,"_exactmetrics_sitenote_note":"","_exactmetrics_sitenote_category":0,"iawp_total_views":5,"footnotes":""},"class_list":["post-7789","page","type-page","status-publish","hentry"],"acf":[],"jetpack_sharing_enabled":true,"_links":{"self":[{"href":"https:\/\/mytax.lt\/ru\/wp-json\/wp\/v2\/pages\/7789","targetHints":{"allow":["GET"]}}],"collection":[{"href":"https:\/\/mytax.lt\/ru\/wp-json\/wp\/v2\/pages"}],"about":[{"href":"https:\/\/mytax.lt\/ru\/wp-json\/wp\/v2\/types\/page"}],"author":[{"embeddable":true,"href":"https:\/\/mytax.lt\/ru\/wp-json\/wp\/v2\/users\/3"}],"replies":[{"embeddable":true,"href":"https:\/\/mytax.lt\/ru\/wp-json\/wp\/v2\/comments?post=7789"}],"version-history":[{"count":1,"href":"https:\/\/mytax.lt\/ru\/wp-json\/wp\/v2\/pages\/7789\/revisions"}],"predecessor-version":[{"id":7790,"href":"https:\/\/mytax.lt\/ru\/wp-json\/wp\/v2\/pages\/7789\/revisions\/7790"}],"up":[{"embeddable":true,"href":"https:\/\/mytax.lt\/ru\/wp-json\/wp\/v2\/pages\/5900"}],"wp:attachment":[{"href":"https:\/\/mytax.lt\/ru\/wp-json\/wp\/v2\/media?parent=7789"}],"curies":[{"name":"wp","href":"https:\/\/api.w.org\/{rel}","templated":true}]}}