{"id":7448,"date":"2021-06-14T14:04:25","date_gmt":"2021-06-14T12:04:25","guid":{"rendered":"https:\/\/mytax.lt\/?page_id=7448"},"modified":"2022-10-04T09:33:14","modified_gmt":"2022-10-04T07:33:14","slug":"2017-metu-darbo-laiko-kalendorius","status":"publish","type":"page","link":"https:\/\/mytax.lt\/ru\/darbo-laiko-kalendoriai\/2017-metu-darbo-laiko-kalendorius\/","title":{"rendered":"2017 met\u0173 darbo laiko kalendorius"},"content":{"rendered":"\n\n[et_pb_section fb_built=&#187;1&#8243; _builder_version=&#187;4.9.4&#8243; _module_preset=&#187;default&#187; custom_padding=&#187;0px||0px||false|false&#187;][et_pb_row _builder_version=&#187;4.9.4&#8243; _module_preset=&#187;default&#187;][et_pb_column type=&#187;4_4&#8243; _builder_version=&#187;4.9.4&#8243; _module_preset=&#187;default&#187;][et_pb_post_title meta=&#187;off&#187; _builder_version=&#187;4.9.4&#8243; title_font=&#187;Fira Sans|500|||||||&#187; title_font_size=&#187;44px&#187; background_color=&#187;rgba(0,0,0,0)&#187; min_height=&#187;71px&#187; custom_margin=&#187;||||false|false&#187; custom_padding=&#187;||||false|false&#187; global_module=&#187;4930&#8243; saved_tabs=&#187;all&#187;][\/et_pb_post_title][et_pb_text _builder_version=&#187;4.9.4&#8243; _module_preset=&#187;default&#187; hover_enabled=&#187;0&#8243; sticky_enabled=&#187;0&#8243;]<p>Atsisi\u0173sti kalendori\u0173 spauskite \u010dia: <a href=\"https:\/\/mytax.lt\/wp-content\/uploads\/2021\/06\/Darbo-laiko-kalendorius-2017.pdf\">2017 met\u0173 darbo laiko kalendorius<\/a><br \/>Kaip pad\u0117k\u0105 u\u017e kalendori\u0173 pra\u0161ome paspausti 10 \u017evaig\u017edu\u010di\u0173 \u010dia: <a href=\"https:\/\/rekvizitai.vz.lt\/imone\/garuda\/\" rel=\"nofollow noopener\" target=\"_blank\">https:\/\/rekvizitai.vz.lt\/imone\/garuda\/<\/a><\/p>\n<p>&nbsp;<\/p>[\/et_pb_text][et_pb_image src=&#187;https:\/\/mytax.lt\/wp-content\/uploads\/2021\/01\/Darbo-kalendorius-2017.png&#187; alt=&#187;2017 met\u0173 darbo laiko kalendorius&#187; title_text=&#187;Darbo kalendorius 2017&#8243; _builder_version=&#187;4.9.4&#8243; _module_preset=&#187;default&#187; hover_enabled=&#187;0&#8243; sticky_enabled=&#187;0&#8243;][\/et_pb_image][\/et_pb_column][\/et_pb_row][\/et_pb_section][et_pb_section fb_built=&#187;1&#8243; custom_padding_last_edited=&#187;on|desktop&#187; admin_label=&#187;FOOTER MAIN&#187; _builder_version=&#187;4.5.1&#8243; background_color=&#187;#111111&#8243; max_width_last_edited=&#187;off|desktop&#187; custom_margin=&#187;0px||||false|false&#187; custom_padding=&#187;0px||0px|&#187; custom_padding_tablet=&#187;0px||0px|&#187; custom_padding_phone=&#187;&#187; transparent_background=&#187;off&#187; make_fullwidth=&#187;off&#187; use_custom_width=&#187;off&#187; width_unit=&#187;on&#187; global_module=&#187;4791&#8243; saved_tabs=&#187;all&#187;][et_pb_row column_structure=&#187;1_4,1_4,1_4,1_4&#8243; use_custom_gutter=&#187;on&#187; gutter_width=&#187;1&#8243; make_equal=&#187;on&#187; column_padding_mobile=&#187;on&#187; custom_padding_last_edited=&#187;on|tablet&#187; disabled_on=&#187;on|on|off&#187; admin_label=&#187;Row&#187; _builder_version=&#187;4.5.1&#8243; background_size=&#187;initial&#187; background_position=&#187;top_left&#187; background_repeat=&#187;repeat&#187; width=&#187;100%&#187; max_width=&#187;1108px&#187; max_width_tablet=&#187;&#187; max_width_phone=&#187;&#187; max_width_last_edited=&#187;on|desktop&#187; custom_margin=&#187;0px||0px||false|false&#187; custom_margin_tablet=&#187;&#187; custom_margin_phone=&#187;&#187; custom_margin_last_edited=&#187;on|desktop&#187; custom_padding=&#187;45px||0px||false|false&#187; custom_padding_tablet=&#187;85px|25px|85px|25px|true|true&#187; custom_padding_phone=&#187;&#187; make_fullwidth=&#187;off&#187; use_custom_width=&#187;off&#187; width_unit=&#187;on&#187;][et_pb_column type=&#187;1_4&#8243; _builder_version=&#187;4.4.1&#8243; custom_padding=&#187;|||&#187; custom_css_main_element=&#187;width: 35%! important;&#187; custom_padding__hover=&#187;|||&#187; custom_css_main_element_last_edited=&#187;on|desktop&#187;][et_pb_text admin_label=&#187;Text&#187; module_id=&#187;footer&#187; _builder_version=&#187;4.5.1&#8243; text_font=&#187;Fira Sans||||||||&#187; text_text_color=&#187;#ffffff&#187; text_font_size=&#187;59px&#187; text_line_height=&#187;1.4em&#187; header_font=&#187;Fira Sans|700|||||||&#187; header_text_align=&#187;left&#187; header_3_font=&#187;||||||||&#187; header_3_text_color=&#187;#ffffff&#187; header_3_font_size=&#187;24px&#187; background_size=&#187;initial&#187; background_position=&#187;top_left&#187; background_repeat=&#187;repeat&#187; custom_margin=&#187;||8px||false|false&#187; use_border_color=&#187;off&#187; border_color=&#187;#ffffff&#187; border_style=&#187;solid&#187;]<h3>Kontaktai<\/h3>[\/et_pb_text][et_pb_divider divider_weight=&#187;3px&#187; _builder_version=&#187;4.4.1&#8243; width=&#187;70px&#187; width_tablet=&#187;&#187; width_phone=&#187;&#187; width_last_edited=&#187;on|desktop&#187; custom_margin=&#187;12px||||false|false&#187; custom_margin_tablet=&#187;&#187; custom_margin_phone=&#187;&#187; custom_margin_last_edited=&#187;on|desktop&#187; custom_css_before=&#187;border-radius: 25px;&#187;][\/et_pb_divider][et_pb_image src=&#187;https:\/\/mytax.lt\/wp-content\/uploads\/2020\/04\/Logo_sviesus.png&#187; alt=&#187;paveikslas&#187; admin_label=&#187;Logo&#187; _builder_version=&#187;4.5.1&#8243; width=&#187;52%&#187; max_width=&#187;55%&#187; module_alignment=&#187;left&#187; custom_margin=&#187;||20px||false|false&#187;][\/et_pb_image][et_pb_text admin_label=&#187;Text&#187; _builder_version=&#187;4.5.1&#8243; text_font=&#187;Fira Sans||||||||&#187; text_text_color=&#187;#999999&#8243; background_size=&#187;initial&#187; background_position=&#187;top_left&#187; background_repeat=&#187;repeat&#187; max_width=&#187;364px&#187; custom_margin=&#187;||-11px||false|false&#187; custom_margin_tablet=&#187;||10px|&#187; custom_margin_phone=&#187;&#187; custom_margin_last_edited=&#187;on|tablet&#187; custom_padding=&#187;0px||0px||false|false&#187; use_border_color=&#187;off&#187; border_color=&#187;#ffffff&#187; border_style=&#187;solid&#187;]<p>UAB \u201eGaruda\u201c Vytenio g. 6-301, 03113 Vilnius<br \/> \u012em.k.: 125506280 <br \/>Bankas: AB SEB bankas a\/s Nr.: LT607044060001512606 <br \/>Darbo laikas: I-V 08.00-17.00<\/p>[\/et_pb_text][et_pb_text admin_label=&#187;Kontaktai_tel el.pastas&#187; _builder_version=&#187;4.5.1&#8243; text_font=&#187;Fira Sans||||||||&#187; text_text_color=&#187;#ffffff&#187; text_font_size=&#187;16&#8243; text_line_height=&#187;1.5em&#187; background_size=&#187;initial&#187; background_position=&#187;top_left&#187; background_repeat=&#187;repeat&#187; max_width=&#187;300px&#187; custom_margin=&#187;||-16px||false|false&#187; custom_margin_tablet=&#187;||10px|&#187; custom_margin_phone=&#187;&#187; custom_margin_last_edited=&#187;on|tablet&#187; custom_padding=&#187;0px||0px|||&#187; use_border_color=&#187;off&#187; border_color=&#187;#ffffff&#187; border_style=&#187;solid&#187;]<p>+370 520 75751<br \/> <span class=\"reverse\">tl.xatym@ofni<\/span><\/p>[\/et_pb_text][et_pb_social_media_follow url_new_window=&#187;off&#187; use_icon_font_size=&#187;on&#187; icon_font_size=&#187;13px&#187; admin_label=&#187;Social Media Follow&#187; module_id=&#187;footer-social-icons&#187; module_class=&#187;footer-social-icons&#187; _builder_version=&#187;4.5.1&#8243; transform_scale_linked=&#187;off&#187; min_height=&#187;40px&#187; custom_margin=&#187;||||false|false&#187; custom_padding=&#187;20px||||false|false&#187; border_radii=&#187;on|100%|100%|100%|100%&#187; link_shape=&#187;circle&#187;][et_pb_social_media_follow_network social_network=&#187;facebook&#187; _builder_version=&#187;4.4.1&#8243; background_color=&#187;rgba(143,143,143,0.36)&#187; background_enable_color=&#187;on&#187; custom_margin=&#187;|2px|||false|false&#187; bg_color=&#187;#3b5998&#8243; link_shape=&#187;circle&#187; follow_button=&#187;off&#187; url_new_window=&#187;off&#187;]<p>facebook<\/p>[\/et_pb_social_media_follow_network][et_pb_social_media_follow_network social_network=&#187;twitter&#187; _builder_version=&#187;3.0.74&#8243; background_color=&#187;rgba(143,143,143,0.36)&#187; background_enable_color=&#187;on&#187; custom_margin=&#187;|2px|||false|false&#187; bg_color=&#187;#00aced&#187; link_shape=&#187;circle&#187; follow_button=&#187;off&#187; url_new_window=&#187;off&#187;]<p>Twitter<\/p>[\/et_pb_social_media_follow_network][et_pb_social_media_follow_network social_network=&#187;google-plus&#187; _builder_version=&#187;3.0.74&#8243; background_color=&#187;rgba(143,143,143,0.36)&#187; background_enable_color=&#187;on&#187; custom_margin=&#187;|2px|||false|false&#187; bg_color=&#187;#dd4b39&#8243; link_shape=&#187;circle&#187; follow_button=&#187;off&#187; url_new_window=&#187;off&#187;]<p>Google+<\/p>[\/et_pb_social_media_follow_network][et_pb_social_media_follow_network social_network=&#187;pinterest&#187; _builder_version=&#187;3.0.74&#8243; background_color=&#187;rgba(143,143,143,0.36)&#187; background_enable_color=&#187;on&#187; custom_margin=&#187;|2px|||false|false&#187; bg_color=&#187;#cb2027&#8243; link_shape=&#187;circle&#187; follow_button=&#187;off&#187; url_new_window=&#187;off&#187;]<p>Pinterest<\/p>[\/et_pb_social_media_follow_network][et_pb_social_media_follow_network social_network=&#187;youtube&#187; _builder_version=&#187;4.4.1&#8243; background_color=&#187;rgba(143,143,143,0.36)&#187; background_enable_color=&#187;on&#187; custom_margin=&#187;|2px|||false|false&#187; link_shape=&#187;circle&#187; follow_button=&#187;off&#187; url_new_window=&#187;off&#187;]youtube[\/et_pb_social_media_follow_network][\/et_pb_social_media_follow][et_pb_text admin_label=&#187;Text&#187; _builder_version=&#187;4.4.8&#8243; text_font=&#187;Fira Sans||||||||&#187; text_text_color=&#187;#aaaaaa&#187; text_font_size=&#187;12px&#187; text_line_height=&#187;1.5em&#187; background_size=&#187;initial&#187; background_position=&#187;top_left&#187; background_repeat=&#187;repeat&#187; max_width=&#187;300px&#187; custom_margin=&#187;19px||-11px||false|false&#187; custom_padding=&#187;0px|||&#187; use_border_color=&#187;off&#187; border_color=&#187;#ffffff&#187; border_style=&#187;solid&#187;]<p><strong><span class=\"color_price\">UAB &#171;GARUDA&#187;<\/span><\/strong> <span class=\"text-white\">\u00a9 2020. Visos teis\u0117s saugomos<\/span><\/p>[\/et_pb_text][\/et_pb_column][et_pb_column type=&#187;1_4&#8243; _builder_version=&#187;4.4.1&#8243; custom_css_main_element=&#187;width: 25%! important;&#187; custom_css_main_element_last_edited=&#187;on|desktop&#187;][et_pb_text content_tablet=&#187;&#187; content_phone=&#187;&#187; content_last_edited=&#187;on|desktop&#187; admin_label=&#187;Text&#187; _builder_version=&#187;4.5.1&#8243; text_font=&#187;Fira Sans||||||||&#187; text_text_color=&#187;#ffffff&#187; text_font_size=&#187;59px&#187; text_line_height=&#187;1.4em&#187; header_font=&#187;Fira Sans|700|||||||&#187; header_text_align=&#187;left&#187; header_3_font=&#187;||||||||&#187; header_3_text_color=&#187;#ffffff&#187; header_3_font_size=&#187;24px&#187; background_size=&#187;initial&#187; background_position=&#187;top_left&#187; background_repeat=&#187;repeat&#187; custom_margin=&#187;||8px||false|false&#187; use_border_color=&#187;off&#187; border_color=&#187;#ffffff&#187; border_style=&#187;solid&#187;]<h3>Naudingos nuorodos<\/h3>[\/et_pb_text][et_pb_divider divider_weight=&#187;3px&#187; _builder_version=&#187;4.4.1&#8243; width=&#187;70px&#187; width_tablet=&#187;&#187; width_phone=&#187;&#187; width_last_edited=&#187;on|desktop&#187; custom_margin=&#187;12px||||false|false&#187; custom_margin_tablet=&#187;&#187; custom_margin_phone=&#187;&#187; custom_margin_last_edited=&#187;on|desktop&#187; custom_css_before=&#187;border-radius: 25px;&#187;][\/et_pb_divider][et_pb_text module_class=&#187;pa-bullet-list-1 footer-links&#187; _builder_version=&#187;4.7.7&#8243; text_font=&#187;Fira Sans||||||||&#187; text_text_color=&#187;#000000&#8243; text_font_size=&#187;15px&#187; text_line_height=&#187;1.9em&#187; link_font=&#187;Fira Sans||||||||&#187; link_text_color=&#187;#aaa&#187; link_font_size=&#187;15px&#187; link_line_height=&#187;2.1em&#187; custom_margin=&#187;||30px|||&#187;]<ul>\n<li><a href=\"http:\/\/staging.mytax.lt\/\">Prad\u017eia<\/a><\/li>\n<li><a href=\"\/verslo-teise\/\">Paslaugos<\/a><\/li>\n<li><a href=\"\/apie-mus\/\">Apie mus<\/a><\/li>\n<li><a href=\"#\">M\u016bs\u0173 komanda<\/a><\/li>\n<li><a href=\"\/kodel-imone-geriau\/\">Kod\u0117l \u012fmon\u0117 geriau?<\/a><\/li>\n<li><a href=\"\/naujienos\/\">Naujienos<\/a><\/li>\n<li><a href=\"\/kontaktai\/\">Kontaktai<\/a><\/li>\n<\/ul>[\/et_pb_text][\/et_pb_column][et_pb_column type=&#187;1_4&#8243; _builder_version=&#187;4.4.1&#8243; custom_css_main_element=&#187;width: 25%! important;&#187; custom_css_main_element_last_edited=&#187;on|desktop&#187;][et_pb_text admin_label=&#187;Text&#187; _builder_version=&#187;4.5.1&#8243; text_font=&#187;Fira Sans||||||||&#187; text_text_color=&#187;#ffffff&#187; text_font_size=&#187;59px&#187; text_line_height=&#187;1.4em&#187; header_font=&#187;Fira Sans|700|||||||&#187; header_text_align=&#187;left&#187; header_3_font=&#187;||||||||&#187; header_3_text_color=&#187;#ffffff&#187; header_3_font_size=&#187;24px&#187; background_size=&#187;initial&#187; background_position=&#187;top_left&#187; background_repeat=&#187;repeat&#187; custom_margin=&#187;||8px||false|false&#187; use_border_color=&#187;off&#187; border_color=&#187;#ffffff&#187; border_style=&#187;solid&#187;]<h3>Naujienos<\/h3>[\/et_pb_text][et_pb_divider divider_weight=&#187;3px&#187; _builder_version=&#187;4.4.8&#8243; width=&#187;70px&#187; width_tablet=&#187;&#187; width_phone=&#187;&#187; width_last_edited=&#187;on|desktop&#187; custom_margin=&#187;12px||||false|false&#187; custom_margin_tablet=&#187;&#187; custom_margin_phone=&#187;&#187; custom_margin_last_edited=&#187;on|desktop&#187; custom_css_before=&#187;border-radius: 25px;&#187;][\/et_pb_divider][et_pb_sidebar area=&#187;et_pb_widget_area_4&#8243; show_border=&#187;off&#187; admin_label=&#187;Footer &#8212; recent posts&#187; module_id=&#187;rpwwt-widget&#187; _builder_version=&#187;4.7.7&#8243; _module_preset=&#187;default&#187; header_font=&#187;||||||||&#187; header_text_align=&#187;left&#187; header_text_color=&#187;#000000&#8243; body_text_align=&#187;left&#187; body_text_color=&#187;#CCCCC6&#8243; body_font_size=&#187;15px&#187; text_orientation=&#187;left&#187; background_layout=&#187;dark&#187; custom_margin=&#187;||||false|false&#187; custom_padding=&#187;||||false|false&#187; background_layout__hover_enabled=&#187;off|desktop&#187;][\/et_pb_sidebar][\/et_pb_column][et_pb_column type=&#187;1_4&#8243; _builder_version=&#187;4.4.1&#8243; custom_css_main_element=&#187;width: 15%! important;&#187; custom_css_main_element_last_edited=&#187;on|desktop&#187;][et_pb_text admin_label=&#187;Text&#187; _builder_version=&#187;4.5.1&#8243; text_font=&#187;Fira Sans||||||||&#187; text_text_color=&#187;#ffffff&#187; text_font_size=&#187;59px&#187; text_line_height=&#187;1.4em&#187; header_font=&#187;Fira Sans|700|||||||&#187; header_text_align=&#187;left&#187; header_3_font=&#187;||||||||&#187; header_3_text_color=&#187;#ffffff&#187; header_3_font_size=&#187;24px&#187; background_size=&#187;initial&#187; background_position=&#187;top_left&#187; background_repeat=&#187;repeat&#187; custom_margin=&#187;||8px||false|false&#187; use_border_color=&#187;off&#187; border_color=&#187;#ffffff&#187; border_style=&#187;solid&#187;]<h3>Paslaugos<\/h3>[\/et_pb_text][et_pb_divider divider_weight=&#187;3px&#187; _builder_version=&#187;4.4.1&#8243; width=&#187;70px&#187; width_tablet=&#187;&#187; width_phone=&#187;&#187; width_last_edited=&#187;on|desktop&#187; custom_margin=&#187;12px||||false|false&#187; custom_margin_tablet=&#187;&#187; custom_margin_phone=&#187;&#187; custom_margin_last_edited=&#187;on|desktop&#187; custom_css_before=&#187;border-radius: 25px;&#187;][\/et_pb_divider][et_pb_text module_class=&#187;footer-tags&#187; _builder_version=&#187;4.7.7&#8243; text_font=&#187;Fira Sans||||||||&#187; text_text_color=&#187;#ffffff&#187; text_font_size=&#187;11px&#187; text_line_height=&#187;0em&#187; min_height=&#187;278px&#187; custom_margin=&#187;0px||0px||false|false&#187; custom_padding=&#187;0px||0px||false|false&#187;]<p><a href=\"\/parduotuve\/\">\u012emoni\u0173 pardavimas<\/a><\/p>\n<p><a href=\"\/imoniu-steigimas\/\">\u012emoni\u0173 steigimas<\/a><\/p>\n<p><a href=\"\/buhalterine-apskaita\/\">Buhalterin\u0117 apskaita<\/a><\/p>\n<p><a href=\"\/verslo-teise\/\">Verslo teis\u0117<\/a><\/p>\n<p><a href=\"\/migracijos-paslaugos\/\">Migracijos paslaugos<\/a>[\/et_pb_text][\/et_pb_column][\/et_pb_row][et_pb_row column_structure=&#187;1_3,1_3,1_3&#8243; use_custom_gutter=&#187;on&#187; gutter_width=&#187;1&#8243; make_equal=&#187;on&#187; disabled_on=&#187;off|off|on&#187; module_id=&#187;mobile-buttons&#187; _builder_version=&#187;4.7.7&#8243; width=&#187;100%&#187; custom_margin=&#187;||-20px||false|false&#187; custom_padding=&#187;0px||0px||false|false&#187; custom_css_main_element=&#187;display: flex;||bottom: 0px;||z-index: 99;||position:fixed;&#187;][et_pb_column type=&#187;1_3&#8243; _builder_version=&#187;4.4.6&#8243;][et_pb_blurb use_icon=&#187;on&#187; font_icon=&#187;%%238%%&#187; use_icon_font_size=&#187;on&#187; icon_font_size=&#187;20px&#187; icon_alignment_last_edited=&#187;off|phone&#187; _builder_version=&#187;4.7.7&#8243; header_font=&#187;Work Sans||||||||&#187; header_text_align=&#187;center&#187; header_text_color=&#187;#ffffff&#187; header_letter_spacing=&#187;-1px&#187; background_color=&#187;rgba(214,214,214,0.8)&#187; custom_margin=&#187;0px||||false|false&#187; custom_padding=&#187;15px||0px||false|false&#187; link_option_url=&#187;mailto:info@staging.mytax.lt&#187; border_radii=&#187;off|15px|15px||&#187; box_shadow_style=&#187;preset1&#8243; box_shadow_blur=&#187;80px&#187;][\/et_pb_blurb][\/et_pb_column][et_pb_column type=&#187;1_3&#8243; _builder_version=&#187;4.4.6&#8243;][et_pb_blurb use_icon=&#187;on&#187; font_icon=&#187;%%264%%&#187; use_icon_font_size=&#187;on&#187; icon_font_size=&#187;20px&#187; _builder_version=&#187;4.7.7&#8243; header_font=&#187;Work Sans||||||||&#187; header_text_align=&#187;center&#187; header_text_color=&#187;#ffffff&#187; header_letter_spacing=&#187;-1px&#187; background_color=&#187;rgba(214,214,214,0.8)&#187; custom_margin=&#187;0px||||false|false&#187; custom_padding=&#187;15px||0px||false|false&#187; link_option_url=&#187;tel:+37064609999&#8243; border_radii=&#187;off|15px|15px||&#187; box_shadow_style=&#187;preset1&#8243; box_shadow_blur=&#187;80px&#187;][\/et_pb_blurb][\/et_pb_column][et_pb_column type=&#187;1_3&#8243; _builder_version=&#187;4.4.6&#8243;][et_pb_blurb use_icon=&#187;on&#187; font_icon=&#187;%%250%%&#187; use_icon_font_size=&#187;on&#187; icon_font_size=&#187;20px&#187; _builder_version=&#187;4.7.7&#8243; header_font=&#187;Work Sans||||||||&#187; header_text_align=&#187;center&#187; header_text_color=&#187;#ffffff&#187; header_letter_spacing=&#187;-1px&#187; background_color=&#187;rgba(214,214,214,0.8)&#187; custom_margin=&#187;0px||||false|false&#187; custom_padding=&#187;15px||0px||false|false&#187; link_option_url=&#187;https:\/\/goo.gl\/maps\/5ZCuE3hX178Zqet26&#8243; border_radii=&#187;off|15px|15px||&#187; box_shadow_style=&#187;preset1&#8243; box_shadow_blur=&#187;80px&#187;][\/et_pb_blurb][\/et_pb_column][\/et_pb_row][\/et_pb_section]\n\n","protected":false},"excerpt":{"rendered":"<p>Atsisi\u0173sti kalendori\u0173 spauskite \u010dia: 2017 met\u0173 darbo laiko kalendoriusKaip pad\u0117k\u0105 u\u017e kalendori\u0173 pra\u0161ome paspausti 10 \u017evaig\u017edu\u010di\u0173 \u010dia: https:\/\/rekvizitai.vz.lt\/imone\/garuda\/ &nbsp;KontaktaiUAB \u201eGaruda\u201c Vytenio g. 6-301, 03113 Vilnius [&hellip;]<\/p>\n","protected":false},"author":1,"featured_media":0,"parent":7465,"menu_order":0,"comment_status":"closed","ping_status":"closed","template":"","meta":{"_acf_changed":false,"_et_pb_use_builder":"on","_et_pb_old_content":"","_et_gb_content_width":"","om_disable_all_campaigns":false,"_exactmetrics_skip_tracking":false,"_exactmetrics_sitenote_active":false,"_exactmetrics_sitenote_note":"","_exactmetrics_sitenote_category":0,"iawp_total_views":22,"footnotes":""},"class_list":["post-7448","page","type-page","status-publish","hentry"],"acf":[],"jetpack_sharing_enabled":true,"_links":{"self":[{"href":"https:\/\/mytax.lt\/ru\/wp-json\/wp\/v2\/pages\/7448","targetHints":{"allow":["GET"]}}],"collection":[{"href":"https:\/\/mytax.lt\/ru\/wp-json\/wp\/v2\/pages"}],"about":[{"href":"https:\/\/mytax.lt\/ru\/wp-json\/wp\/v2\/types\/page"}],"author":[{"embeddable":true,"href":"https:\/\/mytax.lt\/ru\/wp-json\/wp\/v2\/users\/1"}],"replies":[{"embeddable":true,"href":"https:\/\/mytax.lt\/ru\/wp-json\/wp\/v2\/comments?post=7448"}],"version-history":[{"count":3,"href":"https:\/\/mytax.lt\/ru\/wp-json\/wp\/v2\/pages\/7448\/revisions"}],"predecessor-version":[{"id":7473,"href":"https:\/\/mytax.lt\/ru\/wp-json\/wp\/v2\/pages\/7448\/revisions\/7473"}],"up":[{"embeddable":true,"href":"https:\/\/mytax.lt\/ru\/wp-json\/wp\/v2\/pages\/7465"}],"wp:attachment":[{"href":"https:\/\/mytax.lt\/ru\/wp-json\/wp\/v2\/media?parent=7448"}],"curies":[{"name":"wp","href":"https:\/\/api.w.org\/{rel}","templated":true}]}}