{"id":7419,"date":"2021-06-14T13:18:03","date_gmt":"2021-06-14T11:18:03","guid":{"rendered":"https:\/\/mytax.lt\/?page_id=7419"},"modified":"2025-04-07T07:56:59","modified_gmt":"2025-04-07T05:56:59","slug":"2019-metu-darbo-laiko-kalendorius","status":"publish","type":"page","link":"https:\/\/mytax.lt\/ru\/darbo-laiko-kalendoriai\/2019-metu-darbo-laiko-kalendorius\/","title":{"rendered":"2019 met\u0173 darbo laiko kalendorius"},"content":{"rendered":"<p>[et_pb_section fb_built=&#187;1&#8243; custom_padding_last_edited=&#187;on|phone&#187; module_class=&#187;custom-gradient-section&#187; _builder_version=&#187;4.27.4&#8243; _module_preset=&#187;default&#187; min_height=&#187;517.8px&#187; custom_margin_tablet=&#187;&#187; custom_margin_phone=&#187;0px|0px|0px|0px|true|true&#187; custom_margin_last_edited=&#187;on|phone&#187; custom_padding=&#187;37px||37px||true|false&#187; custom_padding_tablet=&#187;37px||37px||true|false&#187; custom_padding_phone=&#187;0px|0px|0px|0px|true|true&#187; locked=&#187;off&#187; collapsed=&#187;on&#187; global_colors_info=&#187;{}&#187;][et_pb_row column_structure=&#187;1_2,1_2&#8243; custom_padding_last_edited=&#187;on|phone&#187; _builder_version=&#187;4.27.4&#8243; _module_preset=&#187;default&#187; width=&#187;100%&#187; width_tablet=&#187;75%&#187; width_phone=&#187;100%&#187; width_last_edited=&#187;on|phone&#187; max_width=&#187;1175px&#187; module_alignment=&#187;center&#187; custom_margin=&#187;|auto|36px|auto|false|false&#187; custom_margin_tablet=&#187;|auto|36px|auto|false|false&#187; custom_margin_phone=&#187;0px|0px|0px|0px|true|true&#187; custom_margin_last_edited=&#187;on|phone&#187; custom_padding=&#187;|15px|30px|15px|false|true&#187; custom_padding_tablet=&#187;||30px||false|false&#187; custom_padding_phone=&#187;0px|0px|0px|0px|true|true&#187; custom_css_main_element=&#187;display: flex;||flex-wrap: wrap;&#187; global_colors_info=&#187;{}&#187;][et_pb_column type=&#187;1_2&#8243; _builder_version=&#187;4.27.4&#8243; _module_preset=&#187;default&#187; global_colors_info=&#187;{}&#187; custom_css_main_element_last_edited=&#187;on|desktop&#187; custom_css_main_element_tablet=&#187;order: 2;&#187; custom_css_main_element_phone=&#187;order: 2;&#187;][et_pb_text admin_label=&#187;Text&#187; _builder_version=&#187;4.27.4&#8243; _dynamic_attributes=&#187;content&#187; _module_preset=&#187;default&#187; header_font=&#187;|700|||||||&#187; header_text_color=&#187;#000000&#8243; min_height=&#187;44px&#187; custom_margin=&#187;107px||||false|false&#187; custom_margin_tablet=&#187;107px||||false|false&#187; custom_margin_phone=&#187;50px||||false|false&#187; custom_margin_last_edited=&#187;on|phone&#187; custom_padding_tablet=&#187;&#187; custom_padding_phone=&#187;|20px||20px|false|true&#187; custom_padding_last_edited=&#187;on|phone&#187; header_text_align_tablet=&#187;&#187; header_text_align_phone=&#187;center&#187; header_text_align_last_edited=&#187;on|phone&#187; header_font_size_tablet=&#187;&#187; header_font_size_phone=&#187;50px&#187; header_font_size_last_edited=&#187;on|phone&#187; global_colors_info=&#187;{}&#187;]@ET-DC@eyJkeW5hbWljIjp0cnVlLCJjb250ZW50IjoicG9zdF90aXRsZSIsInNldHRpbmdzIjp7ImJlZm9yZSI6IjxoMT4iLCJhZnRlciI6IjwvaDE+In19@[\/et_pb_text][et_pb_text admin_label=&#187;Text&#187; _builder_version=&#187;4.27.4&#8243; _module_preset=&#187;default&#187; header_4_line_height=&#187;1.2em&#187; min_height=&#187;121px&#187; custom_margin=&#187;30px||||false|false&#187; custom_margin_tablet=&#187;58px||||false|false&#187; custom_margin_phone=&#187;58px||||false|false&#187; custom_margin_last_edited=&#187;on|desktop&#187; custom_padding_tablet=&#187;&#187; custom_padding_phone=&#187;|50px||50px|false|true&#187; custom_padding_last_edited=&#187;on|phone&#187; text_font_size_tablet=&#187;1.5em&#187; text_font_size_phone=&#187;1em&#187; text_font_size_last_edited=&#187;on|phone&#187; global_colors_info=&#187;{}&#187;]Atsisi\u0173sti kalendori\u0173 spauskite \u010dia: <a href=\"https:\/\/mytax.lt\/wp-content\/uploads\/2025\/04\/Darbo-laiko-kalendorius-2019.pdf\">2019 met\u0173 darbo laiko kalendorius<\/a><\/p>\n<p>Kaip pad\u0117k\u0105 u\u017e kalendori\u0173 pra\u0161ome \u012fvertinti \u010dia: <a href=\"https:\/\/rekvizitai.vz.lt\/imone\/garuda\/\" rel=\"nofollow noopener\" target=\"_blank\">https:\/\/rekvizitai.vz.lt\/imone\/garuda\/<\/a>[\/et_pb_text][\/et_pb_column][et_pb_column type=&#187;1_2&#8243; _builder_version=&#187;4.27.4&#8243; _module_preset=&#187;default&#187; global_colors_info=&#187;{}&#187; custom_css_main_element_last_edited=&#187;on|desktop&#187; custom_css_main_element_tablet=&#187;order: 1;&#187; custom_css_main_element_phone=&#187;order: 1;&#187;][et_pb_image src=&#187;@ET-DC@eyJkeW5hbWljIjp0cnVlLCJjb250ZW50IjoicG9zdF9mZWF0dXJlZF9pbWFnZSIsInNldHRpbmdzIjp7fX0=@&#187; _builder_version=&#187;4.27.4&#8243; _dynamic_attributes=&#187;src&#187; _module_preset=&#187;default&#187; width=&#187;100%&#187; max_width=&#187;100%&#187; height=&#187;594px&#187; max_height=&#187;358px&#187; border_radii=&#187;on|10px|10px|10px|10px&#187; border_radii_tablet=&#187;on||||&#187; border_radii_phone=&#187;on||||&#187; border_radii_last_edited=&#187;on|phone&#187; global_colors_info=&#187;{}&#187;][\/et_pb_image][\/et_pb_column][\/et_pb_row][\/et_pb_section][et_pb_section fb_built=&#187;1&#8243; _builder_version=&#187;4.16&#8243; _module_preset=&#187;default&#187; custom_padding=&#187;0px||0px||false|false&#187; global_colors_info=&#187;{}&#187;][et_pb_row _builder_version=&#187;4.16&#8243; _module_preset=&#187;default&#187; width=&#187;100%&#187; max_width=&#187;1175px&#187; module_alignment=&#187;center&#187; custom_padding=&#187;|15px||15px|false|true&#187; global_colors_info=&#187;{}&#187;][et_pb_column type=&#187;4_4&#8243; _builder_version=&#187;4.16&#8243; _module_preset=&#187;default&#187; global_colors_info=&#187;{}&#187;][et_pb_image alt=&#187;2019 met\u0173 darbo laiko kalendorius&#187; title_text=&#187;Kalendorius2019&#8243; _builder_version=&#187;4.27.4&#8243; _module_preset=&#187;default&#187; hover_enabled=&#187;0&#8243; global_colors_info=&#187;{}&#187; sticky_enabled=&#187;0&#8243;][\/et_pb_image][\/et_pb_column][\/et_pb_row][\/et_pb_section][et_pb_section fb_built=&#187;1&#8243; admin_label=&#187;Norite gauti kokybi\u0161kas paslaugas?&#187; _builder_version=&#187;4.27.4&#8243; width=&#187;100%&#187; max_width=&#187;1170px&#187; module_alignment=&#187;center&#187; custom_margin=&#187;0px||||false|false&#187; custom_padding=&#187;36px|15px|26px|15px|false|true&#187; global_module=&#187;10883&#8243; saved_tabs=&#187;all&#187; locked=&#187;off&#187; collapsed=&#187;on&#187; global_colors_info=&#187;{}&#187;][et_pb_row column_structure=&#187;2_3,1_3&#8243; _builder_version=&#187;4.16&#8243; width=&#187;75%&#187; width_tablet=&#187;80%&#187; width_phone=&#187;100%&#187; width_last_edited=&#187;on|phone&#187; max_width=&#187;1108px&#187; custom_padding=&#187;20px||||false|false&#187; global_colors_info=&#187;{}&#187;][et_pb_column type=&#187;2_3&#8243; _builder_version=&#187;4.16&#8243; custom_padding=&#187;|||&#187; global_colors_info=&#187;{}&#187; custom_padding__hover=&#187;|||&#187;][et_pb_text _builder_version=&#187;4.27.4&#8243; text_font=&#187;Public Sans|600|||||||&#187; text_text_color=&#187;#111&#8243; text_font_size=&#187;20px&#187; header_text_align=&#187;center&#187; header_font_size=&#187;41px&#187; header_6_font=&#187;Fira Sans||||||||&#187; header_6_font_size=&#187;25px&#187; text_orientation_tablet=&#187;center&#187; text_orientation_phone=&#187;center&#187; text_orientation_last_edited=&#187;on|phone&#187; global_colors_info=&#187;{}&#187;]<\/p>\n<p>Norite gauti profesional\u0173 po\u017ei\u016br\u012f ir kokybi\u0161kas paslaugas ?<\/p>\n<p>[\/et_pb_text][et_pb_divider divider_weight=&#187;3px&#187; disabled_on=&#187;off|off|off&#187; _builder_version=&#187;4.27.4&#8243; transform_scale=&#187;88%|88%&#187; width=&#187;100px&#187; width_tablet=&#187;25%&#187; width_phone=&#187;30%&#187; width_last_edited=&#187;on|tablet&#187; max_width=&#187;54%&#187; module_alignment=&#187;left&#187; custom_margin=&#187;1px||||false|false&#187; custom_margin_tablet=&#187;-11px||||false|false&#187; custom_margin_phone=&#187;-15px||||false|false&#187; custom_margin_last_edited=&#187;on|phone&#187; module_alignment_tablet=&#187;center&#187; module_alignment_phone=&#187;&#187; module_alignment_last_edited=&#187;on|phone&#187; custom_css_before=&#187;border-radius: 25px;&#187; global_colors_info=&#187;{}&#187; custom_css_main_element_last_edited=&#187;on|desktop&#187; custom_css_after_last_edited=&#187;on|desktop&#187; custom_margin__hover_enabled=&#187;off|desktop&#187;][\/et_pb_divider][\/et_pb_column][et_pb_column type=&#187;1_3&#8243; _builder_version=&#187;4.16&#8243; custom_padding=&#187;|||&#187; global_colors_info=&#187;{}&#187; custom_padding__hover=&#187;|||&#187;][et_pb_button button_url=&#187;\/kontaktai\/&#187; button_text=&#187;Susisiekite su mumis \u0161iandien&#187; button_alignment=&#187;center&#187; button_alignment_tablet=&#187;center&#187; button_alignment_phone=&#187;center&#187; button_alignment_last_edited=&#187;on|phone&#187; disabled_on=&#187;off|off|off&#187; module_class=&#187;et_pb_button&#187; _builder_version=&#187;4.27.4&#8243; custom_button=&#187;on&#187; button_text_size=&#187;13px&#187; button_border_radius=&#187;21px&#187; button_font=&#187;Fira Sans|600|||||||&#187; custom_padding=&#187;11px|22px|11px|22px|false|false&#187; mix_blend_mode=&#187;difference&#187; global_colors_info=&#187;{}&#187; button_bg_color__hover=&#187;#000000&#8243; button_bg_color__hover_enabled=&#187;on|hover&#187;][\/et_pb_button][\/et_pb_column][\/et_pb_row][\/et_pb_section]<\/p>\n","protected":false},"excerpt":{"rendered":"<p>Atsisi\u0173sti kalendori\u0173 spauskite \u010dia: 2019 met\u0173 darbo laiko kalendorius Kaip pad\u0117k\u0105 u\u017e kalendori\u0173 pra\u0161ome \u012fvertinti \u010dia: https:\/\/rekvizitai.vz.lt\/imone\/garuda\/Norite gauti profesional\u0173 po\u017ei\u016br\u012f ir kokybi\u0161kas paslaugas ?<\/p>\n","protected":false},"author":1,"featured_media":11783,"parent":7465,"menu_order":0,"comment_status":"closed","ping_status":"closed","template":"","meta":{"_acf_changed":false,"_et_pb_use_builder":"on","_et_pb_old_content":"","_et_gb_content_width":"","om_disable_all_campaigns":false,"_exactmetrics_skip_tracking":false,"_exactmetrics_sitenote_active":false,"_exactmetrics_sitenote_note":"","_exactmetrics_sitenote_category":0,"iawp_total_views":5,"footnotes":""},"class_list":["post-7419","page","type-page","status-publish","has-post-thumbnail","hentry"],"acf":[],"jetpack_sharing_enabled":true,"_links":{"self":[{"href":"https:\/\/mytax.lt\/ru\/wp-json\/wp\/v2\/pages\/7419","targetHints":{"allow":["GET"]}}],"collection":[{"href":"https:\/\/mytax.lt\/ru\/wp-json\/wp\/v2\/pages"}],"about":[{"href":"https:\/\/mytax.lt\/ru\/wp-json\/wp\/v2\/types\/page"}],"author":[{"embeddable":true,"href":"https:\/\/mytax.lt\/ru\/wp-json\/wp\/v2\/users\/1"}],"replies":[{"embeddable":true,"href":"https:\/\/mytax.lt\/ru\/wp-json\/wp\/v2\/comments?post=7419"}],"version-history":[{"count":10,"href":"https:\/\/mytax.lt\/ru\/wp-json\/wp\/v2\/pages\/7419\/revisions"}],"predecessor-version":[{"id":14880,"href":"https:\/\/mytax.lt\/ru\/wp-json\/wp\/v2\/pages\/7419\/revisions\/14880"}],"up":[{"embeddable":true,"href":"https:\/\/mytax.lt\/ru\/wp-json\/wp\/v2\/pages\/7465"}],"wp:featuredmedia":[{"embeddable":true,"href":"https:\/\/mytax.lt\/ru\/wp-json\/wp\/v2\/media\/11783"}],"wp:attachment":[{"href":"https:\/\/mytax.lt\/ru\/wp-json\/wp\/v2\/media?parent=7419"}],"curies":[{"name":"wp","href":"https:\/\/api.w.org\/{rel}","templated":true}]}}