{"id":1955,"date":"2019-09-22T14:28:51","date_gmt":"2019-09-22T13:28:51","guid":{"rendered":"https:\/\/mytax.lt\/?page_id=1955"},"modified":"2025-01-26T05:17:59","modified_gmt":"2025-01-26T03:17:59","slug":"imoniu-veiklos-teisine-prieziura","status":"publish","type":"page","link":"https:\/\/mytax.lt\/ru\/imoniu-veiklos-teisine-prieziura\/","title":{"rendered":"\u012emoni\u0173 veiklos teisin\u0117 prie\u017ei\u016bra"},"content":{"rendered":"<p>[et_pb_section admin_label=&#187;section&#187;]<br \/>\n\t\t\t[et_pb_row admin_label=&#187;row&#187;]<br \/>\n\t\t\t\t[et_pb_column type=&#187;4_4&#8243;][et_pb_text admin_label=&#187;Text&#187;]<\/p>\n<div class=\"entry-content clearfix\">\n<ul>\n<li>Teisin\u0117s konsultacijos<\/li>\n<li>\u012emoni\u0173 steigimas<\/li>\n<li>\u012emoni\u0173 pardavimas<\/li>\n<li>Filial\u0173 ir atstovybi\u0173 steigimas<\/li>\n<li>Steigimo dokument\u0173 ir \u012fmon\u0117s duomen\u0173 keitimas<\/li>\n<li>\u012estatinio kapitalo didinimas ir ma\u017einimas<\/li>\n<li>Pertvarkymas, reorganizavimas ir atskyrimas<\/li>\n<li>\u012emon\u0117s vidaus dokument\u0173 rengimas ir nuolatin\u0117 teisin\u0117 prie\u017ei\u016bra<\/li>\n<li>\u012emoni\u0173 likvidavimas<\/li>\n<li>Sutar\u010di\u0173 rengimas ir analiz\u0117<\/li>\n<li>Fizini\u0173 ir juridini\u0173 asmen\u0173 atstovavimas<\/li>\n<li>Procesini\u0173 ir kit\u0173 teisini\u0173 dokument\u0173 rengimas<\/li>\n<\/ul>\n<\/div>\n<p>[\/et_pb_text][\/et_pb_column]<br \/>\n\t\t\t[\/et_pb_row]<br \/>\n\t\t[\/et_pb_section]<\/p>\n","protected":false},"excerpt":{"rendered":"<p>Teisin\u0117s konsultacijos \u012emoni\u0173 steigimas \u012emoni\u0173 pardavimas Filial\u0173 ir atstovybi\u0173 steigimas Steigimo dokument\u0173 ir \u012fmon\u0117s duomen\u0173 keitimas \u012estatinio kapitalo didinimas ir ma\u017einimas Pertvarkymas, reorganizavimas ir atskyrimas [&hellip;]<\/p>\n","protected":false},"author":1,"featured_media":0,"parent":0,"menu_order":0,"comment_status":"closed","ping_status":"closed","template":"","meta":{"_acf_changed":false,"_et_pb_use_builder":"on","_et_pb_old_content":"<div class=\"entry-content clearfix\">\n<ul>\n \t<li>Teisin\u0117s konsultacijos<\/li>\n \t<li>\u012emoni\u0173 steigimas<\/li>\n \t<li>\u012emoni\u0173 pardavimas<\/li>\n \t<li>Filial\u0173 ir atstovybi\u0173 steigimas<\/li>\n \t<li>Steigimo dokument\u0173 ir \u012fmon\u0117s duomen\u0173 keitimas<\/li>\n \t<li>\u012estatinio kapitalo didinimas ir ma\u017einimas<\/li>\n \t<li>Pertvarkymas, reorganizavimas ir atskyrimas<\/li>\n \t<li>\u012emon\u0117s vidaus dokument\u0173 rengimas ir nuolatin\u0117 teisin\u0117 prie\u017ei\u016bra<\/li>\n \t<li>\u012emoni\u0173 likvidavimas<\/li>\n \t<li>Sutar\u010di\u0173 rengimas ir analiz\u0117<\/li>\n \t<li>Fizini\u0173 ir juridini\u0173 asmen\u0173 atstovavimas<\/li>\n \t<li>Procesini\u0173 ir kit\u0173 teisini\u0173 dokument\u0173 rengimas<\/li>\n<\/ul>\n<\/div>","_et_gb_content_width":"","om_disable_all_campaigns":false,"_exactmetrics_skip_tracking":false,"_exactmetrics_sitenote_active":false,"_exactmetrics_sitenote_note":"","_exactmetrics_sitenote_category":0,"iawp_total_views":6,"footnotes":""},"class_list":["post-1955","page","type-page","status-publish","hentry"],"acf":[],"jetpack_sharing_enabled":true,"_links":{"self":[{"href":"https:\/\/mytax.lt\/ru\/wp-json\/wp\/v2\/pages\/1955","targetHints":{"allow":["GET"]}}],"collection":[{"href":"https:\/\/mytax.lt\/ru\/wp-json\/wp\/v2\/pages"}],"about":[{"href":"https:\/\/mytax.lt\/ru\/wp-json\/wp\/v2\/types\/page"}],"author":[{"embeddable":true,"href":"https:\/\/mytax.lt\/ru\/wp-json\/wp\/v2\/users\/1"}],"replies":[{"embeddable":true,"href":"https:\/\/mytax.lt\/ru\/wp-json\/wp\/v2\/comments?post=1955"}],"version-history":[{"count":1,"href":"https:\/\/mytax.lt\/ru\/wp-json\/wp\/v2\/pages\/1955\/revisions"}],"predecessor-version":[{"id":12296,"href":"https:\/\/mytax.lt\/ru\/wp-json\/wp\/v2\/pages\/1955\/revisions\/12296"}],"wp:attachment":[{"href":"https:\/\/mytax.lt\/ru\/wp-json\/wp\/v2\/media?parent=1955"}],"curies":[{"name":"wp","href":"https:\/\/api.w.org\/{rel}","templated":true}]}}