{"id":17123,"date":"2025-11-07T13:55:14","date_gmt":"2025-11-07T11:55:14","guid":{"rendered":"https:\/\/mytax.lt\/?page_id=17123"},"modified":"2025-11-07T14:01:50","modified_gmt":"2025-11-07T12:01:50","slug":"atidejinys","status":"publish","type":"page","link":"https:\/\/mytax.lt\/ru\/finansiniu-terminu-zodynas\/atidejinys\/","title":{"rendered":"Atid\u0117jinys"},"content":{"rendered":"<p>[et_pb_section fb_built=&#187;1&#8243; custom_padding_last_edited=&#187;on|desktop&#187; module_class=&#187;custom-gradient-section&#187; _builder_version=&#187;4.27.4&#8243; _module_preset=&#187;default&#187; min_height=&#187;517.8px&#187; custom_padding=&#187;37px||37px||true|false&#187; custom_padding_tablet=&#187;37px||37px||true|false&#187; custom_padding_phone=&#187;0px|0px|0px|0px|true|true&#187; da_disable_devices=&#187;off|off|off&#187; locked=&#187;off&#187; collapsed=&#187;off&#187; global_colors_info=&#187;{}&#187; da_is_popup=&#187;off&#187; da_exit_intent=&#187;off&#187; da_has_close=&#187;on&#187; da_alt_close=&#187;off&#187; da_dark_close=&#187;off&#187; da_not_modal=&#187;on&#187; da_is_singular=&#187;off&#187; da_with_loader=&#187;off&#187; da_has_shadow=&#187;on&#187;][et_pb_row column_structure=&#187;1_2,1_2&#8243; custom_padding_last_edited=&#187;on|phone&#187; _builder_version=&#187;4.27.4&#8243; _module_preset=&#187;default&#187; width=&#187;100%&#187; width_tablet=&#187;75%&#187; width_phone=&#187;100%&#187; width_last_edited=&#187;on|phone&#187; max_width=&#187;1170px&#187; module_alignment=&#187;center&#187; custom_margin=&#187;||||false|false&#187; custom_margin_tablet=&#187;||||false|false&#187; custom_margin_phone=&#187;0px|0px|0px|0px|true|true&#187; custom_margin_last_edited=&#187;on|phone&#187; custom_padding=&#187;|15px||15px|false|true&#187; custom_padding_tablet=&#187;||||false|false&#187; custom_padding_phone=&#187;0px|0px|0px|0px|true|true&#187; custom_css_main_element=&#187;display: flex;||flex-wrap: wrap;&#187; locked=&#187;off&#187; global_colors_info=&#187;{}&#187; custom_css_main_element_last_edited=&#187;on|desktop&#187; custom_css_main_element_tablet=&#187;display: flex;||flex-wrap: wrap;&#187; custom_css_main_element_phone=&#187;display: flex;||flex-wrap: wrap;&#187;][et_pb_column type=&#187;1_2&#8243; _builder_version=&#187;4.27.4&#8243; _module_preset=&#187;default&#187; global_colors_info=&#187;{}&#187; custom_css_main_element_last_edited=&#187;on|phone&#187; custom_css_main_element_tablet=&#187;order: 2;&#187; custom_css_main_element_phone=&#187;order: 2;&#187;][et_pb_text admin_label=&#187;Post Title&#187; _builder_version=&#187;4.27.4&#8243; _dynamic_attributes=&#187;content&#187; _module_preset=&#187;default&#187; header_font=&#187;|700|||||||&#187; header_text_color=&#187;#000000&#8243; header_font_size=&#187;3em&#187; custom_margin=&#187;50px||||false|false&#187; custom_margin_tablet=&#187;50px||||false|false&#187; custom_margin_phone=&#187;||||false|true&#187; custom_margin_last_edited=&#187;on|phone&#187; custom_padding_tablet=&#187;&#187; custom_padding_phone=&#187;|40px||40px|false|true&#187; custom_padding_last_edited=&#187;on|phone&#187; global_colors_info=&#187;{}&#187;]@ET-DC@eyJkeW5hbWljIjp0cnVlLCJjb250ZW50IjoicG9zdF90aXRsZSIsInNldHRpbmdzIjp7ImJlZm9yZSI6IjxIMT4iLCJhZnRlciI6IjwvSDE+In19@[\/et_pb_text][\/et_pb_column][et_pb_column type=&#187;1_2&#8243; _builder_version=&#187;4.27.4&#8243; _module_preset=&#187;default&#187; global_colors_info=&#187;{}&#187; custom_css_main_element_last_edited=&#187;on|phone&#187; custom_css_main_element_tablet=&#187;order: 1;&#187; custom_css_main_element_phone=&#187;order: 1;&#187;][et_pb_image src=&#187;@ET-DC@eyJkeW5hbWljIjp0cnVlLCJjb250ZW50IjoicG9zdF9mZWF0dXJlZF9pbWFnZSIsInNldHRpbmdzIjp7fX0=@&#187; _builder_version=&#187;4.27.4&#8243; _dynamic_attributes=&#187;src&#187; _module_preset=&#187;default&#187; width=&#187;100%&#187; max_width=&#187;100%&#187; height=&#187;594px&#187; max_height=&#187;358px&#187; border_radii=&#187;on|10px|10px|10px|10px&#187; border_radii_tablet=&#187;on|10px|10px|10px|10px&#187; border_radii_phone=&#187;on|0px|0px|0px|0px&#187; border_radii_last_edited=&#187;on|phone&#187; global_colors_info=&#187;{}&#187;][\/et_pb_image][\/et_pb_column][\/et_pb_row][\/et_pb_section][et_pb_section fb_built=&#187;1&#8243; _builder_version=&#187;4.27.4&#8243; custom_padding=&#187;||0px|||&#187; da_disable_devices=&#187;off|off|off&#187; locked=&#187;off&#187; global_colors_info=&#187;{}&#187; da_is_popup=&#187;off&#187; da_exit_intent=&#187;off&#187; da_has_close=&#187;on&#187; da_alt_close=&#187;off&#187; da_dark_close=&#187;off&#187; da_not_modal=&#187;on&#187; da_is_singular=&#187;off&#187; da_with_loader=&#187;off&#187; da_has_shadow=&#187;on&#187;][et_pb_row _builder_version=&#187;4.27.4&#8243; _module_preset=&#187;default&#187; global_colors_info=&#187;{}&#187;][et_pb_column type=&#187;4_4&#8243; _builder_version=&#187;4.27.4&#8243; _module_preset=&#187;default&#187; global_colors_info=&#187;{}&#187;][et_pb_text _builder_version=&#187;4.27.4&#8243; _module_preset=&#187;default&#187; text_font=&#187;Fira Sans|300|||||||&#187; global_colors_info=&#187;{}&#187;]<\/p>\n<p><strong><span>Atid\u0117jinys<\/span><\/strong><span> \u2013 tai \u012fmon\u0117s \u012fsipareigojimas, kurio tiksli \u012fvykdymo suma arba terminas n\u0117ra \u017einomi, ta\u010diau jie gali b\u016bti patikimai \u012fvertinti pagal turim\u0105 informacij\u0105. Atid\u0117jiniai padeda tiksliau atspind\u0117ti \u012fmon\u0117s finansin\u0119 pad\u0117t\u012f ir b\u016bsimus \u012fsipareigojimus.<\/span><\/p>\n<p><span>Atid\u0117jiniai apskaitoje pripa\u017e\u012fstami, kai tenkinamos visos \u0161ios s\u0105lygos:<\/span><\/p>\n<ol>\n<li><span>\u012emon\u0117 turi teisin\u012f \u012fpareigojim\u0105 arba neat\u0161aukiam\u0105 pasi\u017ead\u0117jim\u0105, atsiradus\u012f d\u0117l praeities \u012fvyki\u0173.<\/span><\/li>\n<li><span>Yra tikimyb\u0117, kad \u0161iam \u012fpareigojimui \u012fvykdyti reik\u0117s panaudoti \u012fmon\u0117s turt\u0105.<\/span><\/li>\n<li><span>\u012esipareigojimo suma gali b\u016bti patikimai \u012fvertinta.<\/span><\/li>\n<\/ol>\n<p><span>Atid\u0117jiniais gali b\u016bti pripa\u017e\u012fstami \u0161ie \u012fsipareigojimai:<\/span><\/p>\n<ul>\n<li><span>tik\u0117tin\u0173 baud\u0173 sumok\u0117jimas;<\/span><\/li>\n<li><span>suteikt\u0173 garantij\u0173 vykdymas;<\/span><\/li>\n<li><span>\u017ealos gamtai kompensavimas;<\/span><\/li>\n<li><span>aplinkos sutvarkymas nutraukus veikl\u0105 ar gamyb\u0105;<\/span><\/li>\n<li><span>galiojan\u010di\u0173 sutar\u010di\u0173 nuostoli\u0173 kompensavimas;<\/span><\/li>\n<li><span>restrukt\u016brizavimo s\u0105naud\u0173 kompensavimas, kai yra pakankamai \u012frodym\u0173, jog restrukt\u016brizacija tikrai bus vykdoma.<\/span><\/li>\n<\/ul>\n<p><span>\u00a0<\/span><\/p>\n<p><span>Atid\u0117jiniais gali b\u016bti pripa\u017e\u012fstami \u012fsipareigojimai, jeigu jie atitinka bendruosius atid\u0117jini\u0173 pripa\u017einimo po\u017eymius. Pavyzd\u017eiai:<\/span><\/p>\n<ol>\n<li><span>Tik\u0117tin\u0173 baud\u0173 sumok\u0117jimas;<\/span><\/li>\n<li><span>Suteikt\u0173 garantij\u0173 vykdymas;<\/span><\/li>\n<li><span>\u017dalos gamtai kompensavimas;<\/span><\/li>\n<li><span>Aplinkos sutvarkymas nutraukus gamyb\u0105;<\/span><\/li>\n<li><span>Galiojan\u010di\u0173 sutar\u010di\u0173 nuostoli\u0173 kompensavimas;<\/span><\/li>\n<li><span>Restrukt\u016brizavimo s\u0105naud\u0173 kompensavimas, kai yra pakankamai \u012frodym\u0173, jog restrukt\u016brizacija bus vykdoma.<\/span><\/li>\n<\/ol>\n<p><span>Pavyzdiniame s\u0105skait\u0173 plane ir balanse atid\u0117jiniai skirstomi \u012f tris grupes:<\/span><\/p>\n<ul>\n<li><span>Pensij\u0173 ir pana\u0161i\u0173 \u012fsipareigojim\u0173 atid\u0117jiniai \u2013 juose parodomos pensij\u0173 bei kito ilgalaikio atlygio darbuotojams sumos. \u0160i\u0173 \u012fsipareigojim\u0173 apskait\u0105 reglamentuoja 31-asis verslo apskaitos standartas \u201eAtlygis darbuotojui\u201c.<\/span><\/li>\n<li><span>Mokes\u010di\u0173 atid\u0117jiniai \u2013 \u010dia pateikiami atid\u0117tojo pelno mokes\u010dio \u012fsipareigojimai ir kiti su mokes\u010diais susij\u0119 \u012fsipareigojimai, kuri\u0173 suma ar \u012fvykdymo data dar n\u0117ra tiksliai \u017einoma. J\u0173 pripa\u017einimo taisykles nustato 24-asis verslo apskaitos standartas \u201ePelno mokestis\u201c.<\/span><\/li>\n<li><span>Kiti atid\u0117jiniai \u2013 apima \u012fvairius ilgalaikius \u012fsipareigojimus ir atid\u0117jinius, susijusius su \u012fmon\u0117s veikla, pavyzd\u017eiui, tik\u0117tinoms baudoms, garantiniams \u012fsipareigojimams ar \u017ealai gamtai kompensuoti. \u0160iuos reikalavimus nustato 19-asis verslo apskaitos standartas \u201eAtid\u0117jiniai, neapibr\u0117\u017etieji \u012fsipareigojimai ir turtas bei poataskaitiniai \u012fvykiai\u201c.<\/span><\/li>\n<\/ul>\n<p>&nbsp;<\/p>\n<p>[\/et_pb_text][\/et_pb_column][\/et_pb_row][\/et_pb_section][et_pb_section fb_built=&#187;1&#8243; custom_padding_last_edited=&#187;on|phone&#187; admin_label=&#187;Registracija susitikimui&#187; _builder_version=&#187;4.27.4&#8243; _module_preset=&#187;default&#187; width=&#187;100%&#187; max_width=&#187;1170px&#187; module_alignment=&#187;center&#187; custom_margin=&#187;0px||||false|false&#187; custom_padding=&#187;36px|15px|26px|15px|false|true&#187; custom_padding_tablet=&#187;&#187; custom_padding_phone=&#187;36px|1rem|26px|1rem|false|true&#187; da_disable_devices=&#187;off|off|off&#187; global_module=&#187;16806&#8243; saved_tabs=&#187;all&#187; locked=&#187;off&#187; collapsed=&#187;on&#187; global_colors_info=&#187;{}&#187; da_is_popup=&#187;off&#187; da_exit_intent=&#187;off&#187; da_has_close=&#187;on&#187; da_alt_close=&#187;off&#187; da_dark_close=&#187;off&#187; da_not_modal=&#187;on&#187; da_is_singular=&#187;off&#187; da_with_loader=&#187;off&#187; da_has_shadow=&#187;on&#187;][et_pb_row _builder_version=&#187;4.27.4&#8243; _module_preset=&#187;default&#187; width_tablet=&#187;&#187; width_phone=&#187;100%&#187; width_last_edited=&#187;on|phone&#187; global_colors_info=&#187;{}&#187;][et_pb_column type=&#187;4_4&#8243; _builder_version=&#187;4.27.4&#8243; _module_preset=&#187;default&#187; global_colors_info=&#187;{}&#187;][et_pb_text _builder_version=&#187;4.27.4&#8243; _module_preset=&#187;default&#187; text_font=&#187;|600|||||||&#187; text_font_size=&#187;84px&#187; text_line_height=&#187;1.2em&#187; text_font_size_tablet=&#187;&#187; text_font_size_phone=&#187;50px&#187; text_font_size_last_edited=&#187;on|phone&#187; text_orientation_tablet=&#187;&#187; text_orientation_phone=&#187;center&#187; text_orientation_last_edited=&#187;on|phone&#187; global_colors_info=&#187;{}&#187;]<\/p>\n<p>Nuo pirmo \u017eingsnio iki stabilaus verslo augimo<\/p>\n<p>[\/et_pb_text][et_pb_text _builder_version=&#187;4.27.4&#8243; _module_preset=&#187;default&#187; text_orientation_tablet=&#187;&#187; text_orientation_phone=&#187;center&#187; text_orientation_last_edited=&#187;on|phone&#187; global_colors_info=&#187;{}&#187;]<\/p>\n<p>Registruokit\u0117s pokalbiui jums patogiu metu ir su\u017einokite, kaip m\u016bs\u0173 buhalterin\u0117s paslaugos gali pad\u0117ti u\u017etikrinti tvar\u0173 finansin\u012f augim\u0105.<\/p>\n<p>[\/et_pb_text][et_pb_button button_url=&#187;https:\/\/calendar.google.com\/calendar\/u\/0\/appointments\/schedules\/AcZssZ0bXo3wAw0fJRaSYoLIfLcGJxa-1UJAzVUYmmlFCQ7qJOnvGEo1CWofjfU1avNYDEvJZajtSlIM&#187; url_new_window=&#187;on&#187; button_text=&#187;Registruotis&#187; button_alignment=&#187;center&#187; _builder_version=&#187;4.27.4&#8243; _module_preset=&#187;default&#187; global_colors_info=&#187;{}&#187;][\/et_pb_button][\/et_pb_column][\/et_pb_row][\/et_pb_section]<\/p>\n","protected":false},"excerpt":{"rendered":"<p>Atid\u0117jinys \u2013 tai \u012fmon\u0117s \u012fsipareigojimas, kurio tiksli \u012fvykdymo suma arba terminas n\u0117ra \u017einomi, ta\u010diau jie gali b\u016bti patikimai \u012fvertinti pagal turim\u0105 informacij\u0105. Atid\u0117jiniai padeda tiksliau [&hellip;]<\/p>\n","protected":false},"author":22,"featured_media":12560,"parent":12580,"menu_order":0,"comment_status":"closed","ping_status":"closed","template":"","meta":{"_acf_changed":false,"_et_pb_use_builder":"on","_et_pb_old_content":"","_et_gb_content_width":"","om_disable_all_campaigns":false,"_exactmetrics_skip_tracking":false,"_exactmetrics_sitenote_active":false,"_exactmetrics_sitenote_note":"","_exactmetrics_sitenote_category":0,"iawp_total_views":41,"footnotes":""},"class_list":["post-17123","page","type-page","status-publish","has-post-thumbnail","hentry"],"acf":[],"jetpack_sharing_enabled":true,"_links":{"self":[{"href":"https:\/\/mytax.lt\/ru\/wp-json\/wp\/v2\/pages\/17123","targetHints":{"allow":["GET"]}}],"collection":[{"href":"https:\/\/mytax.lt\/ru\/wp-json\/wp\/v2\/pages"}],"about":[{"href":"https:\/\/mytax.lt\/ru\/wp-json\/wp\/v2\/types\/page"}],"author":[{"embeddable":true,"href":"https:\/\/mytax.lt\/ru\/wp-json\/wp\/v2\/users\/22"}],"replies":[{"embeddable":true,"href":"https:\/\/mytax.lt\/ru\/wp-json\/wp\/v2\/comments?post=17123"}],"version-history":[{"count":3,"href":"https:\/\/mytax.lt\/ru\/wp-json\/wp\/v2\/pages\/17123\/revisions"}],"predecessor-version":[{"id":17127,"href":"https:\/\/mytax.lt\/ru\/wp-json\/wp\/v2\/pages\/17123\/revisions\/17127"}],"up":[{"embeddable":true,"href":"https:\/\/mytax.lt\/ru\/wp-json\/wp\/v2\/pages\/12580"}],"wp:featuredmedia":[{"embeddable":true,"href":"https:\/\/mytax.lt\/ru\/wp-json\/wp\/v2\/media\/12560"}],"wp:attachment":[{"href":"https:\/\/mytax.lt\/ru\/wp-json\/wp\/v2\/media?parent=17123"}],"curies":[{"name":"wp","href":"https:\/\/api.w.org\/{rel}","templated":true}]}}