{"id":17118,"date":"2025-11-07T13:20:22","date_gmt":"2025-11-07T11:20:22","guid":{"rendered":"https:\/\/mytax.lt\/?page_id=17118"},"modified":"2025-11-07T14:07:54","modified_gmt":"2025-11-07T12:07:54","slug":"biologinis-turtas","status":"publish","type":"page","link":"https:\/\/mytax.lt\/ru\/finansiniu-terminu-zodynas\/biologinis-turtas\/","title":{"rendered":"Biologinis turtas"},"content":{"rendered":"<p>[et_pb_section fb_built=&#187;1&#8243; custom_padding_last_edited=&#187;on|desktop&#187; module_class=&#187;custom-gradient-section&#187; _builder_version=&#187;4.27.4&#8243; _module_preset=&#187;default&#187; min_height=&#187;517.8px&#187; custom_padding=&#187;37px||37px||true|false&#187; custom_padding_tablet=&#187;37px||37px||true|false&#187; custom_padding_phone=&#187;0px|0px|0px|0px|true|true&#187; da_disable_devices=&#187;off|off|off&#187; locked=&#187;off&#187; collapsed=&#187;off&#187; global_colors_info=&#187;{}&#187; da_is_popup=&#187;off&#187; da_exit_intent=&#187;off&#187; da_has_close=&#187;on&#187; da_alt_close=&#187;off&#187; da_dark_close=&#187;off&#187; da_not_modal=&#187;on&#187; da_is_singular=&#187;off&#187; da_with_loader=&#187;off&#187; da_has_shadow=&#187;on&#187;][et_pb_row column_structure=&#187;1_2,1_2&#8243; custom_padding_last_edited=&#187;on|phone&#187; _builder_version=&#187;4.27.4&#8243; _module_preset=&#187;default&#187; width=&#187;75%&#187; width_tablet=&#187;&#187; width_phone=&#187;100%&#187; width_last_edited=&#187;on|phone&#187; custom_margin=&#187;|auto|36px|auto|false|false&#187; custom_margin_tablet=&#187;|auto|36px|auto|false|false&#187; custom_margin_phone=&#187;0px|0px|0px|0px|true|true&#187; custom_margin_last_edited=&#187;on|phone&#187; custom_padding=&#187;||30px||false|false&#187; custom_padding_tablet=&#187;||30px||false|false&#187; custom_padding_phone=&#187;0px|0px|0px|0px|true|true&#187; custom_css_main_element=&#187;display: flex;||flex-wrap: wrap;&#187; border_radii_tablet=&#187;&#187; border_radii_phone=&#187;on||||&#187; border_radii_last_edited=&#187;on|phone&#187; global_colors_info=&#187;{}&#187;][et_pb_column type=&#187;1_2&#8243; _builder_version=&#187;4.27.4&#8243; _module_preset=&#187;default&#187; global_colors_info=&#187;{}&#187; custom_css_main_element_last_edited=&#187;on|phone&#187; custom_css_main_element_tablet=&#187;order: 2;&#187; custom_css_main_element_phone=&#187;order: 2;&#187;][et_pb_text admin_label=&#187;Text&#187; _builder_version=&#187;4.27.4&#8243; _module_preset=&#187;default&#187; header_font=&#187;|700|||||||&#187; header_text_color=&#187;#000000&#8243; min_height=&#187;44px&#187; custom_margin=&#187;107px||||false|false&#187; custom_margin_tablet=&#187;107px||||false|false&#187; custom_margin_phone=&#187;50px||||false|false&#187; custom_margin_last_edited=&#187;on|phone&#187; header_font_size_tablet=&#187;&#187; header_font_size_phone=&#187;50px&#187; header_font_size_last_edited=&#187;on|phone&#187; global_colors_info=&#187;{}&#187;]<\/p>\n<h1 style=\"text-align: center;\">Biologinis turtas<\/h1>\n<p>[\/et_pb_text][\/et_pb_column][et_pb_column type=&#187;1_2&#8243; _builder_version=&#187;4.27.4&#8243; _module_preset=&#187;default&#187; global_colors_info=&#187;{}&#187; custom_css_main_element_last_edited=&#187;on|desktop&#187; custom_css_main_element_tablet=&#187;order: 1;&#187; custom_css_main_element_phone=&#187;order: 1;&#187;][et_pb_image src=&#187;@ET-DC@eyJkeW5hbWljIjp0cnVlLCJjb250ZW50IjoicG9zdF9mZWF0dXJlZF9pbWFnZSIsInNldHRpbmdzIjp7fX0=@&#187; _builder_version=&#187;4.27.4&#8243; _dynamic_attributes=&#187;src&#187; _module_preset=&#187;default&#187; width=&#187;100%&#187; max_width=&#187;100%&#187; height=&#187;594px&#187; max_height=&#187;358px&#187; border_radii=&#187;on|10px|10px|10px|10px&#187; border_radii_tablet=&#187;on|10px|10px|10px|10px&#187; border_radii_phone=&#187;on|0px|0px|0px|0px&#187; border_radii_last_edited=&#187;on|phone&#187; global_colors_info=&#187;{}&#187;][\/et_pb_image][\/et_pb_column][\/et_pb_row][\/et_pb_section][et_pb_section fb_built=&#187;1&#8243; _builder_version=&#187;4.27.4&#8243; custom_padding=&#187;||0px|||&#187; da_disable_devices=&#187;off|off|off&#187; locked=&#187;off&#187; global_colors_info=&#187;{}&#187; da_is_popup=&#187;off&#187; da_exit_intent=&#187;off&#187; da_has_close=&#187;on&#187; da_alt_close=&#187;off&#187; da_dark_close=&#187;off&#187; da_not_modal=&#187;on&#187; da_is_singular=&#187;off&#187; da_with_loader=&#187;off&#187; da_has_shadow=&#187;on&#187;][et_pb_row admin_label=&#187;Row&#187; _builder_version=&#187;4.27.4&#8243; _module_preset=&#187;default&#187; global_colors_info=&#187;{}&#187;][et_pb_column type=&#187;4_4&#8243; _builder_version=&#187;4.27.4&#8243; _module_preset=&#187;default&#187; global_colors_info=&#187;{}&#187;][et_pb_text admin_label=&#187;Text&#187; _builder_version=&#187;4.27.4&#8243; _module_preset=&#187;default&#187; text_font=&#187;Fira Sans|300|||||||&#187; global_colors_info=&#187;{}&#187;]<\/p>\n<p><strong><span>Biologinis turtas<\/span><\/strong><span> \u2013 tai \u012fmon\u0117s valdomi, naudojami ir disponuojami gyv\u016bnai bei augalai, turintys ekonomin\u0119 vert\u0119 ir naudojami pajamoms u\u017edirbti ar \u017eem\u0117s \u016bkio veiklai vykdyti.<\/span><\/p>\n<p><span>\u0160i metodika taikoma biologinio turto registravimui apskaitoje, \u012fkainojimui ir pateikimui finansin\u0117se ataskaitose, kai turtas naudojamas \u017eem\u0117s \u016bkio veikloje, taip pat pirm\u0105 kart\u0105 pripa\u017e\u012fstant i\u0161 jo gautus \u017eem\u0117s \u016bkio produktus.<br \/>Maisto produkt\u0173 gamyba i\u0161 ne savo \u016bkyje u\u017eaugint\u0173 \u017eem\u0117s \u016bkio produkt\u0173 nelaikoma \u017eem\u0117s \u016bkio veikla.<\/span><\/p>\n<p><span>Biologinio turto ir \u017eem\u0117s \u016bkio produkt\u0173 pripa\u017einimo kriterijai:<\/span><\/p>\n<ol>\n<li><span>\u012emon\u0117 valdo, naudoja ir (arba) disponuoja \u0161iuo turtu d\u0117l praeities \u012fvyki\u0173.<\/span><\/li>\n<li><span>Tik\u0117tina, kad \u0161is turtas ateityje suteiks ekonomin\u0117s naudos.<\/span><\/li>\n<li><span>Turto ar \u017eem\u0117s \u016bkio produkt\u0173 vert\u0117 gali b\u016bti patikimai nustatyta.<\/span><\/li>\n<\/ol>\n<p><span>Metodika netaikoma \u0161iais atvejais:<\/span><\/p>\n<ol>\n<li><span>Ne \u017eem\u0117s \u016bkio veiklai naudojamam biologiniam turtui.<\/span><\/li>\n<ul>\n<li><span>Jei toks turtas atitinka 12-ojo VAS \u201eIlgalaikis materialusis turtas\u201c kriterijus, jis registruojamas pagal ilgalaikio turto metodik\u0105 ir balanse rodomas kaip ilgalaikis turtas.<\/span><\/li>\n<li><span>Jei turtas neatitinka \u0161i\u0173 kriterij\u0173, jis registruojamas pagal Atsarg\u0173 metodikos nuostatas arba jo \u012fsigijimo i\u0161laidos pripa\u017e\u012fstamos veiklos s\u0105naudomis.<\/span><\/li>\n<\/ul>\n<li><span>\u017dem\u0117s \u016bkio produkt\u0173 apskaitai po pirminio j\u0173 pripa\u017einimo ir perdirbt\u0173 produkt\u0173, gaut\u0173 i\u0161 biologinio turto, apskaitai \u2013 \u010dia taikoma Atsarg\u0173 metodika.<\/span><\/li>\n<li><span>\u017dem\u0117s, naudojamos \u017eem\u0117s \u016bkio veikloje, apskaitai.<\/span><\/li>\n<\/ol>\n<p><span>Biologinio turto pavyzd\u017eiai:<\/span><\/p>\n<p><span>Biologiniam turtui priskiriami gyv\u016bnai ir augalai, skirti parduoti ar naudoti \u012fmon\u0117s veikloje, pavyzd\u017eiui, laikomi d\u0117l veisimo, derliaus ar \u017eem\u0117s \u016bkio produkt\u0173 gavimo.<br \/>\u017dem\u0117s \u016bkio produktai gaunami atskyrus juos nuo biologinio turto (pvz., nuskynus vaisius) arba nutraukus gyv\u016bn\u0173 ar augal\u0173 gyvybinius procesus (pvz., nuk\u016blus javus, paskerdus gyvulius).<\/span><\/p>\n<p>[\/et_pb_text][et_pb_button button_url=&#187;https:\/\/mytax.lt\/kontaktai\/&#187; button_text=&#187;SUSISIEKITE&#187; _builder_version=&#187;4.27.4&#8243; _module_preset=&#187;default&#187; global_colors_info=&#187;{}&#187;][\/et_pb_button][\/et_pb_column][\/et_pb_row][\/et_pb_section][et_pb_section fb_built=&#187;1&#8243; admin_label=&#187;Norite gauti kokybi\u0161kas paslaugas?&#187; _builder_version=&#187;4.27.4&#8243; width=&#187;100%&#187; max_width=&#187;1170px&#187; module_alignment=&#187;center&#187; custom_margin=&#187;0px||||false|false&#187; custom_padding=&#187;36px|15px|26px|15px|false|true&#187; da_disable_devices=&#187;off|off|off&#187; global_module=&#187;10883&#8243; saved_tabs=&#187;all&#187; locked=&#187;off&#187; collapsed=&#187;on&#187; global_colors_info=&#187;{}&#187; da_is_popup=&#187;off&#187; da_exit_intent=&#187;off&#187; da_has_close=&#187;on&#187; da_alt_close=&#187;off&#187; da_dark_close=&#187;off&#187; da_not_modal=&#187;on&#187; da_is_singular=&#187;off&#187; da_with_loader=&#187;off&#187; da_has_shadow=&#187;on&#187;][et_pb_row column_structure=&#187;2_3,1_3&#8243; _builder_version=&#187;4.16&#8243; width=&#187;75%&#187; width_tablet=&#187;80%&#187; width_phone=&#187;100%&#187; width_last_edited=&#187;on|phone&#187; max_width=&#187;1108px&#187; custom_padding=&#187;20px||||false|false&#187; global_colors_info=&#187;{}&#187;][et_pb_column type=&#187;2_3&#8243; _builder_version=&#187;4.16&#8243; custom_padding=&#187;|||&#187; global_colors_info=&#187;{}&#187; custom_padding__hover=&#187;|||&#187;][et_pb_text _builder_version=&#187;4.27.4&#8243; text_font=&#187;Public Sans|600|||||||&#187; text_text_color=&#187;#111&#8243; text_font_size=&#187;20px&#187; header_text_align=&#187;center&#187; header_font_size=&#187;41px&#187; header_6_font=&#187;Fira Sans||||||||&#187; header_6_font_size=&#187;25px&#187; text_orientation_tablet=&#187;center&#187; text_orientation_phone=&#187;center&#187; text_orientation_last_edited=&#187;on|phone&#187; global_colors_info=&#187;{}&#187;]<\/p>\n<p>Norite gauti profesional\u0173 po\u017ei\u016br\u012f ir kokybi\u0161kas paslaugas ?<\/p>\n<p>[\/et_pb_text][et_pb_divider divider_weight=&#187;3px&#187; disabled_on=&#187;off|off|off&#187; _builder_version=&#187;4.27.4&#8243; transform_scale=&#187;88%|88%&#187; width=&#187;100px&#187; width_tablet=&#187;25%&#187; width_phone=&#187;30%&#187; width_last_edited=&#187;on|tablet&#187; max_width=&#187;54%&#187; module_alignment=&#187;left&#187; custom_margin=&#187;1px||||false|false&#187; custom_margin_tablet=&#187;-11px||||false|false&#187; custom_margin_phone=&#187;-15px||||false|false&#187; custom_margin_last_edited=&#187;on|phone&#187; module_alignment_tablet=&#187;center&#187; module_alignment_phone=&#187;&#187; module_alignment_last_edited=&#187;on|phone&#187; custom_css_before=&#187;border-radius: 25px;&#187; global_colors_info=&#187;{}&#187; custom_css_main_element_last_edited=&#187;on|desktop&#187; custom_css_after_last_edited=&#187;on|desktop&#187; custom_margin__hover_enabled=&#187;off|desktop&#187;][\/et_pb_divider][\/et_pb_column][et_pb_column type=&#187;1_3&#8243; _builder_version=&#187;4.16&#8243; custom_padding=&#187;|||&#187; global_colors_info=&#187;{}&#187; custom_padding__hover=&#187;|||&#187;][et_pb_button button_url=&#187;\/kontaktai\/&#187; button_text=&#187;Susisiekite su mumis \u0161iandien&#187; button_alignment=&#187;center&#187; button_alignment_tablet=&#187;center&#187; button_alignment_phone=&#187;center&#187; button_alignment_last_edited=&#187;on|phone&#187; disabled_on=&#187;off|off|off&#187; module_class=&#187;et_pb_button&#187; _builder_version=&#187;4.27.4&#8243; custom_button=&#187;on&#187; button_text_size=&#187;13px&#187; button_border_radius=&#187;21px&#187; button_font=&#187;Fira Sans|600|||||||&#187; custom_padding=&#187;11px|22px|11px|22px|false|false&#187; mix_blend_mode=&#187;difference&#187; global_colors_info=&#187;{}&#187; button_bg_color__hover=&#187;#000000&#8243; button_bg_color__hover_enabled=&#187;on|hover&#187;][\/et_pb_button][\/et_pb_column][\/et_pb_row][\/et_pb_section]<\/p>\n","protected":false},"excerpt":{"rendered":"<p>Biologinis turtasBiologinis turtas \u2013 tai \u012fmon\u0117s valdomi, naudojami ir disponuojami gyv\u016bnai bei augalai, turintys ekonomin\u0119 vert\u0119 ir naudojami pajamoms u\u017edirbti ar \u017eem\u0117s \u016bkio veiklai vykdyti. [&hellip;]<\/p>\n","protected":false},"author":22,"featured_media":12560,"parent":12580,"menu_order":0,"comment_status":"closed","ping_status":"closed","template":"","meta":{"_acf_changed":false,"_et_pb_use_builder":"on","_et_pb_old_content":"","_et_gb_content_width":"","om_disable_all_campaigns":false,"_exactmetrics_skip_tracking":false,"_exactmetrics_sitenote_active":false,"_exactmetrics_sitenote_note":"","_exactmetrics_sitenote_category":0,"iawp_total_views":25,"footnotes":""},"class_list":["post-17118","page","type-page","status-publish","has-post-thumbnail","hentry"],"acf":[],"jetpack_sharing_enabled":true,"_links":{"self":[{"href":"https:\/\/mytax.lt\/ru\/wp-json\/wp\/v2\/pages\/17118","targetHints":{"allow":["GET"]}}],"collection":[{"href":"https:\/\/mytax.lt\/ru\/wp-json\/wp\/v2\/pages"}],"about":[{"href":"https:\/\/mytax.lt\/ru\/wp-json\/wp\/v2\/types\/page"}],"author":[{"embeddable":true,"href":"https:\/\/mytax.lt\/ru\/wp-json\/wp\/v2\/users\/22"}],"replies":[{"embeddable":true,"href":"https:\/\/mytax.lt\/ru\/wp-json\/wp\/v2\/comments?post=17118"}],"version-history":[{"count":6,"href":"https:\/\/mytax.lt\/ru\/wp-json\/wp\/v2\/pages\/17118\/revisions"}],"predecessor-version":[{"id":17130,"href":"https:\/\/mytax.lt\/ru\/wp-json\/wp\/v2\/pages\/17118\/revisions\/17130"}],"up":[{"embeddable":true,"href":"https:\/\/mytax.lt\/ru\/wp-json\/wp\/v2\/pages\/12580"}],"wp:featuredmedia":[{"embeddable":true,"href":"https:\/\/mytax.lt\/ru\/wp-json\/wp\/v2\/media\/12560"}],"wp:attachment":[{"href":"https:\/\/mytax.lt\/ru\/wp-json\/wp\/v2\/media?parent=17118"}],"curies":[{"name":"wp","href":"https:\/\/api.w.org\/{rel}","templated":true}]}}