{"id":16351,"date":"2025-10-01T13:28:24","date_gmt":"2025-10-01T10:28:24","guid":{"rendered":"https:\/\/mytax.lt\/?page_id=16351"},"modified":"2025-11-05T07:35:48","modified_gmt":"2025-11-05T05:35:48","slug":"apleistos-buhalterijos-tvarkymas","status":"publish","type":"page","link":"https:\/\/mytax.lt\/ru\/finansiniu-terminu-zodynas\/apleistos-buhalterijos-tvarkymas\/","title":{"rendered":"Apleista buhalterija"},"content":{"rendered":"<p>[et_pb_section fb_built=&#187;1&#8243; custom_padding_last_edited=&#187;on|desktop&#187; module_class=&#187;custom-gradient-section&#187; _builder_version=&#187;4.27.4&#8243; _module_preset=&#187;default&#187; min_height=&#187;517.8px&#187; custom_padding=&#187;37px||37px||true|false&#187; custom_padding_tablet=&#187;37px||37px||true|false&#187; custom_padding_phone=&#187;0px|0px|0px|0px|true|true&#187; da_disable_devices=&#187;off|off|off&#187; locked=&#187;off&#187; collapsed=&#187;off&#187; global_colors_info=&#187;{}&#187; da_is_popup=&#187;off&#187; da_exit_intent=&#187;off&#187; da_has_close=&#187;on&#187; da_alt_close=&#187;off&#187; da_dark_close=&#187;off&#187; da_not_modal=&#187;on&#187; da_is_singular=&#187;off&#187; da_with_loader=&#187;off&#187; da_has_shadow=&#187;on&#187;][et_pb_row column_structure=&#187;1_2,1_2&#8243; custom_padding_last_edited=&#187;on|phone&#187; _builder_version=&#187;4.27.4&#8243; _module_preset=&#187;default&#187; width=&#187;100%&#187; width_tablet=&#187;75%&#187; width_phone=&#187;100%&#187; width_last_edited=&#187;on|phone&#187; max_width=&#187;1170px&#187; module_alignment=&#187;center&#187; custom_margin=&#187;||||false|false&#187; custom_margin_tablet=&#187;||||false|false&#187; custom_margin_phone=&#187;0px|0px|0px|0px|true|true&#187; custom_margin_last_edited=&#187;on|phone&#187; custom_padding=&#187;|15px||15px|false|true&#187; custom_padding_tablet=&#187;||||false|false&#187; custom_padding_phone=&#187;0px|0px|0px|0px|true|true&#187; custom_css_main_element=&#187;display: flex;||flex-wrap: wrap;&#187; locked=&#187;off&#187; global_colors_info=&#187;{}&#187; custom_css_main_element_last_edited=&#187;on|desktop&#187; custom_css_main_element_tablet=&#187;display: flex;||flex-wrap: wrap;&#187; custom_css_main_element_phone=&#187;display: flex;||flex-wrap: wrap;&#187;][et_pb_column type=&#187;1_2&#8243; _builder_version=&#187;4.27.4&#8243; _module_preset=&#187;default&#187; global_colors_info=&#187;{}&#187; custom_css_main_element_last_edited=&#187;on|phone&#187; custom_css_main_element_tablet=&#187;order: 2;&#187; custom_css_main_element_phone=&#187;order: 2;&#187;][et_pb_text admin_label=&#187;Post Title&#187; _builder_version=&#187;4.27.4&#8243; _dynamic_attributes=&#187;content&#187; _module_preset=&#187;default&#187; header_font=&#187;|700|||||||&#187; header_text_color=&#187;#000000&#8243; header_font_size=&#187;3em&#187; custom_margin=&#187;50px||||false|false&#187; custom_margin_tablet=&#187;50px||||false|false&#187; custom_margin_phone=&#187;||||false|true&#187; custom_margin_last_edited=&#187;on|phone&#187; custom_padding_tablet=&#187;&#187; custom_padding_phone=&#187;|40px||40px|false|true&#187; custom_padding_last_edited=&#187;on|phone&#187; global_colors_info=&#187;{}&#187;]@ET-DC@eyJkeW5hbWljIjp0cnVlLCJjb250ZW50IjoicG9zdF90aXRsZSIsInNldHRpbmdzIjp7ImJlZm9yZSI6IjxIMT4iLCJhZnRlciI6IjwvSDE+In19@[\/et_pb_text][\/et_pb_column][et_pb_column type=&#187;1_2&#8243; _builder_version=&#187;4.27.4&#8243; _module_preset=&#187;default&#187; global_colors_info=&#187;{}&#187; custom_css_main_element_last_edited=&#187;on|phone&#187; custom_css_main_element_tablet=&#187;order: 1;&#187; custom_css_main_element_phone=&#187;order: 1;&#187;][et_pb_image src=&#187;@ET-DC@eyJkeW5hbWljIjp0cnVlLCJjb250ZW50IjoicG9zdF9mZWF0dXJlZF9pbWFnZSIsInNldHRpbmdzIjp7fX0=@&#187; _builder_version=&#187;4.27.4&#8243; _dynamic_attributes=&#187;src&#187; _module_preset=&#187;default&#187; width=&#187;100%&#187; max_width=&#187;100%&#187; height=&#187;594px&#187; max_height=&#187;358px&#187; border_radii=&#187;on|10px|10px|10px|10px&#187; border_radii_tablet=&#187;on|10px|10px|10px|10px&#187; border_radii_phone=&#187;on|0px|0px|0px|0px&#187; border_radii_last_edited=&#187;on|phone&#187; global_colors_info=&#187;{}&#187;][\/et_pb_image][\/et_pb_column][\/et_pb_row][\/et_pb_section][et_pb_section fb_built=&#187;1&#8243; _builder_version=&#187;4.27.4&#8243; custom_padding=&#187;||0px|||&#187; da_disable_devices=&#187;off|off|off&#187; locked=&#187;off&#187; global_colors_info=&#187;{}&#187; da_is_popup=&#187;off&#187; da_exit_intent=&#187;off&#187; da_has_close=&#187;on&#187; da_alt_close=&#187;off&#187; da_dark_close=&#187;off&#187; da_not_modal=&#187;on&#187; da_is_singular=&#187;off&#187; da_with_loader=&#187;off&#187; da_has_shadow=&#187;on&#187;][et_pb_row _builder_version=&#187;4.27.4&#8243; _module_preset=&#187;default&#187; global_colors_info=&#187;{}&#187;][et_pb_column type=&#187;4_4&#8243; _builder_version=&#187;4.27.4&#8243; _module_preset=&#187;default&#187; global_colors_info=&#187;{}&#187;][et_pb_text _builder_version=&#187;4.27.4&#8243; _module_preset=&#187;default&#187; text_font=&#187;Fira Sans|300|||||||&#187; global_colors_info=&#187;{}&#187;]<\/p>\n<p>Apleista buhalterija atsitinka tuomet, kai \u012fmon\u0117s finansin\u0117s operacijos n\u0117ra tvarkomos pagal apskaitos vedimo reikalavimus bei \u012fsatymus, buvo neteisingai organizuojama ar ignoruojama ilgesn\u012f laik\u0105. Apleistos buhalterijos tvarkymas apima dokument\u0173 atstatym\u0105, vis\u0173 j\u0173 surinkim\u0105, paskol\u0173 ir kit\u0173 finansini\u0173 \u012fsipareigojim\u0173 tikrinim\u0105, apskaitos sistem\u0173 atnaujinim\u0105, finansini\u0173 ataskait\u0173 sudarym\u0105, mokes\u010di\u0173 ir baud\u0173 apmok\u0117jim\u0105 bei nuolatin\u0119 tolimesn\u0119 prie\u017ei\u016br\u0105.<\/p>\n<p>[\/et_pb_text][\/et_pb_column][\/et_pb_row][\/et_pb_section][et_pb_section fb_built=&#187;1&#8243; custom_padding_last_edited=&#187;on|phone&#187; admin_label=&#187;Registracija susitikimui&#187; _builder_version=&#187;4.27.4&#8243; _module_preset=&#187;default&#187; width=&#187;100%&#187; max_width=&#187;1170px&#187; module_alignment=&#187;center&#187; custom_margin=&#187;0px||||false|false&#187; custom_padding=&#187;36px|15px|26px|15px|false|true&#187; custom_padding_tablet=&#187;&#187; custom_padding_phone=&#187;36px|1rem|26px|1rem|false|true&#187; da_disable_devices=&#187;off|off|off&#187; global_module=&#187;16806&#8243; saved_tabs=&#187;all&#187; locked=&#187;off&#187; collapsed=&#187;on&#187; global_colors_info=&#187;{}&#187; da_is_popup=&#187;off&#187; da_exit_intent=&#187;off&#187; da_has_close=&#187;on&#187; da_alt_close=&#187;off&#187; da_dark_close=&#187;off&#187; da_not_modal=&#187;on&#187; da_is_singular=&#187;off&#187; da_with_loader=&#187;off&#187; da_has_shadow=&#187;on&#187;][et_pb_row _builder_version=&#187;4.27.4&#8243; _module_preset=&#187;default&#187; width_tablet=&#187;&#187; width_phone=&#187;100%&#187; width_last_edited=&#187;on|phone&#187; global_colors_info=&#187;{}&#187;][et_pb_column type=&#187;4_4&#8243; _builder_version=&#187;4.27.4&#8243; _module_preset=&#187;default&#187; global_colors_info=&#187;{}&#187;][et_pb_text _builder_version=&#187;4.27.4&#8243; _module_preset=&#187;default&#187; text_font=&#187;|600|||||||&#187; text_font_size=&#187;84px&#187; text_line_height=&#187;1.2em&#187; text_font_size_tablet=&#187;&#187; text_font_size_phone=&#187;50px&#187; text_font_size_last_edited=&#187;on|phone&#187; text_orientation_tablet=&#187;&#187; text_orientation_phone=&#187;center&#187; text_orientation_last_edited=&#187;on|phone&#187; global_colors_info=&#187;{}&#187;]<\/p>\n<p>Nuo pirmo \u017eingsnio iki stabilaus verslo augimo<\/p>\n<p>[\/et_pb_text][et_pb_text _builder_version=&#187;4.27.4&#8243; _module_preset=&#187;default&#187; text_orientation_tablet=&#187;&#187; text_orientation_phone=&#187;center&#187; text_orientation_last_edited=&#187;on|phone&#187; global_colors_info=&#187;{}&#187;]<\/p>\n<p>Registruokit\u0117s pokalbiui jums patogiu metu ir su\u017einokite, kaip m\u016bs\u0173 buhalterin\u0117s paslaugos gali pad\u0117ti u\u017etikrinti tvar\u0173 finansin\u012f augim\u0105.<\/p>\n<p>[\/et_pb_text][et_pb_button button_url=&#187;https:\/\/calendar.google.com\/calendar\/u\/0\/appointments\/schedules\/AcZssZ0bXo3wAw0fJRaSYoLIfLcGJxa-1UJAzVUYmmlFCQ7qJOnvGEo1CWofjfU1avNYDEvJZajtSlIM&#187; url_new_window=&#187;on&#187; button_text=&#187;Registruotis&#187; button_alignment=&#187;center&#187; _builder_version=&#187;4.27.4&#8243; _module_preset=&#187;default&#187; global_colors_info=&#187;{}&#187;][\/et_pb_button][\/et_pb_column][\/et_pb_row][\/et_pb_section]<\/p>\n","protected":false},"excerpt":{"rendered":"<p>Apleista buhalterija atsitinka tuomet, kai \u012fmon\u0117s finansin\u0117s operacijos n\u0117ra tvarkomos pagal apskaitos vedimo reikalavimus bei \u012fsatymus, buvo neteisingai organizuojama ar ignoruojama ilgesn\u012f laik\u0105. Apleistos buhalterijos [&hellip;]<\/p>\n","protected":false},"author":22,"featured_media":12560,"parent":12580,"menu_order":0,"comment_status":"closed","ping_status":"closed","template":"","meta":{"_acf_changed":false,"_et_pb_use_builder":"on","_et_pb_old_content":"","_et_gb_content_width":"","om_disable_all_campaigns":false,"_exactmetrics_skip_tracking":false,"_exactmetrics_sitenote_active":false,"_exactmetrics_sitenote_note":"","_exactmetrics_sitenote_category":0,"iawp_total_views":15,"footnotes":""},"class_list":["post-16351","page","type-page","status-publish","has-post-thumbnail","hentry"],"acf":[],"jetpack_sharing_enabled":true,"_links":{"self":[{"href":"https:\/\/mytax.lt\/ru\/wp-json\/wp\/v2\/pages\/16351","targetHints":{"allow":["GET"]}}],"collection":[{"href":"https:\/\/mytax.lt\/ru\/wp-json\/wp\/v2\/pages"}],"about":[{"href":"https:\/\/mytax.lt\/ru\/wp-json\/wp\/v2\/types\/page"}],"author":[{"embeddable":true,"href":"https:\/\/mytax.lt\/ru\/wp-json\/wp\/v2\/users\/22"}],"replies":[{"embeddable":true,"href":"https:\/\/mytax.lt\/ru\/wp-json\/wp\/v2\/comments?post=16351"}],"version-history":[{"count":6,"href":"https:\/\/mytax.lt\/ru\/wp-json\/wp\/v2\/pages\/16351\/revisions"}],"predecessor-version":[{"id":17069,"href":"https:\/\/mytax.lt\/ru\/wp-json\/wp\/v2\/pages\/16351\/revisions\/17069"}],"up":[{"embeddable":true,"href":"https:\/\/mytax.lt\/ru\/wp-json\/wp\/v2\/pages\/12580"}],"wp:featuredmedia":[{"embeddable":true,"href":"https:\/\/mytax.lt\/ru\/wp-json\/wp\/v2\/media\/12560"}],"wp:attachment":[{"href":"https:\/\/mytax.lt\/ru\/wp-json\/wp\/v2\/media?parent=16351"}],"curies":[{"name":"wp","href":"https:\/\/api.w.org\/{rel}","templated":true}]}}