{"id":16081,"date":"2025-08-16T16:41:29","date_gmt":"2025-08-16T13:41:29","guid":{"rendered":"https:\/\/mytax.lt\/kainos-skaiciuokle\/"},"modified":"2025-11-29T11:00:24","modified_gmt":"2025-11-29T09:00:24","slug":"kalkulator-ceny","status":"publish","type":"page","link":"https:\/\/mytax.lt\/ru\/kalkulator-ceny\/","title":{"rendered":"\u041a\u0430\u043b\u044c\u043a\u0443\u043b\u044f\u0442\u043e\u0440 \u0446\u0435\u043d\u044b"},"content":{"rendered":"<p>[et_pb_section fb_built=&#187;1&#8243; custom_padding_last_edited=&#187;on|phone&#187; module_class=&#187;custom-gradient-section&#187; _builder_version=&#187;4.27.4&#8243; _module_preset=&#187;default&#187; min_height=&#187;517.8px&#187; custom_margin_tablet=&#187;&#187; custom_margin_phone=&#187;0px|0px|0px|0px|true|true&#187; custom_margin_last_edited=&#187;on|phone&#187; custom_padding=&#187;37px||37px||true|false&#187; custom_padding_tablet=&#187;37px||37px||true|false&#187; custom_padding_phone=&#187;0px|0px|0px|0px|false|true&#187; da_disable_devices=&#187;off|off|off&#187; locked=&#187;off&#187; collapsed=&#187;off&#187; global_colors_info=&#187;{}&#187; da_is_popup=&#187;off&#187; da_exit_intent=&#187;off&#187; da_has_close=&#187;on&#187; da_alt_close=&#187;off&#187; da_dark_close=&#187;off&#187; da_not_modal=&#187;on&#187; da_is_singular=&#187;off&#187; da_with_loader=&#187;off&#187; da_has_shadow=&#187;on&#187;][et_pb_row column_structure=&#187;1_2,1_2&#8243; custom_padding_last_edited=&#187;on|phone&#187; _builder_version=&#187;4.27.4&#8243; _module_preset=&#187;default&#187; width=&#187;100%&#187; width_tablet=&#187;75%&#187; width_phone=&#187;100%&#187; width_last_edited=&#187;on|phone&#187; max_width=&#187;1175px&#187; module_alignment=&#187;center&#187; custom_margin=&#187;|auto|36px|auto|false|false&#187; custom_margin_tablet=&#187;|auto|36px|auto|false|false&#187; custom_margin_phone=&#187;0px|0px|0px|0px|true|true&#187; custom_margin_last_edited=&#187;on|phone&#187; custom_padding=&#187;|15px|30px|15px|false|true&#187; custom_padding_tablet=&#187;||30px||false|false&#187; custom_padding_phone=&#187;0px|0px|0px|0px|true|true&#187; custom_css_main_element=&#187;display: flex;||flex-wrap: wrap;&#187; global_colors_info=&#187;{}&#187;][et_pb_column type=&#187;1_2&#8243; _builder_version=&#187;4.27.4&#8243; _module_preset=&#187;default&#187; global_colors_info=&#187;{}&#187; custom_css_main_element_last_edited=&#187;on|desktop&#187; custom_css_main_element_tablet=&#187;order: 2;&#187; custom_css_main_element_phone=&#187;order: 2;&#187;][et_pb_post_title meta=&#187;off&#187; featured_image=&#187;off&#187; _builder_version=&#187;4.27.4&#8243; title_font=&#187;Fira Sans|500|||||||&#187; title_text_align=&#187;center&#187; title_font_size=&#187;44px&#187; background_color=&#187;rgba(0,0,0,0)&#187; min_height=&#187;71px&#187; custom_margin=&#187;92px||||false|false&#187; custom_margin_tablet=&#187;92px||||false|false&#187; custom_margin_phone=&#187;75px||||false|false&#187; custom_margin_last_edited=&#187;on|phone&#187; custom_padding=&#187;||||false|false&#187; custom_padding_tablet=&#187;||||false|false&#187; custom_padding_phone=&#187;|25px||25px|false|true&#187; custom_padding_last_edited=&#187;on|phone&#187; saved_tabs=&#187;all&#187; locked=&#187;off&#187; global_colors_info=&#187;{}&#187;][\/et_pb_post_title][\/et_pb_column][et_pb_column type=&#187;1_2&#8243; _builder_version=&#187;4.27.4&#8243; _module_preset=&#187;default&#187; global_colors_info=&#187;{}&#187; custom_css_main_element_last_edited=&#187;on|tablet&#187; custom_css_main_element_phone=&#187;order: 1;&#187; custom_css_main_element_tablet=&#187;order: 1;&#187;][et_pb_image src=&#187;https:\/\/mytax.lt\/wp-content\/uploads\/2024\/12\/personnel.webp&#187; title_text=&#187;personnel&#187; _builder_version=&#187;4.27.4&#8243; _module_preset=&#187;default&#187; width=&#187;100%&#187; max_width=&#187;100%&#187; height=&#187;594px&#187; max_height=&#187;358px&#187; border_radii=&#187;on|10px|10px|10px|10px&#187; border_radii_tablet=&#187;on|10px|10px|10px|10px&#187; border_radii_phone=&#187;on|0px|0px|0px|0px&#187; border_radii_last_edited=&#187;on|phone&#187; global_colors_info=&#187;{}&#187;][\/et_pb_image][\/et_pb_column][\/et_pb_row][\/et_pb_section][et_pb_section fb_built=&#187;1&#8243; custom_padding_last_edited=&#187;on|phone&#187; _builder_version=&#187;4.27.4&#8243; _module_preset=&#187;default&#187; min_height=&#187;517.8px&#187; custom_padding=&#187;37px||37px||true|false&#187; custom_padding_tablet=&#187;37px||37px||true|false&#187; custom_padding_phone=&#187;0px|0px|0px|0px|false|true&#187; da_disable_devices=&#187;off|off|off&#187; global_colors_info=&#187;{}&#187; da_is_popup=&#187;off&#187; da_exit_intent=&#187;off&#187; da_has_close=&#187;on&#187; da_alt_close=&#187;off&#187; da_dark_close=&#187;off&#187; da_not_modal=&#187;on&#187; da_is_singular=&#187;off&#187; da_with_loader=&#187;off&#187; da_has_shadow=&#187;on&#187;][et_pb_row custom_padding_last_edited=&#187;on|phone&#187; _builder_version=&#187;4.27.4&#8243; _module_preset=&#187;default&#187; width=&#187;100%&#187; max_width=&#187;1175px&#187; module_alignment=&#187;center&#187; custom_padding=&#187;|15px||15px|false|true&#187; custom_padding_tablet=&#187;|15px||15px|false|true&#187; custom_padding_phone=&#187;|0px||0px|false|true&#187; custom_css_main_element=&#187;display: flex;||flex-wrap: wrap;&#187; global_colors_info=&#187;{}&#187;][et_pb_column type=&#187;4_4&#8243; _builder_version=&#187;4.27.4&#8243; _module_preset=&#187;default&#187; global_colors_info=&#187;{}&#187;][et_pb_text module_id=&#187;custom-page-layout&#187; _builder_version=&#187;4.27.4&#8243; background_size=&#187;initial&#187; background_position=&#187;top_left&#187; background_repeat=&#187;repeat&#187; custom_padding_tablet=&#187;&#187; custom_padding_phone=&#187;|15px||15px|false|true&#187; custom_padding_last_edited=&#187;on|phone&#187; text_orientation_tablet=&#187;&#187; text_orientation_phone=&#187;&#187; text_orientation_last_edited=&#187;on|phone&#187; global_colors_info=&#187;{}&#187;]\n<div class=\"ccb-main-widget \" id=\"ccb_app_15939\" data-calc-id=\"15939\"><\/div>\n<\/p>\n<p>\u0426\u0435\u043d\u044b \u0443\u043a\u0430\u0437\u0430\u043d\u044b \u0431\u0435\u0437 \u041d\u0414\u0421.[\/et_pb_text][\/et_pb_column][\/et_pb_row][\/et_pb_section][et_pb_section fb_built=&#187;1&#8243; custom_padding_last_edited=&#187;on|phone&#187; admin_label=&#187;Registracija susitikimui&#187; module_class=&#187;lastsectionbig&#187; _builder_version=&#187;4.27.4&#8243; _module_preset=&#187;default&#187; width=&#187;100%&#187; max_width=&#187;1170px&#187; module_alignment=&#187;center&#187; custom_margin=&#187;0px||||false|false&#187; custom_padding=&#187;36px|15px|26px|15px|false|true&#187; custom_padding_tablet=&#187;36px|15px|26px|15px|false|true&#187; custom_padding_phone=&#187;36px|1rem|26px|1rem|false|true&#187; da_disable_devices=&#187;off|off|off&#187; global_module=&#187;16806&#8243; saved_tabs=&#187;all&#187; locked=&#187;off&#187; collapsed=&#187;on&#187; global_colors_info=&#187;{}&#187; da_is_popup=&#187;off&#187; da_exit_intent=&#187;off&#187; da_has_close=&#187;on&#187; da_alt_close=&#187;off&#187; da_dark_close=&#187;off&#187; da_not_modal=&#187;on&#187; da_is_singular=&#187;off&#187; da_with_loader=&#187;off&#187; da_has_shadow=&#187;on&#187;][et_pb_row _builder_version=&#187;4.27.4&#8243; _module_preset=&#187;default&#187; width_tablet=&#187;&#187; width_phone=&#187;100%&#187; width_last_edited=&#187;on|phone&#187; global_colors_info=&#187;{}&#187;][et_pb_column type=&#187;4_4&#8243; _builder_version=&#187;4.27.4&#8243; _module_preset=&#187;default&#187; global_colors_info=&#187;{}&#187;][et_pb_text _builder_version=&#187;4.27.4&#8243; _module_preset=&#187;default&#187; text_font=&#187;|600|||||||&#187; text_font_size=&#187;84px&#187; text_line_height=&#187;1.2em&#187; text_font_size_tablet=&#187;&#187; text_font_size_phone=&#187;50px&#187; text_font_size_last_edited=&#187;on|phone&#187; text_orientation_tablet=&#187;&#187; text_orientation_phone=&#187;center&#187; text_orientation_last_edited=&#187;on|phone&#187; global_colors_info=&#187;{}&#187;]<\/p>\n<p>\u041e\u0442 \u043f\u0435\u0440\u0432\u043e\u0433\u043e \u0448\u0430\u0433\u0430 \u0434\u043e \u0441\u0442\u0430\u0431\u0438\u043b\u044c\u043d\u043e\u0433\u043e \u0440\u043e\u0441\u0442\u0430 \u0431\u0438\u0437\u043d\u0435\u0441\u0430<\/p>\n<p>[\/et_pb_text][et_pb_text _builder_version=&#187;4.27.4&#8243; _module_preset=&#187;default&#187; text_orientation_tablet=&#187;&#187; text_orientation_phone=&#187;center&#187; text_orientation_last_edited=&#187;on|phone&#187; global_colors_info=&#187;{}&#187;]<\/p>\n<p>\u0417\u0430\u043f\u0438\u0448\u0438\u0442\u0435\u0441\u044c \u043d\u0430 \u043a\u043e\u043d\u0441\u0443\u043b\u044c\u0442\u0430\u0446\u0438\u044e \u0432 \u0443\u0434\u043e\u0431\u043d\u043e\u0435 \u0434\u043b\u044f \u0432\u0430\u0441 \u0432\u0440\u0435\u043c\u044f \u0438 \u0443\u0437\u043d\u0430\u0439\u0442\u0435, \u043a\u0430\u043a \u043d\u0430\u0448\u0438 \u0431\u0443\u0445\u0433\u0430\u043b\u0442\u0435\u0440\u0441\u043a\u0438\u0435 \u0443\u0441\u043b\u0443\u0433\u0438 \u043f\u043e\u043c\u043e\u0433\u0443\u0442 \u043e\u0431\u0435\u0441\u043f\u0435\u0447\u0438\u0442\u044c \u0443\u0441\u0442\u043e\u0439\u0447\u0438\u0432\u044b\u0439 \u0444\u0438\u043d\u0430\u043d\u0441\u043e\u0432\u044b\u0439 \u0440\u043e\u0441\u0442.<\/p>\n<p>[\/et_pb_text][et_pb_button button_url=&#187;https:\/\/calendar.google.com\/calendar\/u\/0\/appointments\/schedules\/AcZssZ0bXo3wAw0fJRaSYoLIfLcGJxa-1UJAzVUYmmlFCQ7qJOnvGEo1CWofjfU1avNYDEvJZajtSlIM&#187; url_new_window=&#187;on&#187; button_text=&#187;\u0417\u0430\u0440\u0435\u0433\u0438\u0441\u0442\u0440\u0438\u0440\u043e\u0432\u0430\u0442\u044c\u0441\u044f&#187; button_alignment=&#187;center&#187; _builder_version=&#187;4.27.4&#8243; _module_preset=&#187;default&#187; global_colors_info=&#187;{}&#187;][\/et_pb_button][\/et_pb_column][\/et_pb_row][\/et_pb_section]<\/p>\n","protected":false},"excerpt":{"rendered":"<p>\n<div class=\"ccb-main-widget \" id=\"ccb_app_15939\" data-calc-id=\"15939\"><\/div>\n \u0426\u0435\u043d\u044b \u0443\u043a\u0430\u0437\u0430\u043d\u044b \u0431\u0435\u0437 \u041d\u0414\u0421.\u041e\u0442 \u043f\u0435\u0440\u0432\u043e\u0433\u043e \u0448\u0430\u0433\u0430 \u0434\u043e \u0441\u0442\u0430\u0431\u0438\u043b\u044c\u043d\u043e\u0433\u043e \u0440\u043e\u0441\u0442\u0430 \u0431\u0438\u0437\u043d\u0435\u0441\u0430\u0417\u0430\u043f\u0438\u0448\u0438\u0442\u0435\u0441\u044c \u043d\u0430 \u043a\u043e\u043d\u0441\u0443\u043b\u044c\u0442\u0430\u0446\u0438\u044e \u0432 \u0443\u0434\u043e\u0431\u043d\u043e\u0435 \u0434\u043b\u044f \u0432\u0430\u0441 \u0432\u0440\u0435\u043c\u044f \u0438 \u0443\u0437\u043d\u0430\u0439\u0442\u0435, \u043a\u0430\u043a \u043d\u0430\u0448\u0438 \u0431\u0443\u0445\u0433\u0430\u043b\u0442\u0435\u0440\u0441\u043a\u0438\u0435 \u0443\u0441\u043b\u0443\u0433\u0438 [&hellip;]<\/p>\n","protected":false},"author":1,"featured_media":15907,"parent":0,"menu_order":0,"comment_status":"closed","ping_status":"closed","template":"","meta":{"_acf_changed":false,"_et_pb_use_builder":"on","_et_pb_old_content":"UAB \u201eGARUDA\u201d \u2013 tai ambicinga, ver\u017eli, jaun\u0173 bei patyrusi\u0173 specialist\u0173 komanda, pasirengusi racionaliai i\u0161spr\u0119sti Jums i\u0161kilusias teisines problemas. \u012egytos teis\u0117s \u017einios bei darbo patirtis u\u017etikrina auk\u0161t\u0105 teisini\u0173 paslaug\u0173 kokyb\u0119 ir j\u0173 atlikim\u0105 laiku, d\u0117l ko esame vertinami labiausiai.\r\n\r\nM\u016bs\u0173 \u012fmon\u0117s veiklos specifika i\u0161siskiria tuo, kad verslui galime pasi\u016blyti tiek atskiras teisines paslaugas, tiek vis\u0105 verslo paslaug\u0173 komplekt\u0105, \u012fskaitant buhalterin\u0119 apskait\u0105.\r\n\r\nM\u016bs\u0173 tikslas - suteikti efektyvi\u0105, greit\u0105 ir visapusi\u0161k\u0105 teisin\u0119 pagalb\u0105 bei pad\u0117ti i\u0161vengti problem\u0173.\r\n\r\nMes nuolat bendradarbiaujame su auditoriais, advokatais, notarais, antstoliais, tod\u0117l galime suteikti Jums i\u0161samias verslo paslaugas.\r\n\r\nPaslaugas teikiame lietuvi\u0173, angl\u0173 bei rus\u0173 kalbomis\r\n<h1>TEIKIAMOS BUHALTERIN\u0116S PASLAUGOS:<\/h1>\r\nbuhalterin\u0117s apskaitos tvarkymas;\r\nkitos su buhalterine apskaita susijusios paslaugos;\r\n\u012fmon\u0117s buhalterin\u0117s apskaitos darbo organizavimas;\r\n\u012fmon\u0117s buhalterin\u0117s apskaitos tvarkymo modelio parinkimas;\r\nkonsultacijos finans\u0173 ir mokes\u010di\u0173 klausimais.\r\n<h1>TEIKIAMOS TEISIN\u0116S PASLAUGOS:<\/h1>\r\nTeisin\u0117s konsultacijos\r\nSutar\u010di\u0173 rengimas ir analiz\u0117\r\nFizini\u0173 ir juridini\u0173 asmen\u0173 atstovavimas\r\nProcesini\u0173 ir kit\u0173 teisini\u0173 dokument\u0173 rengimas\r\n\u012emoni\u0173 steigimas\r\nFilial\u0173 ir atstovybi\u0173 steigimas\r\nSteigimo dokument\u0173 ir \u012fmon\u0117s duomen\u0173 keitimas\r\n\u012estatinio kapitalo didinimas ir ma\u017einimas\r\nPertvarkymas, reorganizavimas ir atskyrimas\r\n\u012emon\u0117s vidaus dokument\u0173 rengimas ir nuolatinis teisinis aptarnavimas\r\n\u012emoni\u0173 pardavimas\r\n\r\nTai galimyb\u0117 \u012fsigyti jau \u012fsteigt\u0105 ir parengt\u0105 darbui juridin\u012f asmen\u012f. Taip i\u0161vengsite steigimo proced\u016br\u0173, sutaupytum\u0117te laiko, ir ka\u0161t\u0173.\r\n<h3>VISOJE LIETUVOJE TEIKIAME BUHALTERINES IR TEISINES PASLAUGAS VERSLUI IR GYVENTOJAMS<\/h3>","_et_gb_content_width":"","om_disable_all_campaigns":false,"_exactmetrics_skip_tracking":false,"_exactmetrics_sitenote_active":false,"_exactmetrics_sitenote_note":"","_exactmetrics_sitenote_category":0,"iawp_total_views":20,"footnotes":""},"class_list":["post-16081","page","type-page","status-publish","has-post-thumbnail","hentry"],"acf":[],"jetpack_sharing_enabled":true,"_links":{"self":[{"href":"https:\/\/mytax.lt\/ru\/wp-json\/wp\/v2\/pages\/16081","targetHints":{"allow":["GET"]}}],"collection":[{"href":"https:\/\/mytax.lt\/ru\/wp-json\/wp\/v2\/pages"}],"about":[{"href":"https:\/\/mytax.lt\/ru\/wp-json\/wp\/v2\/types\/page"}],"author":[{"embeddable":true,"href":"https:\/\/mytax.lt\/ru\/wp-json\/wp\/v2\/users\/1"}],"replies":[{"embeddable":true,"href":"https:\/\/mytax.lt\/ru\/wp-json\/wp\/v2\/comments?post=16081"}],"version-history":[{"count":7,"href":"https:\/\/mytax.lt\/ru\/wp-json\/wp\/v2\/pages\/16081\/revisions"}],"predecessor-version":[{"id":17527,"href":"https:\/\/mytax.lt\/ru\/wp-json\/wp\/v2\/pages\/16081\/revisions\/17527"}],"wp:featuredmedia":[{"embeddable":true,"href":"https:\/\/mytax.lt\/ru\/wp-json\/wp\/v2\/media\/15907"}],"wp:attachment":[{"href":"https:\/\/mytax.lt\/ru\/wp-json\/wp\/v2\/media?parent=16081"}],"curies":[{"name":"wp","href":"https:\/\/api.w.org\/{rel}","templated":true}]}}