{"id":10409,"date":"2024-12-25T07:46:12","date_gmt":"2024-12-25T05:46:12","guid":{"rendered":"https:\/\/mytax.lt\/?page_id=10409"},"modified":"2025-03-06T07:59:59","modified_gmt":"2025-03-06T05:59:59","slug":"buhalterise","status":"publish","type":"page","link":"https:\/\/mytax.lt\/ru\/buhalterise\/","title":{"rendered":"BUHALTERIS(\u0116)"},"content":{"rendered":"<p>[et_pb_section fb_built=&#187;1&#8243; module_class=&#187;custom-gradient-section&#187; _builder_version=&#187;4.27.4&#8243; _module_preset=&#187;default&#187; min_height=&#187;218.8px&#187; custom_margin=&#187;||23px|||&#187; custom_padding=&#187;45px||45px||true|false&#187; locked=&#187;off&#187; collapsed=&#187;off&#187; global_colors_info=&#187;{}&#187;][et_pb_row _builder_version=&#187;4.27.4&#8243; _module_preset=&#187;default&#187; width=&#187;100%&#187; max_width=&#187;1175px&#187; module_alignment=&#187;center&#187; min_height=&#187;97.4px&#187; custom_margin=&#187;||||false|false&#187; custom_padding=&#187;32px|15px||15px|false|true&#187; hover_enabled=&#187;0&#8243; global_colors_info=&#187;{}&#187; custom_padding_last_edited=&#187;on|phone&#187; custom_padding_phone=&#187;32px|0px||0px|false|true&#187; sticky_enabled=&#187;0&#8243; custom_padding_tablet=&#187;32px|15px||15px|false|true&#187;][et_pb_column type=&#187;4_4&#8243; _builder_version=&#187;4.16&#8243; _module_preset=&#187;default&#187; global_colors_info=&#187;{}&#187;][et_pb_text admin_label=&#187;Text&#187; _builder_version=&#187;4.27.4&#8243; background_size=&#187;initial&#187; background_position=&#187;top_left&#187; background_repeat=&#187;repeat&#187; hover_enabled=&#187;0&#8243; global_colors_info=&#187;{}&#187; custom_padding_last_edited=&#187;on|phone&#187; custom_padding_phone=&#187;|15px||15px|false|true&#187; sticky_enabled=&#187;0&#8243; custom_margin_last_edited=&#187;on|phone&#187; custom_margin_phone=&#187;|0px||0px|false|true&#187;]<\/p>\n<div class=\"et_pb_module et_pb_text et_pb_text_0  et_pb_text_align_left et_pb_bg_layout_light\">\n<div class=\"et_pb_text_inner\">\n<p data-pm-slice=\"1 1 []\"><span>Darbo vieta: Lietuva (nuotolinis darbas)<\/span><\/p>\n<\/div>\n<\/div>\n<p>[\/et_pb_text][et_pb_post_title meta=&#187;off&#187; featured_image=&#187;off&#187; _builder_version=&#187;4.27.4&#8243; title_font=&#187;Fira Sans|500|||||||&#187; title_text_align=&#187;center&#187; title_font_size=&#187;44px&#187; background_color=&#187;rgba(0,0,0,0)&#187; min_height=&#187;71px&#187; custom_margin=&#187;92px||||false|false&#187; custom_margin_tablet=&#187;92px||||false|false&#187; custom_margin_phone=&#187;75px||||false|false&#187; custom_margin_last_edited=&#187;on|phone&#187; custom_padding=&#187;||||false|false&#187; custom_padding_tablet=&#187;||||false|false&#187; custom_padding_phone=&#187;|25px||25px|false|true&#187; custom_padding_last_edited=&#187;on|phone&#187; global_module=&#187;4930&#8243; saved_tabs=&#187;all&#187; locked=&#187;off&#187; global_colors_info=&#187;{}&#187;][\/et_pb_post_title][et_pb_text admin_label=&#187;Text&#187; _builder_version=&#187;4.27.4&#8243; text_text_color=&#187;#000000&#8243; background_size=&#187;initial&#187; background_position=&#187;top_left&#187; background_repeat=&#187;repeat&#187; custom_margin=&#187;16px||||false|false&#187; hover_enabled=&#187;0&#8243; global_colors_info=&#187;{}&#187; sticky_enabled=&#187;0&#8243;]<\/p>\n<div class=\"et_pb_module et_pb_text et_pb_text_0  et_pb_text_align_left et_pb_bg_layout_light\"><\/div>\n<div class=\"et_pb_module et_pb_text et_pb_text_0  et_pb_text_align_left et_pb_bg_layout_light\">\n<div class=\"et_pb_text_inner\">\n<p><span style=\"font-size: 16px;\">\u012emon\u0117 UAB MyTax.lt ne tiktai internetu paprastais tarifais sprend\u017eia visus buhalterinius klausimus, bet ir sukuria naujas darbo vietas.<\/span><\/p>\n<p>J\u016bs esate patyr\u0119s buhalteris(\u0117), turite darbo sta\u017e\u0105 Lietuvoje ne ma\u017eesn\u012f kaip 2 metai, dirbote su PVM ir kitais mokes\u010diais, turite patirt\u012f dirbant su apskaitos programa Rivil\u0117? Mes ie\u0161kome b\u016btent J\u016bs\u0173!<\/p>\n<p>K\u0105 mes si\u016blome: galimyb\u0119 tur\u0117ti lankst\u0173 darbo grafik\u0105 ir karjeros augim\u0105, esant poreikiui jaukus ofisas Vilniaus centre, draugi\u0161kas kolektyvas.<\/p>\n<p>Darbo u\u017emokes\u010dio dydis priklauso nuo CV ir pokalbio rezultat\u0173.<\/p>\n<p>&nbsp;<\/p>\n<p>&nbsp;<\/p>\n<table class=\"responsive\">\n<tbody>\n<tr>\n<td>Darbo pob\u016bdis:<\/td>\n<td>\n<p>Ie\u0161kome buhalter\u0117s(-io), kuris sugeb\u0117t\u0173 dirbti individualiai, b\u016bt\u0173 atsakingas u\u017e:<\/p>\n<p>\u2022 buhalterin\u0117s apskaitos organizavim\u0105;<br \/>\u2022 pirmini\u0173 dokument\u0173 suvedim\u0105;<br \/>\u2022 darbo u\u017emokes\u010dio skai\u010diavim\u0105;<br \/>\u2022 ataskait\u0173 formavim\u0105;<br \/>\u2022 bendravim\u0105 su klientais;<br \/>\u2022 tiek\u0117j\u0173\/ pirk\u0117j\u0173 skol\u0173 derinim\u0105.<\/p>\n<\/td>\n<\/tr>\n<tr>\n<td>Reikalavimai darbuotojui:<\/td>\n<td>Darbo patirtis: nuo 2 met\u0173<\/td>\n<\/tr>\n<tr>\n<td>Privalumai:<\/td>\n<td>Mok\u0117jimas dirbti buhalterin\u0117s apskaitos programa Rivil\u0117. Didelis privalumas darbo patirtis buhalterini\u0173 paslaug\u0173 \u012fmon\u0117je.<\/td>\n<\/tr>\n<tr>\n<td>\u012emon\u0117 si\u016blo:<\/td>\n<td>\u2022 \u0161iuolaiki\u0161kas darbo s\u0105lygas ir darbo priemones;<br \/>\u2022 draugi\u0161k\u0105 kolektyv\u0105;<br \/>\u2022 lankst\u0173 darbo grafik\u0105;<br \/>\u2022 stabil\u0173, did\u0117jant\u012f ir nuo rezultat\u0173 priklausant\u012f atlyginim\u0105.<\/td>\n<\/tr>\n<\/tbody>\n<\/table>\n<\/div>\n<\/div>\n<div class=\"et_pb_module et_pb_code et_pb_code_0\">\n<div class=\"et_pb_code_inner\"><\/div>\n<\/div>\n<div class=\"et_pb_module et_pb_text et_pb_text_1  et_pb_text_align_left et_pb_bg_layout_light\">\n<div class=\"et_pb_text_inner\">\n<p>D\u0117l detalesn\u0117s informacijos pra\u0161ome susisiekti per svetain\u0117s kontaktin\u0119 form\u0105 arba skambinkite telefonu.<\/p>\n<\/div>\n<\/div>\n<p>[\/et_pb_text][\/et_pb_column][\/et_pb_row][\/et_pb_section]<\/p>\n","protected":false},"excerpt":{"rendered":"<p>Darbo vieta: Lietuva (nuotolinis darbas) \u012emon\u0117 UAB MyTax.lt ne tiktai internetu paprastais tarifais sprend\u017eia visus buhalterinius klausimus, bet ir sukuria naujas darbo vietas. J\u016bs esate [&hellip;]<\/p>\n","protected":false},"author":1,"featured_media":0,"parent":0,"menu_order":0,"comment_status":"closed","ping_status":"closed","template":"","meta":{"_acf_changed":false,"_et_pb_use_builder":"on","_et_pb_old_content":"<div class=\"et_pb_module et_pb_text et_pb_text_0  et_pb_text_align_left et_pb_bg_layout_light\">\r\n<div class=\"et_pb_text_inner\">\r\n\r\nVisa Lietuva: \u012edarbinimo pasi\u016blymas buhalteriui su darbo patirtimi.\r\n\r\n\u012emon\u0117 UAB MyTax.lt ne tiktai internetu paprastais tarifais sprend\u017eia visus buhalterinius klausimus, bet ir sukuria naujas darbo vietas.\r\n\r\nJ\u016bs esate patyr\u0119s buhalteris(\u0117), turite darbo sta\u017e\u0105 Lietuvoje ne ma\u017eesn\u012f kaip 2 metai, dirbote su PVM ir kitais mokes\u010diais, turite patirt\u012f dirbant su apskaitos programa Rivil\u0117? Mes ie\u0161kome b\u016btent J\u016bs\u0173!\r\n\r\nK\u0105 mes si\u016blome: galimyb\u0119 tur\u0117ti lankst\u0173 darbo grafik\u0105 ir karjeros augim\u0105, esant poreikiui jaukus ofisas Vilniaus centre, draugi\u0161kas kolektyvas.\r\n\r\nDarbo u\u017emokes\u010dio dydis priklauso nuo CV ir pokalbio rezultat\u0173.\r\n<table class=\"responsive\">\r\n<tbody>\r\n<tr>\r\n<td>Darbo pob\u016bdis:<\/td>\r\n<td>Ie\u0161kome buhalter\u0117s(-io), kuris sugeb\u0117t\u0173 dirbti individualiai, b\u016bt\u0173 atsakingas u\u017e:\r\n\r\n\u2022 buhalterin\u0117s apskaitos organizavim\u0105;\r\n\u2022 pirmini\u0173 dokument\u0173 suvedim\u0105;\r\n\u2022 darbo u\u017emokes\u010dio skai\u010diavim\u0105;\r\n\u2022 ataskait\u0173 formavim\u0105;\r\n\u2022 bendravim\u0105 su klientais;\r\n\u2022 tiek\u0117j\u0173\/ pirk\u0117j\u0173 skol\u0173 derinim\u0105.<\/td>\r\n<\/tr>\r\n<tr>\r\n<td>Reikalavimai darbuotojui:<\/td>\r\n<td>Darbo patirtis: nuo 2 met\u0173<\/td>\r\n<\/tr>\r\n<tr>\r\n<td>Privalumai:<\/td>\r\n<td>Mok\u0117jimas dirbti buhalterin\u0117s apskaitos programa Rivil\u0117. Didelis privalumas darbo patirtis buhalterini\u0173 paslaug\u0173 \u012fmon\u0117je.<\/td>\r\n<\/tr>\r\n<tr>\r\n<td>\u012emon\u0117 si\u016blo:<\/td>\r\n<td>\u2022 \u0161iuolaiki\u0161kas darbo s\u0105lygas ir darbo priemones;\r\n\u2022 draugi\u0161k\u0105 kolektyv\u0105;\r\n\u2022 lankst\u0173 darbo grafik\u0105;\r\n\u2022 stabil\u0173, did\u0117jant\u012f ir nuo rezultat\u0173 priklausant\u012f atlyginim\u0105.<\/td>\r\n<\/tr>\r\n<\/tbody>\r\n<\/table>\r\n<\/div>\r\n<\/div>\r\n<div class=\"et_pb_module et_pb_code et_pb_code_0\">\r\n<div class=\"et_pb_code_inner\"><\/div>\r\n<\/div>\r\n<div class=\"et_pb_module et_pb_text et_pb_text_1  et_pb_text_align_left et_pb_bg_layout_light\">\r\n<div class=\"et_pb_text_inner\">\r\n\r\nD\u0117l detalesn\u0117s informacijos pra\u0161ome susisiekti per svetain\u0117s kontaktin\u0119 form\u0105 arba skambinkite telefonu.\r\n\r\n<\/div>\r\n<\/div>","_et_gb_content_width":"","om_disable_all_campaigns":false,"_exactmetrics_skip_tracking":false,"_exactmetrics_sitenote_active":false,"_exactmetrics_sitenote_note":"","_exactmetrics_sitenote_category":0,"iawp_total_views":25,"footnotes":""},"class_list":["post-10409","page","type-page","status-publish","hentry"],"acf":[],"jetpack_sharing_enabled":true,"_links":{"self":[{"href":"https:\/\/mytax.lt\/ru\/wp-json\/wp\/v2\/pages\/10409","targetHints":{"allow":["GET"]}}],"collection":[{"href":"https:\/\/mytax.lt\/ru\/wp-json\/wp\/v2\/pages"}],"about":[{"href":"https:\/\/mytax.lt\/ru\/wp-json\/wp\/v2\/types\/page"}],"author":[{"embeddable":true,"href":"https:\/\/mytax.lt\/ru\/wp-json\/wp\/v2\/users\/1"}],"replies":[{"embeddable":true,"href":"https:\/\/mytax.lt\/ru\/wp-json\/wp\/v2\/comments?post=10409"}],"version-history":[{"count":7,"href":"https:\/\/mytax.lt\/ru\/wp-json\/wp\/v2\/pages\/10409\/revisions"}],"predecessor-version":[{"id":13572,"href":"https:\/\/mytax.lt\/ru\/wp-json\/wp\/v2\/pages\/10409\/revisions\/13572"}],"wp:attachment":[{"href":"https:\/\/mytax.lt\/ru\/wp-json\/wp\/v2\/media?parent=10409"}],"curies":[{"name":"wp","href":"https:\/\/api.w.org\/{rel}","templated":true}]}}