{"id":10203,"date":"2024-12-18T05:11:44","date_gmt":"2024-12-18T03:11:44","guid":{"rendered":"https:\/\/mytax.lt\/?page_id=10203"},"modified":"2024-12-31T19:05:06","modified_gmt":"2024-12-31T17:05:06","slug":"imone","status":"publish","type":"page","link":"https:\/\/mytax.lt\/ru\/imone\/","title":{"rendered":"\u012emon\u0117"},"content":{"rendered":"<p>[et_pb_section fb_built=&#187;1&#8243; custom_padding_last_edited=&#187;on|desktop&#187; module_class=&#187;custom-gradient-section&#187; _builder_version=&#187;4.27.4&#8243; _module_preset=&#187;default&#187; min_height=&#187;517.8px&#187; custom_padding=&#187;37px||37px||true|false&#187; custom_padding_tablet=&#187;37px||37px||true|false&#187; custom_padding_phone=&#187;0px|0px|0px|0px|true|true&#187; locked=&#187;off&#187; collapsed=&#187;off&#187; global_colors_info=&#187;{}&#187;][et_pb_row column_structure=&#187;1_2,1_2&#8243; _builder_version=&#187;4.27.4&#8243; _module_preset=&#187;default&#187; width=&#187;75%&#187; min_height=&#187;97.4px&#187; custom_margin=&#187;||||false|false&#187; custom_padding=&#187;32px||||false|false&#187; global_colors_info=&#187;{}&#187;][et_pb_column type=&#187;1_2&#8243; _builder_version=&#187;4.16&#8243; _module_preset=&#187;default&#187; global_colors_info=&#187;{}&#187;][et_pb_post_title meta=&#187;off&#187; featured_image=&#187;off&#187; _builder_version=&#187;4.27.4&#8243; title_font=&#187;Fira Sans|500|||||||&#187; background_color=&#187;rgba(0,0,0,0)&#187; min_height=&#187;71px&#187; custom_margin=&#187;92px||||false|false&#187; custom_padding=&#187;||||false|false&#187; global_module=&#187;4930&#8243; saved_tabs=&#187;all&#187; global_colors_info=&#187;{}&#187;][\/et_pb_post_title][\/et_pb_column][et_pb_column type=&#187;1_2&#8243; _builder_version=&#187;4.16&#8243; _module_preset=&#187;default&#187; global_colors_info=&#187;{}&#187;][et_pb_image src=&#187;@ET-DC@eyJkeW5hbWljIjp0cnVlLCJjb250ZW50IjoicG9zdF9mZWF0dXJlZF9pbWFnZSIsInNldHRpbmdzIjp7fX0=@&#187; _builder_version=&#187;4.27.4&#8243; _dynamic_attributes=&#187;src&#187; _module_preset=&#187;default&#187; width=&#187;100%&#187; max_width=&#187;100%&#187; height=&#187;594px&#187; max_height=&#187;358px&#187; border_radii=&#187;on|10px|10px|10px|10px&#187; global_colors_info=&#187;{}&#187;][\/et_pb_image][\/et_pb_column][\/et_pb_row][\/et_pb_section][et_pb_section fb_built=&#187;1&#8243; _builder_version=&#187;4.27.4&#8243; _module_preset=&#187;default&#187; height=&#187;700px&#187; custom_padding=&#187;||162px|||&#187; hover_enabled=&#187;0&#8243; locked=&#187;off&#187; global_colors_info=&#187;{}&#187; sticky_enabled=&#187;0&#8243;][et_pb_row column_structure=&#187;1_2,1_2&#8243; _builder_version=&#187;4.27.4&#8243; _module_preset=&#187;default&#187; global_colors_info=&#187;{}&#187;][et_pb_column type=&#187;1_2&#8243; _builder_version=&#187;4.27.4&#8243; _module_preset=&#187;default&#187; global_colors_info=&#187;{}&#187;][et_pb_text admin_label=&#187;Darbdavio keitimas&#187; _builder_version=&#187;4.27.4&#8243; _module_preset=&#187;default&#187; height=&#187;100px&#187; custom_padding=&#187;38px||10px|25px|false|false&#187; link_option_url=&#187;\/apie-mus\/&#187; border_radii=&#187;on|20px|20px|20px|20px&#187; box_shadow_style=&#187;preset1&#8243; box_shadow_spread=&#187;-5px&#187; global_colors_info=&#187;{}&#187;]<\/p>\n<h2>Apie mus<\/h2>\n<p>[\/et_pb_text][et_pb_text admin_label=&#187;Darbdavio keitimas&#187; _builder_version=&#187;4.27.4&#8243; _module_preset=&#187;default&#187; height=&#187;100px&#187; custom_padding=&#187;38px||10px|25px|false|false&#187; link_option_url=&#187;\/apie-mus\/kodel-mes\/&#187; border_radii=&#187;on|20px|20px|20px|20px&#187; box_shadow_style=&#187;preset1&#8243; box_shadow_spread=&#187;-5px&#187; global_colors_info=&#187;{}&#187;]<\/p>\n<h2>Kod\u0117l mes?<\/h2>\n<p>[\/et_pb_text][\/et_pb_column][et_pb_column type=&#187;1_2&#8243; _builder_version=&#187;4.27.4&#8243; _module_preset=&#187;default&#187; global_colors_info=&#187;{}&#187;][et_pb_text admin_label=&#187;Dokument\u0173 leidimo laikinai gyventi i\u0161davimui parengimas&#187; _builder_version=&#187;4.27.4&#8243; _module_preset=&#187;default&#187; height=&#187;100px&#187; custom_padding=&#187;38px||10px|25px|false|false&#187; link_option_url=&#187;\/apie-mus\/karjera\/&#187; border_radii=&#187;on|20px|20px|20px|20px&#187; box_shadow_style=&#187;preset1&#8243; box_shadow_spread=&#187;-5px&#187; global_colors_info=&#187;{}&#187;]<\/p>\n<h2>Karjera<\/h2>\n<p>[\/et_pb_text][et_pb_text admin_label=&#187;Dokument\u0173 leidimo laikinai gyventi i\u0161davimui parengimas&#187; _builder_version=&#187;4.27.4&#8243; _module_preset=&#187;default&#187; height=&#187;100px&#187; custom_padding=&#187;38px||10px|25px|false|false&#187; link_option_url=&#187;\/apie-mus\/kodel-imone-geriau\/&#187; border_radii=&#187;on|20px|20px|20px|20px&#187; box_shadow_style=&#187;preset1&#8243; box_shadow_spread=&#187;-5px&#187; global_colors_info=&#187;{}&#187;]<\/p>\n<h2>Kod\u0117l \u012fmon\u0117 geriau<\/h2>\n<p>[\/et_pb_text][\/et_pb_column][\/et_pb_row][\/et_pb_section]<\/p>\n","protected":false},"excerpt":{"rendered":"<p>Apie musKod\u0117l mes?KarjeraKod\u0117l \u012fmon\u0117 geriau<\/p>\n","protected":false},"author":1,"featured_media":10964,"parent":0,"menu_order":0,"comment_status":"closed","ping_status":"closed","template":"","meta":{"_acf_changed":false,"_et_pb_use_builder":"on","_et_pb_old_content":"","_et_gb_content_width":"","om_disable_all_campaigns":false,"_exactmetrics_skip_tracking":false,"_exactmetrics_sitenote_active":false,"_exactmetrics_sitenote_note":"","_exactmetrics_sitenote_category":0,"iawp_total_views":4,"footnotes":""},"class_list":["post-10203","page","type-page","status-publish","has-post-thumbnail","hentry"],"acf":[],"jetpack_sharing_enabled":true,"_links":{"self":[{"href":"https:\/\/mytax.lt\/ru\/wp-json\/wp\/v2\/pages\/10203","targetHints":{"allow":["GET"]}}],"collection":[{"href":"https:\/\/mytax.lt\/ru\/wp-json\/wp\/v2\/pages"}],"about":[{"href":"https:\/\/mytax.lt\/ru\/wp-json\/wp\/v2\/types\/page"}],"author":[{"embeddable":true,"href":"https:\/\/mytax.lt\/ru\/wp-json\/wp\/v2\/users\/1"}],"replies":[{"embeddable":true,"href":"https:\/\/mytax.lt\/ru\/wp-json\/wp\/v2\/comments?post=10203"}],"version-history":[{"count":9,"href":"https:\/\/mytax.lt\/ru\/wp-json\/wp\/v2\/pages\/10203\/revisions"}],"predecessor-version":[{"id":10968,"href":"https:\/\/mytax.lt\/ru\/wp-json\/wp\/v2\/pages\/10203\/revisions\/10968"}],"wp:featuredmedia":[{"embeddable":true,"href":"https:\/\/mytax.lt\/ru\/wp-json\/wp\/v2\/media\/10964"}],"wp:attachment":[{"href":"https:\/\/mytax.lt\/ru\/wp-json\/wp\/v2\/media?parent=10203"}],"curies":[{"name":"wp","href":"https:\/\/api.w.org\/{rel}","templated":true}]}}