{"id":10197,"date":"2024-12-18T05:06:48","date_gmt":"2024-12-18T03:06:48","guid":{"rendered":"https:\/\/mytax.lt\/?page_id=10197"},"modified":"2024-12-31T15:51:54","modified_gmt":"2024-12-31T13:51:54","slug":"paslaugos","status":"publish","type":"page","link":"https:\/\/mytax.lt\/ru\/paslaugos\/","title":{"rendered":"Paslaugos"},"content":{"rendered":"<p>[et_pb_section fb_built=&#187;1&#8243; custom_padding_last_edited=&#187;on|desktop&#187; module_class=&#187;custom-gradient-section&#187; _builder_version=&#187;4.27.4&#8243; _module_preset=&#187;default&#187; min_height=&#187;517.8px&#187; custom_padding=&#187;37px||37px||true|false&#187; custom_padding_tablet=&#187;37px||37px||true|false&#187; custom_padding_phone=&#187;0px|0px|0px|0px|true|true&#187; locked=&#187;off&#187; collapsed=&#187;off&#187; global_colors_info=&#187;{}&#187;][et_pb_row column_structure=&#187;1_2,1_2&#8243; _builder_version=&#187;4.27.4&#8243; _module_preset=&#187;default&#187; width=&#187;75%&#187; custom_margin=&#187;|auto|36px|auto|false|false&#187; custom_padding=&#187;||30px||false|false&#187; global_colors_info=&#187;{}&#187;][et_pb_column type=&#187;1_2&#8243; _builder_version=&#187;4.16&#8243; _module_preset=&#187;default&#187; global_colors_info=&#187;{}&#187;][et_pb_text admin_label=&#187;Text&#187; _builder_version=&#187;4.27.4&#8243; _module_preset=&#187;default&#187; header_font=&#187;|700|||||||&#187; header_text_color=&#187;#000000&#8243; min_height=&#187;44px&#187; custom_margin=&#187;107px||||false|false&#187; global_colors_info=&#187;{}&#187;]<\/p>\n<h1>Paslaugos<\/h1>\n<p>[\/et_pb_text][\/et_pb_column][et_pb_column type=&#187;1_2&#8243; _builder_version=&#187;4.16&#8243; _module_preset=&#187;default&#187; global_colors_info=&#187;{}&#187;][et_pb_image src=&#187;@ET-DC@eyJkeW5hbWljIjp0cnVlLCJjb250ZW50IjoicG9zdF9mZWF0dXJlZF9pbWFnZSIsInNldHRpbmdzIjp7fX0=@&#187; _builder_version=&#187;4.27.4&#8243; _dynamic_attributes=&#187;src&#187; _module_preset=&#187;default&#187; width=&#187;100%&#187; max_width=&#187;100%&#187; height=&#187;594px&#187; max_height=&#187;358px&#187; border_radii=&#187;on|10px|10px|10px|10px&#187; global_colors_info=&#187;{}&#187;][\/et_pb_image][\/et_pb_column][\/et_pb_row][\/et_pb_section][et_pb_section fb_built=&#187;1&#8243; _builder_version=&#187;4.27.4&#8243; _module_preset=&#187;default&#187; global_colors_info=&#187;{}&#187;][et_pb_row column_structure=&#187;1_4,1_4,1_4,1_4&#8243; _builder_version=&#187;4.27.4&#8243; _module_preset=&#187;default&#187; global_colors_info=&#187;{}&#187;][et_pb_column type=&#187;1_4&#8243; _builder_version=&#187;4.27.4&#8243; _module_preset=&#187;default&#187; global_colors_info=&#187;{}&#187;][et_pb_text admin_label=&#187;Migracijos paslaugos&#187; _builder_version=&#187;4.27.4&#8243; _module_preset=&#187;default&#187; custom_margin=&#187;||35px|||&#187; global_colors_info=&#187;{}&#187;]<\/p>\n<h2>Migracijos paslaugos<\/h2>\n<p>[\/et_pb_text][et_pb_text admin_label=&#187;Darbdavio keitimas&#187; _builder_version=&#187;4.27.4&#8243; _module_preset=&#187;default&#187; height=&#187;100px&#187; custom_padding=&#187;38px||10px|25px|false|false&#187; link_option_url=&#187;\/produktas\/darbdavio-keitimas\/&#187; border_radii=&#187;on|20px|20px|20px|20px&#187; box_shadow_style=&#187;preset1&#8243; box_shadow_spread=&#187;-5px&#187; global_colors_info=&#187;{}&#187;]<\/p>\n<h3>Darbdavio keitimas<\/h3>\n<p>[\/et_pb_text][et_pb_text admin_label=&#187;Dokument\u0173 leidimo laikinai gyventi i\u0161davimui parengimas&#187; _builder_version=&#187;4.27.4&#8243; _module_preset=&#187;default&#187; height=&#187;100px&#187; custom_padding=&#187;38px||10px|25px|false|false&#187; link_option_url=&#187;\/produktas\/dokumentu-leidomo-laikinai-gyventi-isdavimui-parengimas\/&#187; border_radii=&#187;on|20px|20px|20px|20px&#187; box_shadow_style=&#187;preset1&#8243; box_shadow_spread=&#187;-5px&#187; global_colors_info=&#187;{}&#187;]<\/p>\n<h3>Dokument\u0173 leidimo laikinai gyventi i\u0161davimui parengimas<\/h3>\n<p>[\/et_pb_text][et_pb_text admin_label=&#187;Dokument\u0173 darbo vizai parengimas&#187; _builder_version=&#187;4.27.4&#8243; _module_preset=&#187;default&#187; height=&#187;100px&#187; custom_padding=&#187;38px||10px|25px|false|false&#187; link_option_url=&#187;\/buhalterise\/&#187; border_radii=&#187;on|20px|20px|20px|20px&#187; box_shadow_style=&#187;preset1&#8243; box_shadow_spread=&#187;-5px&#187; global_colors_info=&#187;{}&#187;]<\/p>\n<h3>Dokument\u0173 darbo vizai parengimas<\/h3>\n<p>[\/et_pb_text][\/et_pb_column][et_pb_column type=&#187;1_4&#8243; _builder_version=&#187;4.27.4&#8243; _module_preset=&#187;default&#187; global_colors_info=&#187;{}&#187;][et_pb_text admin_label=&#187;Buhalterin\u0117s paslaugos&#187; _builder_version=&#187;4.27.4&#8243; _module_preset=&#187;default&#187; custom_margin=&#187;||35px|||&#187; global_colors_info=&#187;{}&#187;]<\/p>\n<h2>Buhalterin\u0117s paslaugos<\/h2>\n<p>[\/et_pb_text][et_pb_text admin_label=&#187;UAB buhalterin\u0117 apskaita&#187; _builder_version=&#187;4.27.4&#8243; _module_preset=&#187;default&#187; height=&#187;100px&#187; custom_padding=&#187;38px||10px|25px|false|false&#187; link_option_url=&#187;\/produktas\/uab-buhalterine-apskaita\/&#187; border_radii=&#187;on|20px|20px|20px|20px&#187; box_shadow_style=&#187;preset1&#8243; box_shadow_spread=&#187;-5px&#187; global_colors_info=&#187;{}&#187;]<\/p>\n<h3>UAB buhalterin\u0117 apskaita<\/h3>\n<p>[\/et_pb_text][et_pb_text admin_label=&#187;MB buhalterin\u0117 apskaita&#187; _builder_version=&#187;4.27.4&#8243; _module_preset=&#187;default&#187; height=&#187;100px&#187; custom_padding=&#187;38px||10px|25px|false|false&#187; link_option_url=&#187;\/produktas\/mb-pradine-buhalterine-apskaita\/&#187; border_radii=&#187;on|20px|20px|20px|20px&#187; box_shadow_style=&#187;preset1&#8243; box_shadow_spread=&#187;-5px&#187; global_colors_info=&#187;{}&#187;]<\/p>\n<h3>MB buhalterin\u0117 apskaita<\/h3>\n<p>[\/et_pb_text][et_pb_text admin_label=&#187;I\u012e \/ verslo liudijimo buhalterin\u0117 apskaita&#187; _builder_version=&#187;4.27.4&#8243; _module_preset=&#187;default&#187; height=&#187;100px&#187; custom_padding=&#187;38px||10px|25px|false|false&#187; link_option_url=&#187;\/produktas\/ii-verslo-liudijimo-buhalterine-apskaita\/&#187; border_radii=&#187;on|20px|20px|20px|20px&#187; box_shadow_style=&#187;preset1&#8243; box_shadow_spread=&#187;-5px&#187; global_colors_info=&#187;{}&#187;]<\/p>\n<h3>I\u012e \/ verslo liudijimo buhalterin\u0117 apskaita<\/h3>\n<p>[\/et_pb_text][et_pb_text admin_label=&#187;V\u0161\u012e buhalterin\u0117 apskaita&#187; _builder_version=&#187;4.27.4&#8243; _module_preset=&#187;default&#187; height=&#187;100px&#187; custom_padding=&#187;38px||10px|25px|false|false&#187; link_option_url=&#187;\/produktas\/vsi-buhalterine-apskaita\/&#187; border_radii=&#187;on|20px|20px|20px|20px&#187; box_shadow_style=&#187;preset1&#8243; box_shadow_spread=&#187;-5px&#187; global_colors_info=&#187;{}&#187;]<\/p>\n<h3>V\u0161\u012e buhalterin\u0117 apskaita<\/h3>\n<p>[\/et_pb_text][et_pb_text admin_label=&#187;Biud\u017eetini\u0173 \u012fstaig\u0173 buhalterin\u0117 apskaita&#187; _builder_version=&#187;4.27.4&#8243; _module_preset=&#187;default&#187; height=&#187;100px&#187; custom_padding=&#187;38px||10px|25px|false|false&#187; link_option_url=&#187;\/produktas\/biudzetiniu-istaigu-buhalterine-apskaita\/&#187; border_radii=&#187;on|20px|20px|20px|20px&#187; box_shadow_style=&#187;preset1&#8243; box_shadow_spread=&#187;-5px&#187; global_colors_info=&#187;{}&#187;]<\/p>\n<h3>Biud\u017eetini\u0173 \u012fstaig\u0173 buhalterin\u0117 apskaita<\/h3>\n<p>[\/et_pb_text][et_pb_text admin_label=&#187;\u016akinink\u0173 buhalterin\u0117 apskaita&#187; _builder_version=&#187;4.27.4&#8243; _module_preset=&#187;default&#187; height=&#187;100px&#187; custom_padding=&#187;38px||10px|25px|false|false&#187; link_option_url=&#187;\/produktas\/ukininku-buhalterine-apskaita\/&#187; border_radii=&#187;on|20px|20px|20px|20px&#187; box_shadow_style=&#187;preset1&#8243; box_shadow_spread=&#187;-5px&#187; global_colors_info=&#187;{}&#187;]<\/p>\n<h3>\u016akinink\u0173 buhalterin\u0117 apskaita<\/h3>\n<p>[\/et_pb_text][et_pb_text admin_label=&#187;Apleistos buhalterijos tvarkymas&#187; _builder_version=&#187;4.27.4&#8243; _module_preset=&#187;default&#187; height=&#187;100px&#187; custom_padding=&#187;38px||10px|25px|false|false&#187; link_option_url=&#187;\/produktas\/apleistos-buhalterijos-tvarkymas\/&#187; border_radii=&#187;on|20px|20px|20px|20px&#187; box_shadow_style=&#187;preset1&#8243; box_shadow_spread=&#187;-5px&#187; global_colors_info=&#187;{}&#187;]<\/p>\n<h3>Apleistos buhalterijos tvarkymas<\/h3>\n<p>[\/et_pb_text][et_pb_text admin_label=&#187;\u016akini\u0173 operacij\u0173 registravimo ir vertinimo tvarkos bei apskaitos politikos parengimas&#187; _builder_version=&#187;4.27.4&#8243; _module_preset=&#187;default&#187; height=&#187;100px&#187; custom_padding=&#187;38px||10px|25px|false|false&#187; link_option_url=&#187;\/produktas\/apskaitos-politikos-rengimas\/&#187; border_radii=&#187;on|20px|20px|20px|20px&#187; box_shadow_style=&#187;preset1&#8243; box_shadow_spread=&#187;-5px&#187; global_colors_info=&#187;{}&#187;]<\/p>\n<h3>\u016akini\u0173 operacij\u0173 registravimo ir vertinimo tvarkos bei apskaitos politikos parengimas<\/h3>\n<p>[\/et_pb_text][et_pb_text admin_label=&#187;Buhalterin\u0117 apskaita&#187; _builder_version=&#187;4.27.4&#8243; _module_preset=&#187;default&#187; height=&#187;100px&#187; custom_padding=&#187;38px||10px|25px|false|false&#187; link_option_url=&#187;\/produktas\/buhalterine-apskaita\/&#187; border_radii=&#187;on|20px|20px|20px|20px&#187; box_shadow_style=&#187;preset1&#8243; box_shadow_spread=&#187;-5px&#187; global_colors_info=&#187;{}&#187;]<\/p>\n<h3>Buhalterin\u0117 apskaita<\/h3>\n<p>[\/et_pb_text][et_pb_text admin_label=&#187;Ilgalaikio turto apskaita&#187; _builder_version=&#187;4.27.4&#8243; _module_preset=&#187;default&#187; height=&#187;100px&#187; custom_padding=&#187;38px||10px|25px|false|false&#187; link_option_url=&#187;\/produktas\/ilgalaikio-turto-apskaita\/&#187; border_radii=&#187;on|20px|20px|20px|20px&#187; box_shadow_style=&#187;preset1&#8243; box_shadow_spread=&#187;-5px&#187; global_colors_info=&#187;{}&#187;]<\/p>\n<h3>Ilgalaikio turto apskaita<\/h3>\n<p>[\/et_pb_text][\/et_pb_column][et_pb_column type=&#187;1_4&#8243; _builder_version=&#187;4.27.4&#8243; _module_preset=&#187;default&#187; global_colors_info=&#187;{}&#187;][et_pb_text admin_label=&#187;\u012emoni\u0173 steigimas&#187; _builder_version=&#187;4.27.4&#8243; _module_preset=&#187;default&#187; custom_margin=&#187;||35px|||&#187; global_colors_info=&#187;{}&#187;]<\/p>\n<h2>\u012emoni\u0173 steigimas<\/h2>\n<p>[\/et_pb_text][et_pb_text admin_label=&#187;UAB steigimas&#187; _builder_version=&#187;4.27.4&#8243; _module_preset=&#187;default&#187; height=&#187;100px&#187; custom_padding=&#187;38px||10px|25px|false|false&#187; link_option_url=&#187;\/produktas\/uab-steigimas\/&#187; border_radii=&#187;on|20px|20px|20px|20px&#187; box_shadow_style=&#187;preset1&#8243; box_shadow_spread=&#187;-5px&#187; global_colors_info=&#187;{}&#187;]<\/p>\n<h3>UAB steigimas<\/h3>\n<p>[\/et_pb_text][et_pb_text admin_label=&#187;MB steigimas&#187; _builder_version=&#187;4.27.4&#8243; _module_preset=&#187;default&#187; height=&#187;100px&#187; custom_padding=&#187;38px||10px|25px|false|false&#187; link_option_url=&#187;\/produktas\/mb-steigimas\/&#187; border_radii=&#187;on|20px|20px|20px|20px&#187; box_shadow_style=&#187;preset1&#8243; box_shadow_spread=&#187;-5px&#187; global_colors_info=&#187;{}&#187;]<\/p>\n<h3>MB steigimas<\/h3>\n<p>[\/et_pb_text][et_pb_text admin_label=&#187;Individualios \u012fmon\u0117s steigimas&#187; _builder_version=&#187;4.27.4&#8243; _module_preset=&#187;default&#187; height=&#187;100px&#187; custom_padding=&#187;38px||10px|25px|false|false&#187; link_option_url=&#187;\/produktas\/individualios-imones-steigimas\/&#187; border_radii=&#187;on|20px|20px|20px|20px&#187; box_shadow_style=&#187;preset1&#8243; box_shadow_spread=&#187;-5px&#187; global_colors_info=&#187;{}&#187;]<\/p>\n<h3>Individualios \u012fmon\u0117s steigimas<\/h3>\n<p>[\/et_pb_text][et_pb_text admin_label=&#187;Vie\u0161osios \u012fstaigos steigimas&#187; _builder_version=&#187;4.27.4&#8243; _module_preset=&#187;default&#187; height=&#187;100px&#187; custom_padding=&#187;38px||10px|25px|false|false&#187; link_option_url=&#187;\/produktas\/viesosios-istaigos-steigimas\/&#187; border_radii=&#187;on|20px|20px|20px|20px&#187; box_shadow_style=&#187;preset1&#8243; box_shadow_spread=&#187;-5px&#187; global_colors_info=&#187;{}&#187;]<\/p>\n<h3>Vie\u0161osios \u012fstaigos steigimas<\/h3>\n<p>[\/et_pb_text][et_pb_text admin_label=&#187;Asociacijos steigimas&#187; _builder_version=&#187;4.27.4&#8243; _module_preset=&#187;default&#187; height=&#187;100px&#187; custom_padding=&#187;38px||10px|25px|false|false&#187; link_option_url=&#187;\/produktas\/asociacijos-steigimas\/&#187; border_radii=&#187;on|20px|20px|20px|20px&#187; box_shadow_style=&#187;preset1&#8243; box_shadow_spread=&#187;-5px&#187; global_colors_info=&#187;{}&#187;]<\/p>\n<h3>Asociacijos steigimas<\/h3>\n<p>[\/et_pb_text][et_pb_text admin_label=&#187;Filialo ar atstovyb\u0117s steigimas&#187; _builder_version=&#187;4.27.4&#8243; _module_preset=&#187;default&#187; height=&#187;100px&#187; custom_padding=&#187;38px||10px|25px|false|false&#187; link_option_url=&#187;\/produktas\/filialo-ar-atstovybes-steigimas\/&#187; border_radii=&#187;on|20px|20px|20px|20px&#187; box_shadow_style=&#187;preset1&#8243; box_shadow_spread=&#187;-5px&#187; global_colors_info=&#187;{}&#187;]<\/p>\n<h3>Filialo ar atstovyb\u0117s steigimas<\/h3>\n<p>[\/et_pb_text][et_pb_text admin_label=&#187;Labdaros ir paramos fondo steigimas&#187; _builder_version=&#187;4.27.4&#8243; _module_preset=&#187;default&#187; height=&#187;100px&#187; custom_padding=&#187;38px||10px|25px|false|false&#187; link_option_url=&#187;\/produktas\/labdaros-ir-paramos-fondo-steigimas\/&#187; border_radii=&#187;on|20px|20px|20px|20px&#187; box_shadow_style=&#187;preset1&#8243; box_shadow_spread=&#187;-5px&#187; global_colors_info=&#187;{}&#187;]<\/p>\n<h3>Labdaros ir paramos fondo steigimas<\/h3>\n<p>[\/et_pb_text][\/et_pb_column][et_pb_column type=&#187;1_4&#8243; _builder_version=&#187;4.27.4&#8243; _module_preset=&#187;default&#187; global_colors_info=&#187;{}&#187;][et_pb_text _builder_version=&#187;4.27.4&#8243; _module_preset=&#187;default&#187; custom_margin=&#187;||35px|||&#187; global_colors_info=&#187;{}&#187;]<\/p>\n<h2>Verslo teis\u0117<\/h2>\n<p>[\/et_pb_text][et_pb_text _builder_version=&#187;4.27.4&#8243; _module_preset=&#187;default&#187; height=&#187;100px&#187; custom_padding=&#187;38px||10px|25px|false|false&#187; link_option_url=&#187;\/produktas\/labdaros-ir-paramos-fondo-steigimas\/&#187; border_radii=&#187;on|20px|20px|20px|20px&#187; box_shadow_style=&#187;preset1&#8243; box_shadow_spread=&#187;-5px&#187; global_colors_info=&#187;{}&#187;]<\/p>\n<h3>Labdaros ir paramos fondo steigimas<\/h3>\n<p>[\/et_pb_text][\/et_pb_column][\/et_pb_row][\/et_pb_section]<\/p>\n","protected":false},"excerpt":{"rendered":"<p>PaslaugosMigracijos paslaugosDarbdavio keitimasDokument\u0173 leidimo laikinai gyventi i\u0161davimui parengimasDokument\u0173 darbo vizai parengimasBuhalterin\u0117s paslaugosUAB buhalterin\u0117 apskaitaMB buhalterin\u0117 apskaitaI\u012e \/ verslo liudijimo buhalterin\u0117 apskaitaV\u0161\u012e buhalterin\u0117 apskaitaBiud\u017eetini\u0173 \u012fstaig\u0173 buhalterin\u0117 [&hellip;]<\/p>\n","protected":false},"author":1,"featured_media":10895,"parent":0,"menu_order":0,"comment_status":"closed","ping_status":"closed","template":"","meta":{"_acf_changed":false,"_et_pb_use_builder":"on","_et_pb_old_content":"","_et_gb_content_width":"","om_disable_all_campaigns":false,"_exactmetrics_skip_tracking":false,"_exactmetrics_sitenote_active":false,"_exactmetrics_sitenote_note":"","_exactmetrics_sitenote_category":0,"iawp_total_views":3,"footnotes":""},"class_list":["post-10197","page","type-page","status-publish","has-post-thumbnail","hentry"],"acf":[],"jetpack_sharing_enabled":true,"_links":{"self":[{"href":"https:\/\/mytax.lt\/ru\/wp-json\/wp\/v2\/pages\/10197","targetHints":{"allow":["GET"]}}],"collection":[{"href":"https:\/\/mytax.lt\/ru\/wp-json\/wp\/v2\/pages"}],"about":[{"href":"https:\/\/mytax.lt\/ru\/wp-json\/wp\/v2\/types\/page"}],"author":[{"embeddable":true,"href":"https:\/\/mytax.lt\/ru\/wp-json\/wp\/v2\/users\/1"}],"replies":[{"embeddable":true,"href":"https:\/\/mytax.lt\/ru\/wp-json\/wp\/v2\/comments?post=10197"}],"version-history":[{"count":9,"href":"https:\/\/mytax.lt\/ru\/wp-json\/wp\/v2\/pages\/10197\/revisions"}],"predecessor-version":[{"id":10900,"href":"https:\/\/mytax.lt\/ru\/wp-json\/wp\/v2\/pages\/10197\/revisions\/10900"}],"wp:featuredmedia":[{"embeddable":true,"href":"https:\/\/mytax.lt\/ru\/wp-json\/wp\/v2\/media\/10895"}],"wp:attachment":[{"href":"https:\/\/mytax.lt\/ru\/wp-json\/wp\/v2\/media?parent=10197"}],"curies":[{"name":"wp","href":"https:\/\/api.w.org\/{rel}","templated":true}]}}