{"id":15433,"date":"2025-05-08T14:48:43","date_gmt":"2025-05-08T11:48:43","guid":{"rendered":"https:\/\/mytax.lt\/produktas\/teisines-paslaugos-efektyviam-imones-valdymui\/"},"modified":"2025-08-22T02:45:53","modified_gmt":"2025-08-21T23:45:53","slug":"legal-services-for-company-management","status":"publish","type":"product","link":"https:\/\/mytax.lt\/en\/product\/legal-services-for-company-management\/","title":{"rendered":"Legal services for company management"},"content":{"rendered":"<p>Our legal services for company management help ensure compliant, efficient, and smooth business operations. We specialize in drafting, reviewing, and customizing employment contracts to meet your company\u2019s unique needs. Our team also audits and enhances corporate governance documents, offering improvements or preparing complete documentation from the ground up. We provide expert legal consultations for executives and administrative staff on complex company law and governance issues. Our mission is to build a strong legal foundation that safeguards your business and supports long-term growth.<\/p>\n","protected":false},"excerpt":{"rendered":"<h2><strong>Terminai:<\/strong><\/h2>\n<ul>\n<li>9 m\u0117nesiai\n<ul>\n<li>1 m\u0117n. \u2013 Parai\u0161ka d\u0117l tikrinimo (laikinosios apsaugos suteikimas).<\/li>\n<li>6 m\u0117n. \u2013 Preki\u0173 \u017eenklo tikrinimas (\u012ftraukiama informacija \u012f prek\u0117s \u017eenkl\u0173 registr\u0105).<\/li>\n<li>Po tikrinimo per 3 m\u0117n. \u2013 i\u0161duodamas pa\u017eym\u0117jimas.<\/li>\n<\/ul>\n<\/li>\n<\/ul>\n<p>Prek\u0117s \u017eenklu galima prad\u0117ti naudotis po 1 m\u0117n. pateikiant registravimo parai\u0161k\u0105.<\/p>\n","protected":false},"featured_media":12949,"template":"","meta":{"_acf_changed":false,"_et_pb_use_builder":"","_et_pb_old_content":"","_et_gb_content_width":"","om_disable_all_campaigns":false,"_exactmetrics_skip_tracking":false,"_exactmetrics_sitenote_active":false,"_exactmetrics_sitenote_note":"","_exactmetrics_sitenote_category":0,"iawp_total_views":3},"product_brand":[],"product_cat":[159],"product_tag":[],"class_list":{"0":"post-15433","1":"product","2":"type-product","3":"status-publish","4":"has-post-thumbnail","6":"product_cat-business-law","8":"first","9":"instock","10":"virtual","11":"sold-individually","12":"taxable","13":"purchasable","14":"product-type-simple"},"acf":[],"jetpack_sharing_enabled":true,"_links":{"self":[{"href":"https:\/\/mytax.lt\/en\/wp-json\/wp\/v2\/product\/15433","targetHints":{"allow":["GET"]}}],"collection":[{"href":"https:\/\/mytax.lt\/en\/wp-json\/wp\/v2\/product"}],"about":[{"href":"https:\/\/mytax.lt\/en\/wp-json\/wp\/v2\/types\/product"}],"wp:featuredmedia":[{"embeddable":true,"href":"https:\/\/mytax.lt\/en\/wp-json\/wp\/v2\/media\/12949"}],"wp:attachment":[{"href":"https:\/\/mytax.lt\/en\/wp-json\/wp\/v2\/media?parent=15433"}],"wp:term":[{"taxonomy":"product_brand","embeddable":true,"href":"https:\/\/mytax.lt\/en\/wp-json\/wp\/v2\/product_brand?post=15433"},{"taxonomy":"product_cat","embeddable":true,"href":"https:\/\/mytax.lt\/en\/wp-json\/wp\/v2\/product_cat?post=15433"},{"taxonomy":"product_tag","embeddable":true,"href":"https:\/\/mytax.lt\/en\/wp-json\/wp\/v2\/product_tag?post=15433"}],"curies":[{"name":"wp","href":"https:\/\/api.w.org\/{rel}","templated":true}]}}