{"id":15247,"date":"2021-01-07T12:07:03","date_gmt":"2021-01-07T10:07:03","guid":{"rendered":"https:\/\/mytax.lt\/produktas\/eori-kodas\/"},"modified":"2025-11-02T01:16:09","modified_gmt":"2025-11-01T23:16:09","slug":"eori-code-registration","status":"publish","type":"product","link":"https:\/\/mytax.lt\/en\/product\/eori-code-registration\/","title":{"rendered":"EORI code registration"},"content":{"rendered":"<p>The Economic Operators Registration and Identification (EORI) code is a unique code within the European Union. It is granted to economic operators and other entities, and it is issued by the customs authority of the member state.<\/p>\n<p>Benefits of the EORI code: It simplifies the customs procedures. For example, it facilitates the process of import\/export formalities, submitting requests for permits required by customs regulations, and more.<\/p>\n<p>An EORI code granted in one member state is valid in all other member states.<\/p>\n","protected":false},"excerpt":{"rendered":"<p><strong>Ekonomin\u0117s veiklos vykdytoj\u0173 registracijos ir identifikavimo (EORI) kodas \u2013<\/strong>\u00a0Unikalus kodas Europos Bendrijoje. Suteikiamas ekonomin\u0117s veiklos vykdytojams ir kitiems asmenims. Kod\u0105 skiria valstyb\u0117s nar\u0117s muitin\u0117.<\/p>\n<p>EORI kodo nauda, lengvina muitin\u0117s institucijos proces\u0173 eig\u0105. Pvz.: Importo\/eksporto \u012fforminimas, pra\u0161ymo i\u0161duoti muitin\u0117s veiklos taisykl\u0117mis numatytus leidimus teikimas ir t.t..<\/p>\n<p>Vienoje valstyb\u0117je nar\u0117je suteiktas EORI kodas galioja ir kitose valstyb\u0117se nar\u0117se.<\/p>\n","protected":false},"featured_media":12949,"template":"","meta":{"_acf_changed":false,"_et_pb_use_builder":"","_et_pb_old_content":"","_et_gb_content_width":"","om_disable_all_campaigns":false,"_exactmetrics_skip_tracking":false,"_exactmetrics_sitenote_active":false,"_exactmetrics_sitenote_note":"","_exactmetrics_sitenote_category":0,"iawp_total_views":32},"product_brand":[],"product_cat":[159],"product_tag":[],"class_list":{"0":"post-15247","1":"product","2":"type-product","3":"status-publish","4":"has-post-thumbnail","6":"product_cat-business-law","8":"first","9":"instock","10":"sale","11":"sold-individually","12":"taxable","13":"shipping-taxable","14":"purchasable","15":"product-type-simple"},"acf":[],"jetpack_sharing_enabled":true,"_links":{"self":[{"href":"https:\/\/mytax.lt\/en\/wp-json\/wp\/v2\/product\/15247","targetHints":{"allow":["GET"]}}],"collection":[{"href":"https:\/\/mytax.lt\/en\/wp-json\/wp\/v2\/product"}],"about":[{"href":"https:\/\/mytax.lt\/en\/wp-json\/wp\/v2\/types\/product"}],"wp:featuredmedia":[{"embeddable":true,"href":"https:\/\/mytax.lt\/en\/wp-json\/wp\/v2\/media\/12949"}],"wp:attachment":[{"href":"https:\/\/mytax.lt\/en\/wp-json\/wp\/v2\/media?parent=15247"}],"wp:term":[{"taxonomy":"product_brand","embeddable":true,"href":"https:\/\/mytax.lt\/en\/wp-json\/wp\/v2\/product_brand?post=15247"},{"taxonomy":"product_cat","embeddable":true,"href":"https:\/\/mytax.lt\/en\/wp-json\/wp\/v2\/product_cat?post=15247"},{"taxonomy":"product_tag","embeddable":true,"href":"https:\/\/mytax.lt\/en\/wp-json\/wp\/v2\/product_tag?post=15247"}],"curies":[{"name":"wp","href":"https:\/\/api.w.org\/{rel}","templated":true}]}}