{"id":15245,"date":"2021-01-07T12:00:52","date_gmt":"2021-01-07T10:00:52","guid":{"rendered":"https:\/\/mytax.lt\/produktas\/transporto-licencija\/"},"modified":"2025-11-02T01:16:09","modified_gmt":"2025-11-01T23:16:09","slug":"transport-license","status":"publish","type":"product","link":"https:\/\/mytax.lt\/en\/product\/transport-license\/","title":{"rendered":"Transport License"},"content":{"rendered":"<p>A transport license is a permit that confirms the right of a legal or natural person to carry out cargo or passenger transportation.<\/p>\n","protected":false},"excerpt":{"rendered":"<h2>Licencij\u0173 tipai:<\/h2>\n<ul>\n<li>Bendrijos licencija ve\u017eti krovinius.<\/li>\n<li>Bendrijos licencija ve\u017eti keleivius.<\/li>\n<li>Licencija verstis keleivi\u0173 ve\u017eimu autobusais vidaus mar\u0161rutais.<\/li>\n<li>Licencija verstis krovini\u0173 ve\u017eimu vidaus mar\u0161rutais.<\/li>\n<\/ul>\n","protected":false},"featured_media":12949,"template":"","meta":{"_acf_changed":false,"_et_pb_use_builder":"","_et_pb_old_content":"","_et_gb_content_width":"","om_disable_all_campaigns":false,"_exactmetrics_skip_tracking":false,"_exactmetrics_sitenote_active":false,"_exactmetrics_sitenote_note":"","_exactmetrics_sitenote_category":0,"iawp_total_views":8},"product_brand":[],"product_cat":[159],"product_tag":[],"class_list":{"0":"post-15245","1":"product","2":"type-product","3":"status-publish","4":"has-post-thumbnail","6":"product_cat-business-law","8":"first","9":"instock","10":"sale","11":"sold-individually","12":"taxable","13":"shipping-taxable","14":"purchasable","15":"product-type-simple"},"acf":[],"jetpack_sharing_enabled":true,"_links":{"self":[{"href":"https:\/\/mytax.lt\/en\/wp-json\/wp\/v2\/product\/15245","targetHints":{"allow":["GET"]}}],"collection":[{"href":"https:\/\/mytax.lt\/en\/wp-json\/wp\/v2\/product"}],"about":[{"href":"https:\/\/mytax.lt\/en\/wp-json\/wp\/v2\/types\/product"}],"wp:featuredmedia":[{"embeddable":true,"href":"https:\/\/mytax.lt\/en\/wp-json\/wp\/v2\/media\/12949"}],"wp:attachment":[{"href":"https:\/\/mytax.lt\/en\/wp-json\/wp\/v2\/media?parent=15245"}],"wp:term":[{"taxonomy":"product_brand","embeddable":true,"href":"https:\/\/mytax.lt\/en\/wp-json\/wp\/v2\/product_brand?post=15245"},{"taxonomy":"product_cat","embeddable":true,"href":"https:\/\/mytax.lt\/en\/wp-json\/wp\/v2\/product_cat?post=15245"},{"taxonomy":"product_tag","embeddable":true,"href":"https:\/\/mytax.lt\/en\/wp-json\/wp\/v2\/product_tag?post=15245"}],"curies":[{"name":"wp","href":"https:\/\/api.w.org\/{rel}","templated":true}]}}