{"id":15176,"date":"2021-01-07T12:40:16","date_gmt":"2021-01-07T10:40:16","guid":{"rendered":"https:\/\/mytax.lt\/produktas\/imones-pertvarkymas\/"},"modified":"2025-11-02T01:16:09","modified_gmt":"2025-11-01T23:16:09","slug":"company-restructuring-from-uab-to-mb-from-ii-to-uab-etc","status":"publish","type":"product","link":"https:\/\/mytax.lt\/en\/product\/company-restructuring-from-uab-to-mb-from-ii-to-uab-etc\/","title":{"rendered":"Company restructuring (from UAB to MB, from I\u012e to UAB, etc.)"},"content":{"rendered":"<p>Company restructuring is the change of a legal entity\u2019s legal form, during which the newly formed legal entity assumes all the rights and obligations of the restructured entity. To complete the restructuring process, a single visit to a notary and the Centre of Registers is required.<\/p>\n","protected":false},"excerpt":{"rendered":"<p>Pertvarkymas\u00a0\u2013 tai juridinio asmens teisin\u0117s formos pakeitimas, kai naujos teisin\u0117s formos juridinis asmuo perima visas pertvarkyto juridinio asmens teises ir pareigas.<\/p>\n<p>Po pertvarkymo buv\u0119s juridinis asmuo n\u0117ra likviduojamas, pasikei\u010dia tik juridinio asmens teisin\u0117 forma. Nepriklausomai nuo naujo juridinio asmens teisin\u0117s formos, pertvarkomo juridinio asmens dalyviai (savininkas, akcininkai, dalininkai, nariai ir pan.) trejus metus yra subsidiariai atsakingi pagal pertvarkomo juridinio asmens prievoles, atsiradusias iki naujos teisin\u0117s formos juridinio asmens \u012fregistravimo juridini\u0173 asmen\u0173 registre.<\/p>\n","protected":false},"featured_media":12949,"template":"","meta":{"_acf_changed":false,"om_disable_all_campaigns":false,"_exactmetrics_skip_tracking":false,"_exactmetrics_sitenote_active":false,"_exactmetrics_sitenote_note":"","_exactmetrics_sitenote_category":0,"iawp_total_views":12},"product_brand":[],"product_cat":[159],"product_tag":[],"class_list":{"0":"post-15176","1":"product","2":"type-product","3":"status-publish","4":"has-post-thumbnail","6":"product_cat-business-law","8":"first","9":"instock","10":"sale","11":"sold-individually","12":"taxable","13":"shipping-taxable","14":"purchasable","15":"product-type-simple"},"acf":[],"jetpack_sharing_enabled":true,"_links":{"self":[{"href":"https:\/\/mytax.lt\/en\/wp-json\/wp\/v2\/product\/15176","targetHints":{"allow":["GET"]}}],"collection":[{"href":"https:\/\/mytax.lt\/en\/wp-json\/wp\/v2\/product"}],"about":[{"href":"https:\/\/mytax.lt\/en\/wp-json\/wp\/v2\/types\/product"}],"wp:featuredmedia":[{"embeddable":true,"href":"https:\/\/mytax.lt\/en\/wp-json\/wp\/v2\/media\/12949"}],"wp:attachment":[{"href":"https:\/\/mytax.lt\/en\/wp-json\/wp\/v2\/media?parent=15176"}],"wp:term":[{"taxonomy":"product_brand","embeddable":true,"href":"https:\/\/mytax.lt\/en\/wp-json\/wp\/v2\/product_brand?post=15176"},{"taxonomy":"product_cat","embeddable":true,"href":"https:\/\/mytax.lt\/en\/wp-json\/wp\/v2\/product_cat?post=15176"},{"taxonomy":"product_tag","embeddable":true,"href":"https:\/\/mytax.lt\/en\/wp-json\/wp\/v2\/product_tag?post=15176"}],"curies":[{"name":"wp","href":"https:\/\/api.w.org\/{rel}","templated":true}]}}