{"id":14981,"date":"2020-12-22T15:42:51","date_gmt":"2020-12-22T15:42:51","guid":{"rendered":"https:\/\/mytax.lt\/produktas\/viesosios-istaigos-steigimas\/"},"modified":"2025-11-06T17:43:54","modified_gmt":"2025-11-06T15:43:54","slug":"establishment-of-public-institution","status":"publish","type":"product","link":"https:\/\/mytax.lt\/en\/product\/establishment-of-public-institution\/","title":{"rendered":"Establishment of public institution (V\u0161\u012e)"},"content":{"rendered":"<p>The establishment of a public institution (V\u0161\u012e) is a great option for organizations that do not aim for profit. In accordance with the Lithuanian Law on Public Institutions, a V\u0161\u012e is a limited liability legal entity created to carry out activities that benefit society. Public institutions can focus on a variety of public interest activities, including education, scientific research, cultural initiatives, healthcare, environmental protection, sports development, or offering social or legal assistance.<\/p>\n","protected":false},"excerpt":{"rendered":"<p>The establishment of a public institution (V\u0161\u012e) is suitable for organizations that do not aim to generate profit. According to the Lithuanian Law on Public Institutions, a V\u0161\u012e is a limited liability legal entity created to engage in activities that provide a benefit to society. These activities can encompass a wide range of areas such as education, training, scientific research, cultural initiatives, healthcare, environmental protection, sports development, social assistance, legal assistance, or any other activities serving the public interest.<\/p>\n","protected":false},"featured_media":12949,"template":"","meta":{"_acf_changed":false,"_et_pb_use_builder":"","_et_pb_old_content":"","_et_gb_content_width":"","om_disable_all_campaigns":false,"_exactmetrics_skip_tracking":false,"_exactmetrics_sitenote_active":false,"_exactmetrics_sitenote_note":"","_exactmetrics_sitenote_category":0,"iawp_total_views":29},"product_brand":[],"product_cat":[122],"product_tag":[],"class_list":{"0":"post-14981","1":"product","2":"type-product","3":"status-publish","4":"has-post-thumbnail","6":"product_cat-establishment-of-companies","8":"first","9":"instock","10":"sale","11":"virtual","12":"sold-individually","13":"taxable","14":"purchasable","15":"product-type-simple"},"acf":[],"jetpack_sharing_enabled":true,"_links":{"self":[{"href":"https:\/\/mytax.lt\/en\/wp-json\/wp\/v2\/product\/14981","targetHints":{"allow":["GET"]}}],"collection":[{"href":"https:\/\/mytax.lt\/en\/wp-json\/wp\/v2\/product"}],"about":[{"href":"https:\/\/mytax.lt\/en\/wp-json\/wp\/v2\/types\/product"}],"wp:featuredmedia":[{"embeddable":true,"href":"https:\/\/mytax.lt\/en\/wp-json\/wp\/v2\/media\/12949"}],"wp:attachment":[{"href":"https:\/\/mytax.lt\/en\/wp-json\/wp\/v2\/media?parent=14981"}],"wp:term":[{"taxonomy":"product_brand","embeddable":true,"href":"https:\/\/mytax.lt\/en\/wp-json\/wp\/v2\/product_brand?post=14981"},{"taxonomy":"product_cat","embeddable":true,"href":"https:\/\/mytax.lt\/en\/wp-json\/wp\/v2\/product_cat?post=14981"},{"taxonomy":"product_tag","embeddable":true,"href":"https:\/\/mytax.lt\/en\/wp-json\/wp\/v2\/product_tag?post=14981"}],"curies":[{"name":"wp","href":"https:\/\/api.w.org\/{rel}","templated":true}]}}