{"id":7448,"date":"2021-06-14T14:04:25","date_gmt":"2021-06-14T12:04:25","guid":{"rendered":"https:\/\/mytax.lt\/?page_id=7448"},"modified":"2022-10-04T09:33:14","modified_gmt":"2022-10-04T07:33:14","slug":"2017-metu-darbo-laiko-kalendorius","status":"publish","type":"page","link":"https:\/\/mytax.lt\/en\/darbo-laiko-kalendoriai\/2017-metu-darbo-laiko-kalendorius\/","title":{"rendered":"2017 met\u0173 darbo laiko kalendorius"},"content":{"rendered":"\n\n[et_pb_section fb_built=&#8221;1&#8243; _builder_version=&#8221;4.9.4&#8243; _module_preset=&#8221;default&#8221; custom_padding=&#8221;0px||0px||false|false&#8221;][et_pb_row _builder_version=&#8221;4.9.4&#8243; _module_preset=&#8221;default&#8221;][et_pb_column type=&#8221;4_4&#8243; _builder_version=&#8221;4.9.4&#8243; _module_preset=&#8221;default&#8221;][et_pb_post_title meta=&#8221;off&#8221; _builder_version=&#8221;4.9.4&#8243; title_font=&#8221;Fira Sans|500|||||||&#8221; title_font_size=&#8221;44px&#8221; background_color=&#8221;rgba(0,0,0,0)&#8221; min_height=&#8221;71px&#8221; custom_margin=&#8221;||||false|false&#8221; custom_padding=&#8221;||||false|false&#8221; global_module=&#8221;4930&#8243; saved_tabs=&#8221;all&#8221;][\/et_pb_post_title][et_pb_text _builder_version=&#8221;4.9.4&#8243; _module_preset=&#8221;default&#8221; hover_enabled=&#8221;0&#8243; sticky_enabled=&#8221;0&#8243;]<p>Atsisi\u0173sti kalendori\u0173 spauskite \u010dia: <a href=\"https:\/\/mytax.lt\/wp-content\/uploads\/2021\/06\/Darbo-laiko-kalendorius-2017.pdf\">2017 met\u0173 darbo laiko kalendorius<\/a><br \/>Kaip pad\u0117k\u0105 u\u017e kalendori\u0173 pra\u0161ome paspausti 10 \u017evaig\u017edu\u010di\u0173 \u010dia: <a href=\"https:\/\/rekvizitai.vz.lt\/imone\/garuda\/\" rel=\"nofollow noopener\" target=\"_blank\">https:\/\/rekvizitai.vz.lt\/imone\/garuda\/<\/a><\/p>\n<p>&nbsp;<\/p>[\/et_pb_text][et_pb_image src=&#8221;https:\/\/mytax.lt\/wp-content\/uploads\/2021\/01\/Darbo-kalendorius-2017.png&#8221; alt=&#8221;2017 met\u0173 darbo laiko kalendorius&#8221; title_text=&#8221;Darbo kalendorius 2017&#8243; _builder_version=&#8221;4.9.4&#8243; _module_preset=&#8221;default&#8221; hover_enabled=&#8221;0&#8243; sticky_enabled=&#8221;0&#8243;][\/et_pb_image][\/et_pb_column][\/et_pb_row][\/et_pb_section][et_pb_section fb_built=&#8221;1&#8243; custom_padding_last_edited=&#8221;on|desktop&#8221; admin_label=&#8221;FOOTER MAIN&#8221; _builder_version=&#8221;4.5.1&#8243; background_color=&#8221;#111111&#8243; max_width_last_edited=&#8221;off|desktop&#8221; custom_margin=&#8221;0px||||false|false&#8221; custom_padding=&#8221;0px||0px|&#8221; custom_padding_tablet=&#8221;0px||0px|&#8221; custom_padding_phone=&#8221;&#8221; transparent_background=&#8221;off&#8221; make_fullwidth=&#8221;off&#8221; use_custom_width=&#8221;off&#8221; width_unit=&#8221;on&#8221; global_module=&#8221;4791&#8243; saved_tabs=&#8221;all&#8221;][et_pb_row column_structure=&#8221;1_4,1_4,1_4,1_4&#8243; use_custom_gutter=&#8221;on&#8221; gutter_width=&#8221;1&#8243; make_equal=&#8221;on&#8221; column_padding_mobile=&#8221;on&#8221; custom_padding_last_edited=&#8221;on|tablet&#8221; disabled_on=&#8221;on|on|off&#8221; admin_label=&#8221;Row&#8221; _builder_version=&#8221;4.5.1&#8243; background_size=&#8221;initial&#8221; background_position=&#8221;top_left&#8221; background_repeat=&#8221;repeat&#8221; width=&#8221;100%&#8221; max_width=&#8221;1108px&#8221; max_width_tablet=&#8221;&#8221; max_width_phone=&#8221;&#8221; max_width_last_edited=&#8221;on|desktop&#8221; custom_margin=&#8221;0px||0px||false|false&#8221; custom_margin_tablet=&#8221;&#8221; custom_margin_phone=&#8221;&#8221; custom_margin_last_edited=&#8221;on|desktop&#8221; custom_padding=&#8221;45px||0px||false|false&#8221; custom_padding_tablet=&#8221;85px|25px|85px|25px|true|true&#8221; custom_padding_phone=&#8221;&#8221; make_fullwidth=&#8221;off&#8221; use_custom_width=&#8221;off&#8221; width_unit=&#8221;on&#8221;][et_pb_column type=&#8221;1_4&#8243; _builder_version=&#8221;4.4.1&#8243; custom_padding=&#8221;|||&#8221; custom_css_main_element=&#8221;width: 35%! important;&#8221; custom_padding__hover=&#8221;|||&#8221; custom_css_main_element_last_edited=&#8221;on|desktop&#8221;][et_pb_text admin_label=&#8221;Text&#8221; module_id=&#8221;footer&#8221; _builder_version=&#8221;4.5.1&#8243; text_font=&#8221;Fira Sans||||||||&#8221; text_text_color=&#8221;#ffffff&#8221; text_font_size=&#8221;59px&#8221; text_line_height=&#8221;1.4em&#8221; header_font=&#8221;Fira Sans|700|||||||&#8221; header_text_align=&#8221;left&#8221; header_3_font=&#8221;||||||||&#8221; header_3_text_color=&#8221;#ffffff&#8221; header_3_font_size=&#8221;24px&#8221; background_size=&#8221;initial&#8221; background_position=&#8221;top_left&#8221; background_repeat=&#8221;repeat&#8221; custom_margin=&#8221;||8px||false|false&#8221; use_border_color=&#8221;off&#8221; border_color=&#8221;#ffffff&#8221; border_style=&#8221;solid&#8221;]<h3>Kontaktai<\/h3>[\/et_pb_text][et_pb_divider divider_weight=&#8221;3px&#8221; _builder_version=&#8221;4.4.1&#8243; width=&#8221;70px&#8221; width_tablet=&#8221;&#8221; width_phone=&#8221;&#8221; width_last_edited=&#8221;on|desktop&#8221; custom_margin=&#8221;12px||||false|false&#8221; custom_margin_tablet=&#8221;&#8221; custom_margin_phone=&#8221;&#8221; custom_margin_last_edited=&#8221;on|desktop&#8221; custom_css_before=&#8221;border-radius: 25px;&#8221;][\/et_pb_divider][et_pb_image src=&#8221;https:\/\/mytax.lt\/wp-content\/uploads\/2020\/04\/Logo_sviesus.png&#8221; alt=&#8221;paveikslas&#8221; admin_label=&#8221;Logo&#8221; _builder_version=&#8221;4.5.1&#8243; width=&#8221;52%&#8221; max_width=&#8221;55%&#8221; module_alignment=&#8221;left&#8221; custom_margin=&#8221;||20px||false|false&#8221;][\/et_pb_image][et_pb_text admin_label=&#8221;Text&#8221; _builder_version=&#8221;4.5.1&#8243; text_font=&#8221;Fira Sans||||||||&#8221; text_text_color=&#8221;#999999&#8243; background_size=&#8221;initial&#8221; background_position=&#8221;top_left&#8221; background_repeat=&#8221;repeat&#8221; max_width=&#8221;364px&#8221; custom_margin=&#8221;||-11px||false|false&#8221; custom_margin_tablet=&#8221;||10px|&#8221; custom_margin_phone=&#8221;&#8221; custom_margin_last_edited=&#8221;on|tablet&#8221; custom_padding=&#8221;0px||0px||false|false&#8221; use_border_color=&#8221;off&#8221; border_color=&#8221;#ffffff&#8221; border_style=&#8221;solid&#8221;]<p>UAB \u201eGaruda\u201c Vytenio g. 6-301, 03113 Vilnius<br \/> \u012em.k.: 125506280 <br \/>Bankas: AB SEB bankas a\/s Nr.: LT607044060001512606 <br \/>Darbo laikas: I-V 08.00-17.00<\/p>[\/et_pb_text][et_pb_text admin_label=&#8221;Kontaktai_tel el.pastas&#8221; _builder_version=&#8221;4.5.1&#8243; text_font=&#8221;Fira Sans||||||||&#8221; text_text_color=&#8221;#ffffff&#8221; text_font_size=&#8221;16&#8243; text_line_height=&#8221;1.5em&#8221; background_size=&#8221;initial&#8221; background_position=&#8221;top_left&#8221; background_repeat=&#8221;repeat&#8221; max_width=&#8221;300px&#8221; custom_margin=&#8221;||-16px||false|false&#8221; custom_margin_tablet=&#8221;||10px|&#8221; custom_margin_phone=&#8221;&#8221; custom_margin_last_edited=&#8221;on|tablet&#8221; custom_padding=&#8221;0px||0px|||&#8221; use_border_color=&#8221;off&#8221; border_color=&#8221;#ffffff&#8221; border_style=&#8221;solid&#8221;]<p>+370 520 75751<br \/> <span class=\"reverse\">tl.xatym@ofni<\/span><\/p>[\/et_pb_text][et_pb_social_media_follow url_new_window=&#8221;off&#8221; use_icon_font_size=&#8221;on&#8221; icon_font_size=&#8221;13px&#8221; admin_label=&#8221;Social Media Follow&#8221; module_id=&#8221;footer-social-icons&#8221; module_class=&#8221;footer-social-icons&#8221; _builder_version=&#8221;4.5.1&#8243; transform_scale_linked=&#8221;off&#8221; min_height=&#8221;40px&#8221; custom_margin=&#8221;||||false|false&#8221; custom_padding=&#8221;20px||||false|false&#8221; border_radii=&#8221;on|100%|100%|100%|100%&#8221; link_shape=&#8221;circle&#8221;][et_pb_social_media_follow_network social_network=&#8221;facebook&#8221; _builder_version=&#8221;4.4.1&#8243; background_color=&#8221;rgba(143,143,143,0.36)&#8221; background_enable_color=&#8221;on&#8221; custom_margin=&#8221;|2px|||false|false&#8221; bg_color=&#8221;#3b5998&#8243; link_shape=&#8221;circle&#8221; follow_button=&#8221;off&#8221; url_new_window=&#8221;off&#8221;]<p>facebook<\/p>[\/et_pb_social_media_follow_network][et_pb_social_media_follow_network social_network=&#8221;twitter&#8221; _builder_version=&#8221;3.0.74&#8243; background_color=&#8221;rgba(143,143,143,0.36)&#8221; background_enable_color=&#8221;on&#8221; custom_margin=&#8221;|2px|||false|false&#8221; bg_color=&#8221;#00aced&#8221; link_shape=&#8221;circle&#8221; follow_button=&#8221;off&#8221; url_new_window=&#8221;off&#8221;]<p>Twitter<\/p>[\/et_pb_social_media_follow_network][et_pb_social_media_follow_network social_network=&#8221;google-plus&#8221; _builder_version=&#8221;3.0.74&#8243; background_color=&#8221;rgba(143,143,143,0.36)&#8221; background_enable_color=&#8221;on&#8221; custom_margin=&#8221;|2px|||false|false&#8221; bg_color=&#8221;#dd4b39&#8243; link_shape=&#8221;circle&#8221; follow_button=&#8221;off&#8221; url_new_window=&#8221;off&#8221;]<p>Google+<\/p>[\/et_pb_social_media_follow_network][et_pb_social_media_follow_network social_network=&#8221;pinterest&#8221; _builder_version=&#8221;3.0.74&#8243; background_color=&#8221;rgba(143,143,143,0.36)&#8221; background_enable_color=&#8221;on&#8221; custom_margin=&#8221;|2px|||false|false&#8221; bg_color=&#8221;#cb2027&#8243; link_shape=&#8221;circle&#8221; follow_button=&#8221;off&#8221; url_new_window=&#8221;off&#8221;]<p>Pinterest<\/p>[\/et_pb_social_media_follow_network][et_pb_social_media_follow_network social_network=&#8221;youtube&#8221; _builder_version=&#8221;4.4.1&#8243; background_color=&#8221;rgba(143,143,143,0.36)&#8221; background_enable_color=&#8221;on&#8221; custom_margin=&#8221;|2px|||false|false&#8221; link_shape=&#8221;circle&#8221; follow_button=&#8221;off&#8221; url_new_window=&#8221;off&#8221;]youtube[\/et_pb_social_media_follow_network][\/et_pb_social_media_follow][et_pb_text admin_label=&#8221;Text&#8221; _builder_version=&#8221;4.4.8&#8243; text_font=&#8221;Fira Sans||||||||&#8221; text_text_color=&#8221;#aaaaaa&#8221; text_font_size=&#8221;12px&#8221; text_line_height=&#8221;1.5em&#8221; background_size=&#8221;initial&#8221; background_position=&#8221;top_left&#8221; background_repeat=&#8221;repeat&#8221; max_width=&#8221;300px&#8221; custom_margin=&#8221;19px||-11px||false|false&#8221; custom_padding=&#8221;0px|||&#8221; use_border_color=&#8221;off&#8221; border_color=&#8221;#ffffff&#8221; border_style=&#8221;solid&#8221;]<p><strong><span class=\"color_price\">UAB &#8220;GARUDA&#8221;<\/span><\/strong> <span class=\"text-white\">\u00a9 2020. Visos teis\u0117s saugomos<\/span><\/p>[\/et_pb_text][\/et_pb_column][et_pb_column type=&#8221;1_4&#8243; _builder_version=&#8221;4.4.1&#8243; custom_css_main_element=&#8221;width: 25%! important;&#8221; custom_css_main_element_last_edited=&#8221;on|desktop&#8221;][et_pb_text content_tablet=&#8221;&#8221; content_phone=&#8221;&#8221; content_last_edited=&#8221;on|desktop&#8221; admin_label=&#8221;Text&#8221; _builder_version=&#8221;4.5.1&#8243; text_font=&#8221;Fira Sans||||||||&#8221; text_text_color=&#8221;#ffffff&#8221; text_font_size=&#8221;59px&#8221; text_line_height=&#8221;1.4em&#8221; header_font=&#8221;Fira Sans|700|||||||&#8221; header_text_align=&#8221;left&#8221; header_3_font=&#8221;||||||||&#8221; header_3_text_color=&#8221;#ffffff&#8221; header_3_font_size=&#8221;24px&#8221; background_size=&#8221;initial&#8221; background_position=&#8221;top_left&#8221; background_repeat=&#8221;repeat&#8221; custom_margin=&#8221;||8px||false|false&#8221; use_border_color=&#8221;off&#8221; border_color=&#8221;#ffffff&#8221; border_style=&#8221;solid&#8221;]<h3>Naudingos nuorodos<\/h3>[\/et_pb_text][et_pb_divider divider_weight=&#8221;3px&#8221; _builder_version=&#8221;4.4.1&#8243; width=&#8221;70px&#8221; width_tablet=&#8221;&#8221; width_phone=&#8221;&#8221; width_last_edited=&#8221;on|desktop&#8221; custom_margin=&#8221;12px||||false|false&#8221; custom_margin_tablet=&#8221;&#8221; custom_margin_phone=&#8221;&#8221; custom_margin_last_edited=&#8221;on|desktop&#8221; custom_css_before=&#8221;border-radius: 25px;&#8221;][\/et_pb_divider][et_pb_text module_class=&#8221;pa-bullet-list-1 footer-links&#8221; _builder_version=&#8221;4.7.7&#8243; text_font=&#8221;Fira Sans||||||||&#8221; text_text_color=&#8221;#000000&#8243; text_font_size=&#8221;15px&#8221; text_line_height=&#8221;1.9em&#8221; link_font=&#8221;Fira Sans||||||||&#8221; link_text_color=&#8221;#aaa&#8221; link_font_size=&#8221;15px&#8221; link_line_height=&#8221;2.1em&#8221; custom_margin=&#8221;||30px|||&#8221;]<ul>\n<li><a href=\"http:\/\/staging.mytax.lt\/\">Prad\u017eia<\/a><\/li>\n<li><a href=\"\/verslo-teise\/\">Paslaugos<\/a><\/li>\n<li><a href=\"\/apie-mus\/\">Apie mus<\/a><\/li>\n<li><a href=\"#\">M\u016bs\u0173 komanda<\/a><\/li>\n<li><a href=\"\/kodel-imone-geriau\/\">Kod\u0117l \u012fmon\u0117 geriau?<\/a><\/li>\n<li><a href=\"\/naujienos\/\">Naujienos<\/a><\/li>\n<li><a href=\"\/kontaktai\/\">Kontaktai<\/a><\/li>\n<\/ul>[\/et_pb_text][\/et_pb_column][et_pb_column type=&#8221;1_4&#8243; _builder_version=&#8221;4.4.1&#8243; custom_css_main_element=&#8221;width: 25%! important;&#8221; custom_css_main_element_last_edited=&#8221;on|desktop&#8221;][et_pb_text admin_label=&#8221;Text&#8221; _builder_version=&#8221;4.5.1&#8243; text_font=&#8221;Fira Sans||||||||&#8221; text_text_color=&#8221;#ffffff&#8221; text_font_size=&#8221;59px&#8221; text_line_height=&#8221;1.4em&#8221; header_font=&#8221;Fira Sans|700|||||||&#8221; header_text_align=&#8221;left&#8221; header_3_font=&#8221;||||||||&#8221; header_3_text_color=&#8221;#ffffff&#8221; header_3_font_size=&#8221;24px&#8221; background_size=&#8221;initial&#8221; background_position=&#8221;top_left&#8221; background_repeat=&#8221;repeat&#8221; custom_margin=&#8221;||8px||false|false&#8221; use_border_color=&#8221;off&#8221; border_color=&#8221;#ffffff&#8221; border_style=&#8221;solid&#8221;]<h3>Naujienos<\/h3>[\/et_pb_text][et_pb_divider divider_weight=&#8221;3px&#8221; _builder_version=&#8221;4.4.8&#8243; width=&#8221;70px&#8221; width_tablet=&#8221;&#8221; width_phone=&#8221;&#8221; width_last_edited=&#8221;on|desktop&#8221; custom_margin=&#8221;12px||||false|false&#8221; custom_margin_tablet=&#8221;&#8221; custom_margin_phone=&#8221;&#8221; custom_margin_last_edited=&#8221;on|desktop&#8221; custom_css_before=&#8221;border-radius: 25px;&#8221;][\/et_pb_divider][et_pb_sidebar area=&#8221;et_pb_widget_area_4&#8243; show_border=&#8221;off&#8221; admin_label=&#8221;Footer &#8211; recent posts&#8221; module_id=&#8221;rpwwt-widget&#8221; _builder_version=&#8221;4.7.7&#8243; _module_preset=&#8221;default&#8221; header_font=&#8221;||||||||&#8221; header_text_align=&#8221;left&#8221; header_text_color=&#8221;#000000&#8243; body_text_align=&#8221;left&#8221; body_text_color=&#8221;#CCCCC6&#8243; body_font_size=&#8221;15px&#8221; text_orientation=&#8221;left&#8221; background_layout=&#8221;dark&#8221; custom_margin=&#8221;||||false|false&#8221; custom_padding=&#8221;||||false|false&#8221; background_layout__hover_enabled=&#8221;off|desktop&#8221;][\/et_pb_sidebar][\/et_pb_column][et_pb_column type=&#8221;1_4&#8243; _builder_version=&#8221;4.4.1&#8243; custom_css_main_element=&#8221;width: 15%! important;&#8221; custom_css_main_element_last_edited=&#8221;on|desktop&#8221;][et_pb_text admin_label=&#8221;Text&#8221; _builder_version=&#8221;4.5.1&#8243; text_font=&#8221;Fira Sans||||||||&#8221; text_text_color=&#8221;#ffffff&#8221; text_font_size=&#8221;59px&#8221; text_line_height=&#8221;1.4em&#8221; header_font=&#8221;Fira Sans|700|||||||&#8221; header_text_align=&#8221;left&#8221; header_3_font=&#8221;||||||||&#8221; header_3_text_color=&#8221;#ffffff&#8221; header_3_font_size=&#8221;24px&#8221; background_size=&#8221;initial&#8221; background_position=&#8221;top_left&#8221; background_repeat=&#8221;repeat&#8221; custom_margin=&#8221;||8px||false|false&#8221; use_border_color=&#8221;off&#8221; border_color=&#8221;#ffffff&#8221; border_style=&#8221;solid&#8221;]<h3>Paslaugos<\/h3>[\/et_pb_text][et_pb_divider divider_weight=&#8221;3px&#8221; _builder_version=&#8221;4.4.1&#8243; width=&#8221;70px&#8221; width_tablet=&#8221;&#8221; width_phone=&#8221;&#8221; width_last_edited=&#8221;on|desktop&#8221; custom_margin=&#8221;12px||||false|false&#8221; custom_margin_tablet=&#8221;&#8221; custom_margin_phone=&#8221;&#8221; custom_margin_last_edited=&#8221;on|desktop&#8221; custom_css_before=&#8221;border-radius: 25px;&#8221;][\/et_pb_divider][et_pb_text module_class=&#8221;footer-tags&#8221; _builder_version=&#8221;4.7.7&#8243; text_font=&#8221;Fira Sans||||||||&#8221; text_text_color=&#8221;#ffffff&#8221; text_font_size=&#8221;11px&#8221; text_line_height=&#8221;0em&#8221; min_height=&#8221;278px&#8221; custom_margin=&#8221;0px||0px||false|false&#8221; custom_padding=&#8221;0px||0px||false|false&#8221;]<p><a href=\"\/parduotuve\/\">\u012emoni\u0173 pardavimas<\/a><\/p>\n<p><a href=\"\/imoniu-steigimas\/\">\u012emoni\u0173 steigimas<\/a><\/p>\n<p><a href=\"\/buhalterine-apskaita\/\">Buhalterin\u0117 apskaita<\/a><\/p>\n<p><a href=\"\/verslo-teise\/\">Verslo teis\u0117<\/a><\/p>\n<p><a href=\"\/migracijos-paslaugos\/\">Migracijos paslaugos<\/a>[\/et_pb_text][\/et_pb_column][\/et_pb_row][et_pb_row column_structure=&#8221;1_3,1_3,1_3&#8243; use_custom_gutter=&#8221;on&#8221; gutter_width=&#8221;1&#8243; make_equal=&#8221;on&#8221; disabled_on=&#8221;off|off|on&#8221; module_id=&#8221;mobile-buttons&#8221; _builder_version=&#8221;4.7.7&#8243; width=&#8221;100%&#8221; custom_margin=&#8221;||-20px||false|false&#8221; custom_padding=&#8221;0px||0px||false|false&#8221; custom_css_main_element=&#8221;display: flex;||bottom: 0px;||z-index: 99;||position:fixed;&#8221;][et_pb_column type=&#8221;1_3&#8243; _builder_version=&#8221;4.4.6&#8243;][et_pb_blurb use_icon=&#8221;on&#8221; font_icon=&#8221;%%238%%&#8221; use_icon_font_size=&#8221;on&#8221; icon_font_size=&#8221;20px&#8221; icon_alignment_last_edited=&#8221;off|phone&#8221; _builder_version=&#8221;4.7.7&#8243; header_font=&#8221;Work Sans||||||||&#8221; header_text_align=&#8221;center&#8221; header_text_color=&#8221;#ffffff&#8221; header_letter_spacing=&#8221;-1px&#8221; background_color=&#8221;rgba(214,214,214,0.8)&#8221; custom_margin=&#8221;0px||||false|false&#8221; custom_padding=&#8221;15px||0px||false|false&#8221; link_option_url=&#8221;mailto:info@staging.mytax.lt&#8221; border_radii=&#8221;off|15px|15px||&#8221; box_shadow_style=&#8221;preset1&#8243; box_shadow_blur=&#8221;80px&#8221;][\/et_pb_blurb][\/et_pb_column][et_pb_column type=&#8221;1_3&#8243; _builder_version=&#8221;4.4.6&#8243;][et_pb_blurb use_icon=&#8221;on&#8221; font_icon=&#8221;%%264%%&#8221; use_icon_font_size=&#8221;on&#8221; icon_font_size=&#8221;20px&#8221; _builder_version=&#8221;4.7.7&#8243; header_font=&#8221;Work Sans||||||||&#8221; header_text_align=&#8221;center&#8221; header_text_color=&#8221;#ffffff&#8221; header_letter_spacing=&#8221;-1px&#8221; background_color=&#8221;rgba(214,214,214,0.8)&#8221; custom_margin=&#8221;0px||||false|false&#8221; custom_padding=&#8221;15px||0px||false|false&#8221; link_option_url=&#8221;tel:+37064609999&#8243; border_radii=&#8221;off|15px|15px||&#8221; box_shadow_style=&#8221;preset1&#8243; box_shadow_blur=&#8221;80px&#8221;][\/et_pb_blurb][\/et_pb_column][et_pb_column type=&#8221;1_3&#8243; _builder_version=&#8221;4.4.6&#8243;][et_pb_blurb use_icon=&#8221;on&#8221; font_icon=&#8221;%%250%%&#8221; use_icon_font_size=&#8221;on&#8221; icon_font_size=&#8221;20px&#8221; _builder_version=&#8221;4.7.7&#8243; header_font=&#8221;Work Sans||||||||&#8221; header_text_align=&#8221;center&#8221; header_text_color=&#8221;#ffffff&#8221; header_letter_spacing=&#8221;-1px&#8221; background_color=&#8221;rgba(214,214,214,0.8)&#8221; custom_margin=&#8221;0px||||false|false&#8221; custom_padding=&#8221;15px||0px||false|false&#8221; link_option_url=&#8221;https:\/\/goo.gl\/maps\/5ZCuE3hX178Zqet26&#8243; border_radii=&#8221;off|15px|15px||&#8221; box_shadow_style=&#8221;preset1&#8243; box_shadow_blur=&#8221;80px&#8221;][\/et_pb_blurb][\/et_pb_column][\/et_pb_row][\/et_pb_section]\n\n","protected":false},"excerpt":{"rendered":"<p>Atsisi\u0173sti kalendori\u0173 spauskite \u010dia: 2017 met\u0173 darbo laiko kalendoriusKaip pad\u0117k\u0105 u\u017e kalendori\u0173 pra\u0161ome paspausti 10 \u017evaig\u017edu\u010di\u0173 \u010dia: https:\/\/rekvizitai.vz.lt\/imone\/garuda\/ &nbsp;KontaktaiUAB \u201eGaruda\u201c Vytenio g. 6-301, 03113 Vilnius [&hellip;]<\/p>\n","protected":false},"author":1,"featured_media":0,"parent":7465,"menu_order":0,"comment_status":"closed","ping_status":"closed","template":"","meta":{"_acf_changed":false,"_et_pb_use_builder":"on","_et_pb_old_content":"","_et_gb_content_width":"","om_disable_all_campaigns":false,"_exactmetrics_skip_tracking":false,"_exactmetrics_sitenote_active":false,"_exactmetrics_sitenote_note":"","_exactmetrics_sitenote_category":0,"iawp_total_views":21,"footnotes":""},"class_list":["post-7448","page","type-page","status-publish","hentry"],"acf":[],"jetpack_sharing_enabled":true,"_links":{"self":[{"href":"https:\/\/mytax.lt\/en\/wp-json\/wp\/v2\/pages\/7448","targetHints":{"allow":["GET"]}}],"collection":[{"href":"https:\/\/mytax.lt\/en\/wp-json\/wp\/v2\/pages"}],"about":[{"href":"https:\/\/mytax.lt\/en\/wp-json\/wp\/v2\/types\/page"}],"author":[{"embeddable":true,"href":"https:\/\/mytax.lt\/en\/wp-json\/wp\/v2\/users\/1"}],"replies":[{"embeddable":true,"href":"https:\/\/mytax.lt\/en\/wp-json\/wp\/v2\/comments?post=7448"}],"version-history":[{"count":3,"href":"https:\/\/mytax.lt\/en\/wp-json\/wp\/v2\/pages\/7448\/revisions"}],"predecessor-version":[{"id":7473,"href":"https:\/\/mytax.lt\/en\/wp-json\/wp\/v2\/pages\/7448\/revisions\/7473"}],"up":[{"embeddable":true,"href":"https:\/\/mytax.lt\/en\/wp-json\/wp\/v2\/pages\/7465"}],"wp:attachment":[{"href":"https:\/\/mytax.lt\/en\/wp-json\/wp\/v2\/media?parent=7448"}],"curies":[{"name":"wp","href":"https:\/\/api.w.org\/{rel}","templated":true}]}}