{"id":7436,"date":"2021-06-14T13:41:21","date_gmt":"2021-06-14T11:41:21","guid":{"rendered":"https:\/\/mytax.lt\/?page_id=7436"},"modified":"2025-04-04T02:26:57","modified_gmt":"2025-04-04T00:26:57","slug":"2018-metu-darbo-laiko-kalendorius","status":"publish","type":"page","link":"https:\/\/mytax.lt\/en\/darbo-laiko-kalendoriai\/2018-metu-darbo-laiko-kalendorius\/","title":{"rendered":"2018 met\u0173 darbo laiko kalendorius"},"content":{"rendered":"<p>[et_pb_section fb_built=&#8221;1&#8243; custom_padding_last_edited=&#8221;on|phone&#8221; module_class=&#8221;custom-gradient-section&#8221; _builder_version=&#8221;4.27.4&#8243; _module_preset=&#8221;default&#8221; min_height=&#8221;517.8px&#8221; custom_margin_tablet=&#8221;&#8221; custom_margin_phone=&#8221;0px|0px|0px|0px|true|true&#8221; custom_margin_last_edited=&#8221;on|phone&#8221; custom_padding=&#8221;37px||37px||true|false&#8221; custom_padding_tablet=&#8221;37px||37px||true|false&#8221; custom_padding_phone=&#8221;0px|0px|0px|0px|true|true&#8221; locked=&#8221;off&#8221; collapsed=&#8221;on&#8221; global_colors_info=&#8221;{}&#8221;][et_pb_row column_structure=&#8221;1_2,1_2&#8243; custom_padding_last_edited=&#8221;on|phone&#8221; _builder_version=&#8221;4.27.4&#8243; _module_preset=&#8221;default&#8221; width=&#8221;100%&#8221; width_tablet=&#8221;75%&#8221; width_phone=&#8221;100%&#8221; width_last_edited=&#8221;on|phone&#8221; max_width=&#8221;1175px&#8221; module_alignment=&#8221;center&#8221; custom_margin=&#8221;|auto|36px|auto|false|false&#8221; custom_margin_tablet=&#8221;|auto|36px|auto|false|false&#8221; custom_margin_phone=&#8221;0px|0px|0px|0px|true|true&#8221; custom_margin_last_edited=&#8221;on|phone&#8221; custom_padding=&#8221;|15px|30px|15px|false|true&#8221; custom_padding_tablet=&#8221;||30px||false|false&#8221; custom_padding_phone=&#8221;0px|0px|0px|0px|true|true&#8221; custom_css_main_element=&#8221;display: flex;||flex-wrap: wrap;&#8221; global_colors_info=&#8221;{}&#8221;][et_pb_column type=&#8221;1_2&#8243; _builder_version=&#8221;4.27.4&#8243; _module_preset=&#8221;default&#8221; global_colors_info=&#8221;{}&#8221; custom_css_main_element_last_edited=&#8221;on|desktop&#8221; custom_css_main_element_tablet=&#8221;order: 2;&#8221; custom_css_main_element_phone=&#8221;order: 2;&#8221;][et_pb_text admin_label=&#8221;Text&#8221; _builder_version=&#8221;4.27.4&#8243; _dynamic_attributes=&#8221;content&#8221; _module_preset=&#8221;default&#8221; header_font=&#8221;|700|||||||&#8221; header_text_color=&#8221;#000000&#8243; min_height=&#8221;44px&#8221; custom_margin=&#8221;107px||||false|false&#8221; custom_margin_tablet=&#8221;107px||||false|false&#8221; custom_margin_phone=&#8221;50px||||false|false&#8221; custom_margin_last_edited=&#8221;on|phone&#8221; custom_padding_tablet=&#8221;&#8221; custom_padding_phone=&#8221;|20px||20px|false|true&#8221; custom_padding_last_edited=&#8221;on|phone&#8221; header_text_align_tablet=&#8221;&#8221; header_text_align_phone=&#8221;center&#8221; header_text_align_last_edited=&#8221;on|phone&#8221; header_font_size_tablet=&#8221;&#8221; header_font_size_phone=&#8221;50px&#8221; header_font_size_last_edited=&#8221;on|phone&#8221; global_colors_info=&#8221;{}&#8221;]@ET-DC@eyJkeW5hbWljIjp0cnVlLCJjb250ZW50IjoicG9zdF90aXRsZSIsInNldHRpbmdzIjp7ImJlZm9yZSI6IjxoMT4iLCJhZnRlciI6IjwvaDE+In19@[\/et_pb_text][et_pb_text admin_label=&#8221;Text&#8221; _builder_version=&#8221;4.27.4&#8243; _module_preset=&#8221;default&#8221; header_4_line_height=&#8221;1.2em&#8221; min_height=&#8221;121px&#8221; custom_margin=&#8221;30px||||false|false&#8221; custom_margin_tablet=&#8221;58px||||false|false&#8221; custom_margin_phone=&#8221;58px||||false|false&#8221; custom_margin_last_edited=&#8221;on|desktop&#8221; custom_padding_tablet=&#8221;&#8221; custom_padding_phone=&#8221;|50px||50px|false|true&#8221; custom_padding_last_edited=&#8221;on|phone&#8221; hover_enabled=&#8221;0&#8243; text_font_size_tablet=&#8221;1.5em&#8221; text_font_size_phone=&#8221;1em&#8221; text_font_size_last_edited=&#8221;on|phone&#8221; global_colors_info=&#8221;{}&#8221; sticky_enabled=&#8221;0&#8243;]Atsisi\u0173sti kalendori\u0173 spauskite \u010dia: <a href=\"https:\/\/mytax.lt\/wp-content\/uploads\/2021\/06\/Darbo-laiko-kalendorius-2018.pdf\">2018 met\u0173 darbo laiko kalendorius<\/a><\/p>\n<p>Kaip pad\u0117k\u0105 u\u017e kalendori\u0173 pra\u0161ome \u012fvertinti \u010dia: <a href=\"https:\/\/rekvizitai.vz.lt\/imone\/garuda\/\" rel=\"nofollow noopener\" target=\"_blank\">https:\/\/rekvizitai.vz.lt\/imone\/garuda\/<\/a>[\/et_pb_text][\/et_pb_column][et_pb_column type=&#8221;1_2&#8243; _builder_version=&#8221;4.27.4&#8243; _module_preset=&#8221;default&#8221; global_colors_info=&#8221;{}&#8221; custom_css_main_element_last_edited=&#8221;on|desktop&#8221; custom_css_main_element_tablet=&#8221;order: 1;&#8221; custom_css_main_element_phone=&#8221;order: 1;&#8221;][et_pb_image src=&#8221;@ET-DC@eyJkeW5hbWljIjp0cnVlLCJjb250ZW50IjoicG9zdF9mZWF0dXJlZF9pbWFnZSIsInNldHRpbmdzIjp7fX0=@&#8221; _builder_version=&#8221;4.27.4&#8243; _dynamic_attributes=&#8221;src&#8221; _module_preset=&#8221;default&#8221; width=&#8221;100%&#8221; max_width=&#8221;100%&#8221; height=&#8221;594px&#8221; max_height=&#8221;358px&#8221; border_radii=&#8221;on|10px|10px|10px|10px&#8221; border_radii_tablet=&#8221;on||||&#8221; border_radii_phone=&#8221;on||||&#8221; border_radii_last_edited=&#8221;on|phone&#8221; global_colors_info=&#8221;{}&#8221;][\/et_pb_image][\/et_pb_column][\/et_pb_row][\/et_pb_section][et_pb_section fb_built=&#8221;1&#8243; _builder_version=&#8221;4.16&#8243; _module_preset=&#8221;default&#8221; custom_padding=&#8221;0px||0px||false|false&#8221; global_colors_info=&#8221;{}&#8221;][et_pb_row _builder_version=&#8221;4.16&#8243; _module_preset=&#8221;default&#8221; width=&#8221;100%&#8221; max_width=&#8221;1175px&#8221; module_alignment=&#8221;center&#8221; custom_padding=&#8221;|15px||15px|false|true&#8221; global_colors_info=&#8221;{}&#8221;][et_pb_column type=&#8221;4_4&#8243; _builder_version=&#8221;4.16&#8243; _module_preset=&#8221;default&#8221; global_colors_info=&#8221;{}&#8221;][et_pb_image src=&#8221;https:\/\/mytax.lt\/wp-content\/uploads\/2025\/03\/Kalendorius2018.webp&#8221; alt=&#8221;2018 met\u0173 darbo kalendorius&#8221; title_text=&#8221;Kalendorius2018&#8243; _builder_version=&#8221;4.27.4&#8243; _module_preset=&#8221;default&#8221; global_colors_info=&#8221;{}&#8221;][\/et_pb_image][\/et_pb_column][\/et_pb_row][\/et_pb_section]<\/p>\n","protected":false},"excerpt":{"rendered":"<p>Atsisi\u0173sti kalendori\u0173 spauskite \u010dia: 2018 met\u0173 darbo laiko kalendorius Kaip pad\u0117k\u0105 u\u017e kalendori\u0173 pra\u0161ome \u012fvertinti \u010dia: https:\/\/rekvizitai.vz.lt\/imone\/garuda\/<\/p>\n","protected":false},"author":1,"featured_media":11783,"parent":7465,"menu_order":0,"comment_status":"closed","ping_status":"closed","template":"","meta":{"_acf_changed":false,"_et_pb_use_builder":"on","_et_pb_old_content":"","_et_gb_content_width":"","om_disable_all_campaigns":false,"_exactmetrics_skip_tracking":false,"_exactmetrics_sitenote_active":false,"_exactmetrics_sitenote_note":"","_exactmetrics_sitenote_category":0,"iawp_total_views":10,"footnotes":""},"class_list":["post-7436","page","type-page","status-publish","has-post-thumbnail","hentry"],"acf":[],"jetpack_sharing_enabled":true,"_links":{"self":[{"href":"https:\/\/mytax.lt\/en\/wp-json\/wp\/v2\/pages\/7436","targetHints":{"allow":["GET"]}}],"collection":[{"href":"https:\/\/mytax.lt\/en\/wp-json\/wp\/v2\/pages"}],"about":[{"href":"https:\/\/mytax.lt\/en\/wp-json\/wp\/v2\/types\/page"}],"author":[{"embeddable":true,"href":"https:\/\/mytax.lt\/en\/wp-json\/wp\/v2\/users\/1"}],"replies":[{"embeddable":true,"href":"https:\/\/mytax.lt\/en\/wp-json\/wp\/v2\/comments?post=7436"}],"version-history":[{"count":8,"href":"https:\/\/mytax.lt\/en\/wp-json\/wp\/v2\/pages\/7436\/revisions"}],"predecessor-version":[{"id":14881,"href":"https:\/\/mytax.lt\/en\/wp-json\/wp\/v2\/pages\/7436\/revisions\/14881"}],"up":[{"embeddable":true,"href":"https:\/\/mytax.lt\/en\/wp-json\/wp\/v2\/pages\/7465"}],"wp:featuredmedia":[{"embeddable":true,"href":"https:\/\/mytax.lt\/en\/wp-json\/wp\/v2\/media\/11783"}],"wp:attachment":[{"href":"https:\/\/mytax.lt\/en\/wp-json\/wp\/v2\/media?parent=7436"}],"curies":[{"name":"wp","href":"https:\/\/api.w.org\/{rel}","templated":true}]}}