{"id":17176,"date":"2025-11-07T15:49:32","date_gmt":"2025-11-07T13:49:32","guid":{"rendered":"https:\/\/mytax.lt\/?page_id=17176"},"modified":"2025-11-07T15:53:02","modified_gmt":"2025-11-07T13:53:02","slug":"investicinis-turtas","status":"publish","type":"page","link":"https:\/\/mytax.lt\/en\/finansiniu-terminu-zodynas\/investicinis-turtas\/","title":{"rendered":"Investicinis turtas"},"content":{"rendered":"<p>[et_pb_section fb_built=&#8221;1&#8243; custom_padding_last_edited=&#8221;on|desktop&#8221; module_class=&#8221;custom-gradient-section&#8221; _builder_version=&#8221;4.27.4&#8243; _module_preset=&#8221;default&#8221; min_height=&#8221;517.8px&#8221; custom_padding=&#8221;37px||37px||true|false&#8221; custom_padding_tablet=&#8221;37px||37px||true|false&#8221; custom_padding_phone=&#8221;0px|0px|0px|0px|true|true&#8221; da_disable_devices=&#8221;off|off|off&#8221; locked=&#8221;off&#8221; collapsed=&#8221;off&#8221; global_colors_info=&#8221;{}&#8221; da_is_popup=&#8221;off&#8221; da_exit_intent=&#8221;off&#8221; da_has_close=&#8221;on&#8221; da_alt_close=&#8221;off&#8221; da_dark_close=&#8221;off&#8221; da_not_modal=&#8221;on&#8221; da_is_singular=&#8221;off&#8221; da_with_loader=&#8221;off&#8221; da_has_shadow=&#8221;on&#8221;][et_pb_row column_structure=&#8221;1_2,1_2&#8243; custom_padding_last_edited=&#8221;on|phone&#8221; _builder_version=&#8221;4.27.4&#8243; _module_preset=&#8221;default&#8221; width=&#8221;75%&#8221; width_tablet=&#8221;&#8221; width_phone=&#8221;100%&#8221; width_last_edited=&#8221;on|phone&#8221; custom_margin=&#8221;|auto|36px|auto|false|false&#8221; custom_margin_tablet=&#8221;|auto|36px|auto|false|false&#8221; custom_margin_phone=&#8221;0px|0px|0px|0px|true|true&#8221; custom_margin_last_edited=&#8221;on|phone&#8221; custom_padding=&#8221;||30px||false|false&#8221; custom_padding_tablet=&#8221;||30px||false|false&#8221; custom_padding_phone=&#8221;0px|0px|0px|0px|true|true&#8221; custom_css_main_element=&#8221;display: flex;||flex-wrap: wrap;&#8221; border_radii_tablet=&#8221;&#8221; border_radii_phone=&#8221;on||||&#8221; border_radii_last_edited=&#8221;on|phone&#8221; global_colors_info=&#8221;{}&#8221;][et_pb_column type=&#8221;1_2&#8243; _builder_version=&#8221;4.27.4&#8243; _module_preset=&#8221;default&#8221; global_colors_info=&#8221;{}&#8221; custom_css_main_element_last_edited=&#8221;on|phone&#8221; custom_css_main_element_tablet=&#8221;order: 2;&#8221; custom_css_main_element_phone=&#8221;order: 2;&#8221;][et_pb_text admin_label=&#8221;Text&#8221; _builder_version=&#8221;4.27.4&#8243; _module_preset=&#8221;default&#8221; header_font=&#8221;|700|||||||&#8221; header_text_color=&#8221;#000000&#8243; min_height=&#8221;44px&#8221; custom_margin=&#8221;107px||||false|false&#8221; custom_margin_tablet=&#8221;107px||||false|false&#8221; custom_margin_phone=&#8221;50px||||false|false&#8221; custom_margin_last_edited=&#8221;on|phone&#8221; header_font_size_tablet=&#8221;&#8221; header_font_size_phone=&#8221;50px&#8221; header_font_size_last_edited=&#8221;on|phone&#8221; global_colors_info=&#8221;{}&#8221;]<\/p>\n<h1 style=\"text-align: center;\">Investicinis turtas<\/h1>\n<p>[\/et_pb_text][\/et_pb_column][et_pb_column type=&#8221;1_2&#8243; _builder_version=&#8221;4.27.4&#8243; _module_preset=&#8221;default&#8221; global_colors_info=&#8221;{}&#8221; custom_css_main_element_last_edited=&#8221;on|desktop&#8221; custom_css_main_element_tablet=&#8221;order: 1;&#8221; custom_css_main_element_phone=&#8221;order: 1;&#8221;][et_pb_image src=&#8221;@ET-DC@eyJkeW5hbWljIjp0cnVlLCJjb250ZW50IjoicG9zdF9mZWF0dXJlZF9pbWFnZSIsInNldHRpbmdzIjp7fX0=@&#8221; _builder_version=&#8221;4.27.4&#8243; _dynamic_attributes=&#8221;src&#8221; _module_preset=&#8221;default&#8221; width=&#8221;100%&#8221; max_width=&#8221;100%&#8221; height=&#8221;594px&#8221; max_height=&#8221;358px&#8221; border_radii=&#8221;on|10px|10px|10px|10px&#8221; border_radii_tablet=&#8221;on|10px|10px|10px|10px&#8221; border_radii_phone=&#8221;on|0px|0px|0px|0px&#8221; border_radii_last_edited=&#8221;on|phone&#8221; global_colors_info=&#8221;{}&#8221;][\/et_pb_image][\/et_pb_column][\/et_pb_row][\/et_pb_section][et_pb_section fb_built=&#8221;1&#8243; _builder_version=&#8221;4.27.4&#8243; custom_padding=&#8221;||0px|||&#8221; da_disable_devices=&#8221;off|off|off&#8221; locked=&#8221;off&#8221; global_colors_info=&#8221;{}&#8221; da_is_popup=&#8221;off&#8221; da_exit_intent=&#8221;off&#8221; da_has_close=&#8221;on&#8221; da_alt_close=&#8221;off&#8221; da_dark_close=&#8221;off&#8221; da_not_modal=&#8221;on&#8221; da_is_singular=&#8221;off&#8221; da_with_loader=&#8221;off&#8221; da_has_shadow=&#8221;on&#8221;][et_pb_row admin_label=&#8221;Row&#8221; _builder_version=&#8221;4.27.4&#8243; _module_preset=&#8221;default&#8221; global_colors_info=&#8221;{}&#8221;][et_pb_column type=&#8221;4_4&#8243; _builder_version=&#8221;4.27.4&#8243; _module_preset=&#8221;default&#8221; global_colors_info=&#8221;{}&#8221;][et_pb_text admin_label=&#8221;Text&#8221; _builder_version=&#8221;4.27.4&#8243; _module_preset=&#8221;default&#8221; text_font=&#8221;Fira Sans|300|||||||&#8221; global_colors_info=&#8221;{}&#8221;]<\/p>\n<p><strong><span>Investicinis turtas <\/span><\/strong><span>\u2013 tai ilgalaikis materialusis turtas (pvz., \u017eem\u0117, pastatai ar j\u0173 dalys), kur\u012f \u012fmon\u0117 arba finansin\u0117s nuomos b\u016bdu turt\u0105 valdantis nuomininkas laiko siekdami gauti pajam\u0173 i\u0161 jo nuomos ir (arba) vert\u0117s padid\u0117jimo.<\/span><\/p>\n<p><span>\u0160is turtas neskirtas nei preki\u0173 gamybai, nei paslaug\u0173 teikimui, nei administraciniams tikslams, taip pat n\u0117ra turtas, kurio pardavimas yra pagrindin\u0117 \u012fmon\u0117s veikla.<\/span><\/p>\n<p><span>Investicinis turtas finansin\u0117se ataskaitose parodomas tik tada, kai jis atitinka investicinio turto apibr\u0117\u017eim\u0105, t. y. jo paskirtis \u2013 gauti pajamas vien tik i\u0161 nuomos ar vert\u0117s augimo.<\/span><\/p>\n<p>[\/et_pb_text][et_pb_button button_url=&#8221;https:\/\/mytax.lt\/kontaktai\/&#8221; button_text=&#8221;SUSISIEKITE&#8221; _builder_version=&#8221;4.27.4&#8243; _module_preset=&#8221;default&#8221; global_colors_info=&#8221;{}&#8221;][\/et_pb_button][\/et_pb_column][\/et_pb_row][\/et_pb_section][et_pb_section fb_built=&#8221;1&#8243; admin_label=&#8221;Norite gauti kokybi\u0161kas paslaugas?&#8221; _builder_version=&#8221;4.27.4&#8243; width=&#8221;100%&#8221; max_width=&#8221;1170px&#8221; module_alignment=&#8221;center&#8221; custom_margin=&#8221;0px||||false|false&#8221; custom_padding=&#8221;36px|15px|26px|15px|false|true&#8221; da_disable_devices=&#8221;off|off|off&#8221; global_module=&#8221;10883&#8243; saved_tabs=&#8221;all&#8221; locked=&#8221;off&#8221; collapsed=&#8221;on&#8221; global_colors_info=&#8221;{}&#8221; da_is_popup=&#8221;off&#8221; da_exit_intent=&#8221;off&#8221; da_has_close=&#8221;on&#8221; da_alt_close=&#8221;off&#8221; da_dark_close=&#8221;off&#8221; da_not_modal=&#8221;on&#8221; da_is_singular=&#8221;off&#8221; da_with_loader=&#8221;off&#8221; da_has_shadow=&#8221;on&#8221;][et_pb_row column_structure=&#8221;2_3,1_3&#8243; _builder_version=&#8221;4.16&#8243; width=&#8221;75%&#8221; width_tablet=&#8221;80%&#8221; width_phone=&#8221;100%&#8221; width_last_edited=&#8221;on|phone&#8221; max_width=&#8221;1108px&#8221; custom_padding=&#8221;20px||||false|false&#8221; global_colors_info=&#8221;{}&#8221;][et_pb_column type=&#8221;2_3&#8243; _builder_version=&#8221;4.16&#8243; custom_padding=&#8221;|||&#8221; global_colors_info=&#8221;{}&#8221; custom_padding__hover=&#8221;|||&#8221;][et_pb_text _builder_version=&#8221;4.27.4&#8243; text_font=&#8221;Public Sans|600|||||||&#8221; text_text_color=&#8221;#111&#8243; text_font_size=&#8221;20px&#8221; header_text_align=&#8221;center&#8221; header_font_size=&#8221;41px&#8221; header_6_font=&#8221;Fira Sans||||||||&#8221; header_6_font_size=&#8221;25px&#8221; text_orientation_tablet=&#8221;center&#8221; text_orientation_phone=&#8221;center&#8221; text_orientation_last_edited=&#8221;on|phone&#8221; global_colors_info=&#8221;{}&#8221;]<\/p>\n<p>Norite gauti profesional\u0173 po\u017ei\u016br\u012f ir kokybi\u0161kas paslaugas ?<\/p>\n<p>[\/et_pb_text][et_pb_divider divider_weight=&#8221;3px&#8221; disabled_on=&#8221;off|off|off&#8221; _builder_version=&#8221;4.27.4&#8243; transform_scale=&#8221;88%|88%&#8221; width=&#8221;100px&#8221; width_tablet=&#8221;25%&#8221; width_phone=&#8221;30%&#8221; width_last_edited=&#8221;on|tablet&#8221; max_width=&#8221;54%&#8221; module_alignment=&#8221;left&#8221; custom_margin=&#8221;1px||||false|false&#8221; custom_margin_tablet=&#8221;-11px||||false|false&#8221; custom_margin_phone=&#8221;-15px||||false|false&#8221; custom_margin_last_edited=&#8221;on|phone&#8221; module_alignment_tablet=&#8221;center&#8221; module_alignment_phone=&#8221;&#8221; module_alignment_last_edited=&#8221;on|phone&#8221; custom_css_before=&#8221;border-radius: 25px;&#8221; global_colors_info=&#8221;{}&#8221; custom_css_main_element_last_edited=&#8221;on|desktop&#8221; custom_css_after_last_edited=&#8221;on|desktop&#8221; custom_margin__hover_enabled=&#8221;off|desktop&#8221;][\/et_pb_divider][\/et_pb_column][et_pb_column type=&#8221;1_3&#8243; _builder_version=&#8221;4.16&#8243; custom_padding=&#8221;|||&#8221; global_colors_info=&#8221;{}&#8221; custom_padding__hover=&#8221;|||&#8221;][et_pb_button button_url=&#8221;\/kontaktai\/&#8221; button_text=&#8221;Susisiekite su mumis \u0161iandien&#8221; button_alignment=&#8221;center&#8221; button_alignment_tablet=&#8221;center&#8221; button_alignment_phone=&#8221;center&#8221; button_alignment_last_edited=&#8221;on|phone&#8221; disabled_on=&#8221;off|off|off&#8221; module_class=&#8221;et_pb_button&#8221; _builder_version=&#8221;4.27.4&#8243; custom_button=&#8221;on&#8221; button_text_size=&#8221;13px&#8221; button_border_radius=&#8221;21px&#8221; button_font=&#8221;Fira Sans|600|||||||&#8221; custom_padding=&#8221;11px|22px|11px|22px|false|false&#8221; mix_blend_mode=&#8221;difference&#8221; global_colors_info=&#8221;{}&#8221; button_bg_color__hover=&#8221;#000000&#8243; button_bg_color__hover_enabled=&#8221;on|hover&#8221;][\/et_pb_button][\/et_pb_column][\/et_pb_row][\/et_pb_section]<\/p>\n","protected":false},"excerpt":{"rendered":"<p>Investicinis turtasInvesticinis turtas \u2013 tai ilgalaikis materialusis turtas (pvz., \u017eem\u0117, pastatai ar j\u0173 dalys), kur\u012f \u012fmon\u0117 arba finansin\u0117s nuomos b\u016bdu turt\u0105 valdantis nuomininkas laiko siekdami [&hellip;]<\/p>\n","protected":false},"author":22,"featured_media":12560,"parent":12580,"menu_order":0,"comment_status":"closed","ping_status":"closed","template":"","meta":{"_acf_changed":false,"_et_pb_use_builder":"on","_et_pb_old_content":"","_et_gb_content_width":"","om_disable_all_campaigns":false,"_exactmetrics_skip_tracking":false,"_exactmetrics_sitenote_active":false,"_exactmetrics_sitenote_note":"","_exactmetrics_sitenote_category":0,"iawp_total_views":6,"footnotes":""},"class_list":["post-17176","page","type-page","status-publish","has-post-thumbnail","hentry"],"acf":[],"jetpack_sharing_enabled":true,"_links":{"self":[{"href":"https:\/\/mytax.lt\/en\/wp-json\/wp\/v2\/pages\/17176","targetHints":{"allow":["GET"]}}],"collection":[{"href":"https:\/\/mytax.lt\/en\/wp-json\/wp\/v2\/pages"}],"about":[{"href":"https:\/\/mytax.lt\/en\/wp-json\/wp\/v2\/types\/page"}],"author":[{"embeddable":true,"href":"https:\/\/mytax.lt\/en\/wp-json\/wp\/v2\/users\/22"}],"replies":[{"embeddable":true,"href":"https:\/\/mytax.lt\/en\/wp-json\/wp\/v2\/comments?post=17176"}],"version-history":[{"count":3,"href":"https:\/\/mytax.lt\/en\/wp-json\/wp\/v2\/pages\/17176\/revisions"}],"predecessor-version":[{"id":17179,"href":"https:\/\/mytax.lt\/en\/wp-json\/wp\/v2\/pages\/17176\/revisions\/17179"}],"up":[{"embeddable":true,"href":"https:\/\/mytax.lt\/en\/wp-json\/wp\/v2\/pages\/12580"}],"wp:featuredmedia":[{"embeddable":true,"href":"https:\/\/mytax.lt\/en\/wp-json\/wp\/v2\/media\/12560"}],"wp:attachment":[{"href":"https:\/\/mytax.lt\/en\/wp-json\/wp\/v2\/media?parent=17176"}],"curies":[{"name":"wp","href":"https:\/\/api.w.org\/{rel}","templated":true}]}}