{"id":17109,"date":"2025-11-07T11:53:36","date_gmt":"2025-11-07T09:53:36","guid":{"rendered":"https:\/\/mytax.lt\/?page_id=17109"},"modified":"2025-11-07T11:57:20","modified_gmt":"2025-11-07T09:57:20","slug":"atsargos","status":"publish","type":"page","link":"https:\/\/mytax.lt\/en\/finansiniu-terminu-zodynas\/atsargos\/","title":{"rendered":"Atsargos"},"content":{"rendered":"<p>[et_pb_section fb_built=&#8221;1&#8243; custom_padding_last_edited=&#8221;on|desktop&#8221; module_class=&#8221;custom-gradient-section&#8221; _builder_version=&#8221;4.27.4&#8243; _module_preset=&#8221;default&#8221; min_height=&#8221;517.8px&#8221; custom_padding=&#8221;37px||37px||true|false&#8221; custom_padding_tablet=&#8221;37px||37px||true|false&#8221; custom_padding_phone=&#8221;0px|0px|0px|0px|true|true&#8221; da_disable_devices=&#8221;off|off|off&#8221; locked=&#8221;off&#8221; collapsed=&#8221;off&#8221; global_colors_info=&#8221;{}&#8221; da_is_popup=&#8221;off&#8221; da_exit_intent=&#8221;off&#8221; da_has_close=&#8221;on&#8221; da_alt_close=&#8221;off&#8221; da_dark_close=&#8221;off&#8221; da_not_modal=&#8221;on&#8221; da_is_singular=&#8221;off&#8221; da_with_loader=&#8221;off&#8221; da_has_shadow=&#8221;on&#8221;][et_pb_row column_structure=&#8221;1_2,1_2&#8243; custom_padding_last_edited=&#8221;on|phone&#8221; _builder_version=&#8221;4.27.4&#8243; _module_preset=&#8221;default&#8221; width=&#8221;100%&#8221; width_tablet=&#8221;75%&#8221; width_phone=&#8221;100%&#8221; width_last_edited=&#8221;on|phone&#8221; max_width=&#8221;1170px&#8221; module_alignment=&#8221;center&#8221; custom_margin=&#8221;||||false|false&#8221; custom_margin_tablet=&#8221;||||false|false&#8221; custom_margin_phone=&#8221;0px|0px|0px|0px|true|true&#8221; custom_margin_last_edited=&#8221;on|phone&#8221; custom_padding=&#8221;|15px||15px|false|true&#8221; custom_padding_tablet=&#8221;||||false|false&#8221; custom_padding_phone=&#8221;0px|0px|0px|0px|true|true&#8221; custom_css_main_element=&#8221;display: flex;||flex-wrap: wrap;&#8221; locked=&#8221;off&#8221; global_colors_info=&#8221;{}&#8221; custom_css_main_element_last_edited=&#8221;on|desktop&#8221; custom_css_main_element_tablet=&#8221;display: flex;||flex-wrap: wrap;&#8221; custom_css_main_element_phone=&#8221;display: flex;||flex-wrap: wrap;&#8221;][et_pb_column type=&#8221;1_2&#8243; _builder_version=&#8221;4.27.4&#8243; _module_preset=&#8221;default&#8221; global_colors_info=&#8221;{}&#8221; custom_css_main_element_last_edited=&#8221;on|phone&#8221; custom_css_main_element_tablet=&#8221;order: 2;&#8221; custom_css_main_element_phone=&#8221;order: 2;&#8221;][et_pb_text admin_label=&#8221;Post Title&#8221; _builder_version=&#8221;4.27.4&#8243; _dynamic_attributes=&#8221;content&#8221; _module_preset=&#8221;default&#8221; header_font=&#8221;|700|||||||&#8221; header_text_color=&#8221;#000000&#8243; header_font_size=&#8221;3em&#8221; custom_margin=&#8221;50px||||false|false&#8221; custom_margin_tablet=&#8221;50px||||false|false&#8221; custom_margin_phone=&#8221;||||false|true&#8221; custom_margin_last_edited=&#8221;on|phone&#8221; custom_padding_tablet=&#8221;&#8221; custom_padding_phone=&#8221;|40px||40px|false|true&#8221; custom_padding_last_edited=&#8221;on|phone&#8221; global_colors_info=&#8221;{}&#8221;]@ET-DC@eyJkeW5hbWljIjp0cnVlLCJjb250ZW50IjoicG9zdF90aXRsZSIsInNldHRpbmdzIjp7ImJlZm9yZSI6IjxIMT4iLCJhZnRlciI6IjwvSDE+In19@[\/et_pb_text][\/et_pb_column][et_pb_column type=&#8221;1_2&#8243; _builder_version=&#8221;4.27.4&#8243; _module_preset=&#8221;default&#8221; global_colors_info=&#8221;{}&#8221; custom_css_main_element_last_edited=&#8221;on|phone&#8221; custom_css_main_element_tablet=&#8221;order: 1;&#8221; custom_css_main_element_phone=&#8221;order: 1;&#8221;][et_pb_image src=&#8221;@ET-DC@eyJkeW5hbWljIjp0cnVlLCJjb250ZW50IjoicG9zdF9mZWF0dXJlZF9pbWFnZSIsInNldHRpbmdzIjp7fX0=@&#8221; _builder_version=&#8221;4.27.4&#8243; _dynamic_attributes=&#8221;src&#8221; _module_preset=&#8221;default&#8221; width=&#8221;100%&#8221; max_width=&#8221;100%&#8221; height=&#8221;594px&#8221; max_height=&#8221;358px&#8221; border_radii=&#8221;on|10px|10px|10px|10px&#8221; border_radii_tablet=&#8221;on|10px|10px|10px|10px&#8221; border_radii_phone=&#8221;on|0px|0px|0px|0px&#8221; border_radii_last_edited=&#8221;on|phone&#8221; global_colors_info=&#8221;{}&#8221;][\/et_pb_image][\/et_pb_column][\/et_pb_row][\/et_pb_section][et_pb_section fb_built=&#8221;1&#8243; _builder_version=&#8221;4.27.4&#8243; custom_padding=&#8221;||0px|||&#8221; da_disable_devices=&#8221;off|off|off&#8221; locked=&#8221;off&#8221; global_colors_info=&#8221;{}&#8221; da_is_popup=&#8221;off&#8221; da_exit_intent=&#8221;off&#8221; da_has_close=&#8221;on&#8221; da_alt_close=&#8221;off&#8221; da_dark_close=&#8221;off&#8221; da_not_modal=&#8221;on&#8221; da_is_singular=&#8221;off&#8221; da_with_loader=&#8221;off&#8221; da_has_shadow=&#8221;on&#8221;][et_pb_row _builder_version=&#8221;4.27.4&#8243; _module_preset=&#8221;default&#8221; global_colors_info=&#8221;{}&#8221;][et_pb_column type=&#8221;4_4&#8243; _builder_version=&#8221;4.27.4&#8243; _module_preset=&#8221;default&#8221; global_colors_info=&#8221;{}&#8221;][et_pb_text _builder_version=&#8221;4.27.4&#8243; _module_preset=&#8221;default&#8221; text_font=&#8221;Fira Sans|300|||||||&#8221; global_colors_info=&#8221;{}&#8221;]<\/p>\n<p>Atsargos &#8211; tai \u012fmon\u0117s trumpalaikis turtas, apimantis \u017ealiavas, komplektuojamuosius gaminius, prekes bei nebaigt\u0105 gaminti produkcij\u0105. \u0160is turtas sunaudojamas per vienerius finansinius metus arba per vien\u0105 \u012fmon\u0117s veiklos cikl\u0105 siekiant u\u017edirbti pajamas ir u\u017etikrinti gamybos ar prekybos t\u0119stinum\u0105.<\/p>\n<p>[\/et_pb_text][\/et_pb_column][\/et_pb_row][\/et_pb_section][et_pb_section fb_built=&#8221;1&#8243; custom_padding_last_edited=&#8221;on|phone&#8221; admin_label=&#8221;Registracija susitikimui&#8221; _builder_version=&#8221;4.27.4&#8243; _module_preset=&#8221;default&#8221; width=&#8221;100%&#8221; max_width=&#8221;1170px&#8221; module_alignment=&#8221;center&#8221; custom_margin=&#8221;0px||||false|false&#8221; custom_padding=&#8221;36px|15px|26px|15px|false|true&#8221; custom_padding_tablet=&#8221;&#8221; custom_padding_phone=&#8221;36px|1rem|26px|1rem|false|true&#8221; da_disable_devices=&#8221;off|off|off&#8221; global_module=&#8221;16806&#8243; saved_tabs=&#8221;all&#8221; locked=&#8221;off&#8221; collapsed=&#8221;on&#8221; global_colors_info=&#8221;{}&#8221; da_is_popup=&#8221;off&#8221; da_exit_intent=&#8221;off&#8221; da_has_close=&#8221;on&#8221; da_alt_close=&#8221;off&#8221; da_dark_close=&#8221;off&#8221; da_not_modal=&#8221;on&#8221; da_is_singular=&#8221;off&#8221; da_with_loader=&#8221;off&#8221; da_has_shadow=&#8221;on&#8221;][et_pb_row _builder_version=&#8221;4.27.4&#8243; _module_preset=&#8221;default&#8221; width_tablet=&#8221;&#8221; width_phone=&#8221;100%&#8221; width_last_edited=&#8221;on|phone&#8221; global_colors_info=&#8221;{}&#8221;][et_pb_column type=&#8221;4_4&#8243; _builder_version=&#8221;4.27.4&#8243; _module_preset=&#8221;default&#8221; global_colors_info=&#8221;{}&#8221;][et_pb_text _builder_version=&#8221;4.27.4&#8243; _module_preset=&#8221;default&#8221; text_font=&#8221;|600|||||||&#8221; text_font_size=&#8221;84px&#8221; text_line_height=&#8221;1.2em&#8221; text_font_size_tablet=&#8221;&#8221; text_font_size_phone=&#8221;50px&#8221; text_font_size_last_edited=&#8221;on|phone&#8221; text_orientation_tablet=&#8221;&#8221; text_orientation_phone=&#8221;center&#8221; text_orientation_last_edited=&#8221;on|phone&#8221; global_colors_info=&#8221;{}&#8221;]<\/p>\n<p>Nuo pirmo \u017eingsnio iki stabilaus verslo augimo<\/p>\n<p>[\/et_pb_text][et_pb_text _builder_version=&#8221;4.27.4&#8243; _module_preset=&#8221;default&#8221; text_orientation_tablet=&#8221;&#8221; text_orientation_phone=&#8221;center&#8221; text_orientation_last_edited=&#8221;on|phone&#8221; global_colors_info=&#8221;{}&#8221;]<\/p>\n<p>Registruokit\u0117s pokalbiui jums patogiu metu ir su\u017einokite, kaip m\u016bs\u0173 buhalterin\u0117s paslaugos gali pad\u0117ti u\u017etikrinti tvar\u0173 finansin\u012f augim\u0105.<\/p>\n<p>[\/et_pb_text][et_pb_button button_url=&#8221;https:\/\/calendar.google.com\/calendar\/u\/0\/appointments\/schedules\/AcZssZ0bXo3wAw0fJRaSYoLIfLcGJxa-1UJAzVUYmmlFCQ7qJOnvGEo1CWofjfU1avNYDEvJZajtSlIM&#8221; url_new_window=&#8221;on&#8221; button_text=&#8221;Registruotis&#8221; button_alignment=&#8221;center&#8221; _builder_version=&#8221;4.27.4&#8243; _module_preset=&#8221;default&#8221; global_colors_info=&#8221;{}&#8221;][\/et_pb_button][\/et_pb_column][\/et_pb_row][\/et_pb_section]<\/p>\n","protected":false},"excerpt":{"rendered":"<p>Atsargos &#8211; tai \u012fmon\u0117s trumpalaikis turtas, apimantis \u017ealiavas, komplektuojamuosius gaminius, prekes bei nebaigt\u0105 gaminti produkcij\u0105. \u0160is turtas sunaudojamas per vienerius finansinius metus arba per vien\u0105 [&hellip;]<\/p>\n","protected":false},"author":22,"featured_media":12560,"parent":12580,"menu_order":0,"comment_status":"closed","ping_status":"closed","template":"","meta":{"_acf_changed":false,"_et_pb_use_builder":"on","_et_pb_old_content":"","_et_gb_content_width":"","om_disable_all_campaigns":false,"_exactmetrics_skip_tracking":false,"_exactmetrics_sitenote_active":false,"_exactmetrics_sitenote_note":"","_exactmetrics_sitenote_category":0,"iawp_total_views":10,"footnotes":""},"class_list":["post-17109","page","type-page","status-publish","has-post-thumbnail","hentry"],"acf":[],"jetpack_sharing_enabled":true,"_links":{"self":[{"href":"https:\/\/mytax.lt\/en\/wp-json\/wp\/v2\/pages\/17109","targetHints":{"allow":["GET"]}}],"collection":[{"href":"https:\/\/mytax.lt\/en\/wp-json\/wp\/v2\/pages"}],"about":[{"href":"https:\/\/mytax.lt\/en\/wp-json\/wp\/v2\/types\/page"}],"author":[{"embeddable":true,"href":"https:\/\/mytax.lt\/en\/wp-json\/wp\/v2\/users\/22"}],"replies":[{"embeddable":true,"href":"https:\/\/mytax.lt\/en\/wp-json\/wp\/v2\/comments?post=17109"}],"version-history":[{"count":3,"href":"https:\/\/mytax.lt\/en\/wp-json\/wp\/v2\/pages\/17109\/revisions"}],"predecessor-version":[{"id":17112,"href":"https:\/\/mytax.lt\/en\/wp-json\/wp\/v2\/pages\/17109\/revisions\/17112"}],"up":[{"embeddable":true,"href":"https:\/\/mytax.lt\/en\/wp-json\/wp\/v2\/pages\/12580"}],"wp:featuredmedia":[{"embeddable":true,"href":"https:\/\/mytax.lt\/en\/wp-json\/wp\/v2\/media\/12560"}],"wp:attachment":[{"href":"https:\/\/mytax.lt\/en\/wp-json\/wp\/v2\/media?parent=17109"}],"curies":[{"name":"wp","href":"https:\/\/api.w.org\/{rel}","templated":true}]}}