{"id":1692,"date":"2018-07-20T18:56:56","date_gmt":"2018-07-20T17:56:56","guid":{"rendered":"https:\/\/mytax.lt\/?page_id=1692"},"modified":"2025-11-04T19:32:54","modified_gmt":"2025-11-04T17:32:54","slug":"karjera","status":"publish","type":"page","link":"https:\/\/mytax.lt\/en\/apie-mus\/karjera\/","title":{"rendered":"Karjera"},"content":{"rendered":"<p>[et_pb_section fb_built=&#8221;1&#8243; module_class=&#8221;custom-gradient-section&#8221; _builder_version=&#8221;4.27.4&#8243; _module_preset=&#8221;default&#8221; min_height=&#8221;115px&#8221; custom_margin=&#8221;||23px|||&#8221; custom_padding=&#8221;45px||45px||true|false&#8221; locked=&#8221;off&#8221; collapsed=&#8221;off&#8221; global_colors_info=&#8221;{}&#8221; da_is_popup=&#8221;off&#8221; da_exit_intent=&#8221;off&#8221; da_has_close=&#8221;on&#8221; da_alt_close=&#8221;off&#8221; da_dark_close=&#8221;off&#8221; da_not_modal=&#8221;on&#8221; da_is_singular=&#8221;off&#8221; da_with_loader=&#8221;off&#8221; da_has_shadow=&#8221;on&#8221; da_disable_devices=&#8221;off|off|off&#8221;][et_pb_row column_structure=&#8221;1_2,1_2&#8243; _builder_version=&#8221;4.27.4&#8243; _module_preset=&#8221;default&#8221; width=&#8221;100%&#8221; max_width=&#8221;1175px&#8221; module_alignment=&#8221;center&#8221; min_height=&#8221;97.4px&#8221; custom_margin=&#8221;||||false|false&#8221; custom_padding=&#8221;32px|15px||15px|false|true&#8221; global_colors_info=&#8221;{}&#8221;][et_pb_column type=&#8221;1_2&#8243; _builder_version=&#8221;4.16&#8243; _module_preset=&#8221;default&#8221; global_colors_info=&#8221;{}&#8221;][et_pb_post_title meta=&#8221;off&#8221; featured_image=&#8221;off&#8221; _builder_version=&#8221;4.27.4&#8243; title_font=&#8221;Fira Sans|500|||||||&#8221; title_text_align=&#8221;center&#8221; title_font_size=&#8221;44px&#8221; background_color=&#8221;rgba(0,0,0,0)&#8221; min_height=&#8221;71px&#8221; custom_margin=&#8221;92px||||false|false&#8221; custom_margin_tablet=&#8221;92px||||false|false&#8221; custom_margin_phone=&#8221;75px||||false|false&#8221; custom_margin_last_edited=&#8221;on|phone&#8221; custom_padding=&#8221;||||false|false&#8221; custom_padding_tablet=&#8221;||||false|false&#8221; custom_padding_phone=&#8221;|25px||25px|false|true&#8221; custom_padding_last_edited=&#8221;on|phone&#8221; global_module=&#8221;4930&#8243; saved_tabs=&#8221;all&#8221; locked=&#8221;off&#8221; global_colors_info=&#8221;{}&#8221;][\/et_pb_post_title][\/et_pb_column][et_pb_column type=&#8221;1_2&#8243; _builder_version=&#8221;4.16&#8243; _module_preset=&#8221;default&#8221; global_colors_info=&#8221;{}&#8221;][\/et_pb_column][\/et_pb_row][\/et_pb_section][et_pb_section fb_built=&#8221;1&#8243; _builder_version=&#8221;4.27.4&#8243; min_height=&#8221;850px&#8221; custom_margin_tablet=&#8221;||||false|false&#8221; custom_margin_phone=&#8221;&#8221; custom_margin_last_edited=&#8221;on|tablet&#8221; custom_padding=&#8221;60px||||false|false&#8221; global_colors_info=&#8221;{}&#8221; da_is_popup=&#8221;off&#8221; da_exit_intent=&#8221;off&#8221; da_has_close=&#8221;on&#8221; da_alt_close=&#8221;off&#8221; da_dark_close=&#8221;off&#8221; da_not_modal=&#8221;on&#8221; da_is_singular=&#8221;off&#8221; da_with_loader=&#8221;off&#8221; da_has_shadow=&#8221;on&#8221; da_disable_devices=&#8221;off|off|off&#8221;][et_pb_row column_structure=&#8221;1_3,1_3,1_3&#8243; _builder_version=&#8221;4.16&#8243; width=&#8221;100%&#8221; max_width=&#8221;1175px&#8221; module_alignment=&#8221;center&#8221; custom_padding=&#8221;|15px||15px|false|true&#8221; global_colors_info=&#8221;{}&#8221;][et_pb_column type=&#8221;1_3&#8243; _builder_version=&#8221;4.16&#8243; global_colors_info=&#8221;{}&#8221;][et_pb_text _builder_version=&#8221;4.27.4&#8243; _module_preset=&#8221;default&#8221; height=&#8221;100px&#8221; custom_padding=&#8221;38px||10px|25px|false|false&#8221; link_option_url=&#8221;\/buhalterise\/&#8221; border_radii=&#8221;on|20px|20px|20px|20px&#8221; box_shadow_style=&#8221;preset1&#8243; box_shadow_spread=&#8221;-5px&#8221; global_colors_info=&#8221;{}&#8221;]<\/p>\n<h2>BUHALTERIS(\u0116)<\/h2>\n<p>[\/et_pb_text][\/et_pb_column][et_pb_column type=&#8221;1_3&#8243; _builder_version=&#8221;4.16&#8243; global_colors_info=&#8221;{}&#8221;][et_pb_code disabled_on=&#8221;on|on|on&#8221; admin_label=&#8221;\u041a\u043e\u0434&#8221; module_id=&#8221;et_pb_code_7&#8243; _builder_version=&#8221;4.16&#8243; min_height=&#8221;173px&#8221; custom_margin=&#8221;0px||62px||false|false&#8221; custom_padding=&#8221;0px||||false|false&#8221; disabled=&#8221;on&#8221; saved_tabs=&#8221;all&#8221; locked=&#8221;off&#8221; global_colors_info=&#8221;{}&#8221;]<\/p>\n<div class=\"services-single-left-box\"><!-- [et_pb_line_break_holder] -->\t\t\t\t\t<!-- [et_pb_line_break_holder] -->\t\t\t\t\t    <\/p>\n<div class=\"testmonial-box\"><!-- [et_pb_line_break_holder] -->                        <\/p>\n<div class=\"row1\"><!-- [et_pb_line_break_holder] -->                            <\/p>\n<div class=\"col-4 pr-0\"> <img decoding=\"async\" src=\"\/wp-content\/uploads\/2020\/04\/t-3.jpg\"  alt=\"image\"> <\/div>\n<p><!-- [et_pb_line_break_holder] -->                            <\/p>\n<div class=\"col-8\"><!-- [et_pb_line_break_holder] -->                                <\/p>\n<h5>Domina \u0161i paslauga?<\/h5>\n<p> <span>Marija<\/span><!-- [et_pb_line_break_holder] --><pee class=\"testmonial-box-p\">Susisiekite ir gaukite geriausi\u0105 pasi\u016blym\u0105.<\/pee><!-- [et_pb_line_break_holder] -->                            <\/div>\n<p><!-- [et_pb_line_break_holder] -->\t\t\t\t\t\t\t<\/p>\n<div class=\"mt-20 left-holder\"> <a href=\"\/kontaktai\/\" class=\"mytax-btn primary-button1 button-sm1\">Gauti pasi\u016blm\u0105<\/a> <\/div>\n<p><!-- [et_pb_line_break_holder] -->                        <\/div>\n<p><!-- [et_pb_line_break_holder] -->                    <\/div>\n<p>            <!-- [et_pb_line_break_holder] -->                    <\/div>\n<p>[\/et_pb_code][et_pb_code disabled_on=&#8221;on|on|on&#8221; _builder_version=&#8221;4.16&#8243; custom_margin=&#8221;-40px||||false|false&#8221; disabled=&#8221;on&#8221; saved_tabs=&#8221;all&#8221; global_colors_info=&#8221;{}&#8221;]<\/p>\n<div class=\"services-single-left-box\"><!-- [et_pb_line_break_holder] --><!-- [et_pb_line_break_holder] -->                         <\/p>\n<div class=\"blog-list-left-heading\"><!-- [et_pb_line_break_holder] -->                            <\/p>\n<h3>M\u016bs\u0173 teikiamos paslaugos<\/h3>\n<\/p><\/div>\n<p><!-- [et_pb_line_break_holder] -->\t\t\t\t\t\t\t<!-- [et_pb_line_break_holder] -->                         <\/p>\n<div class=\"latest-posts\"><!-- [et_pb_line_break_holder] -->                            <\/p>\n<div class=\"row\"><!-- [et_pb_line_break_holder] -->                                <\/p>\n<div class=\"col-md-4 col-sm-5 col-4 latest-posts-img\"> <img decoding=\"async\" src=\"\/wp-content\/uploads\/2020\/04\/b-t-2.jpg\" alt=\"blog-img\"> <\/div>\n<p><!-- [et_pb_line_break_holder] -->                                <\/p>\n<div class=\"col-md-8 col-sm-7 col-8 latest-posts-text pl-0\"> <a href=\"\/parduotuve\/\">\u012emoni\u0173 pirkimas ir pardavimas<\/a> <span><\/p>\n<h4>Nuo <sup> \u20ac <\/sup><font color=\"#d21e2b\">289<\/font><\/h4>\n<p><\/span> <\/div>\n<p><!-- [et_pb_line_break_holder] -->\t\t\t\t\t\t\t\t<!-- [et_pb_line_break_holder] -->                            <\/div>\n<p><!-- [et_pb_line_break_holder] -->                        <\/div>\n<p><!-- [et_pb_line_break_holder] -->                        <\/p>\n<div class=\"latest-posts\"><!-- [et_pb_line_break_holder] -->                            <\/p>\n<div class=\"row\"><!-- [et_pb_line_break_holder] -->                                <\/p>\n<div class=\"col-md-4 col-sm-5 col-4 latest-posts-img\"> <img decoding=\"async\" src=\"\/wp-content\/uploads\/2020\/04\/b-t-1.jpg\" alt=\"blog-img\"> <\/div>\n<p><!-- [et_pb_line_break_holder] -->                                <\/p>\n<div class=\"col-md-8 col-sm-7 col-8 latest-posts-text pl-0\"> <a href=\"\/imoniu-steigimas\/\">\u012emoni\u0173 steigimas<\/a> <span><\/p>\n<h4>Nuo <sup> \u20ac <\/sup><font color=\"#d21e2b\">199<\/font><\/h4>\n<p><\/span> <\/div>\n<p><!-- [et_pb_line_break_holder] -->\t\t\t\t\t\t\t\t<!-- [et_pb_line_break_holder] -->                            <\/div>\n<p><!-- [et_pb_line_break_holder] -->                        <\/div>\n<p><!-- [et_pb_line_break_holder] -->                        <\/p>\n<div class=\"latest-posts\"><!-- [et_pb_line_break_holder] -->                            <\/p>\n<div class=\"row\"><!-- [et_pb_line_break_holder] -->                                <\/p>\n<div class=\"col-md-4 col-sm-5 col-4 latest-posts-img\"> <img decoding=\"async\" src=\"\/wp-content\/uploads\/2020\/04\/b-t-3.jpg\" alt=\"blog-img\"> <\/div>\n<p><!-- [et_pb_line_break_holder] -->                                <\/p>\n<div class=\"col-md-8 col-sm-7 col-8 latest-posts-text pl-0\"> <a href=\"#\">Profesionalus verslo konsultavimas<\/a> <span><\/p>\n<h4>Nuo <sup> \u20ac <\/sup><font color=\"#d21e2b\">49<\/font><\/h4>\n<p><\/span> <\/div>\n<p> <!-- [et_pb_line_break_holder] -->\t\t\t\t\t\t\t\t<!-- [et_pb_line_break_holder] -->                            <\/div>\n<p><!-- [et_pb_line_break_holder] -->                        <\/div>\n<p><!-- [et_pb_line_break_holder] -->                        <\/p>\n<div class=\"latest-posts\"><!-- [et_pb_line_break_holder] -->                            <\/p>\n<div class=\"row\"><!-- [et_pb_line_break_holder] -->                                <\/p>\n<div class=\"col-md-4 col-sm-5 col-4 latest-posts-img\"> <img decoding=\"async\" src=\"\/wp-content\/uploads\/2020\/04\/serv-3.jpg\" alt=\"blog-img\"> <\/div>\n<p><!-- [et_pb_line_break_holder] -->                                <\/p>\n<div class=\"col-md-8 col-sm-7 col-8 latest-posts-text pl-0\"> <a href=\"\/verslo-teise\/\">Verslo teis\u0117<\/a> <span><\/p>\n<h4>Nuo <sup> \u20ac <\/sup><font color=\"#d21e2b\">49<\/font><\/h4>\n<p><\/span> <\/div>\n<p><!-- [et_pb_line_break_holder] -->\t\t\t\t\t\t\t\t<!-- [et_pb_line_break_holder] -->                            <\/div>\n<p><!-- [et_pb_line_break_holder] -->                        <\/div>\n<p><!-- [et_pb_line_break_holder] -->                        <\/p>\n<div class=\"latest-posts\"><!-- [et_pb_line_break_holder] -->                            <\/p>\n<div class=\"row\"><!-- [et_pb_line_break_holder] -->                                <\/p>\n<div class=\"col-md-4 col-sm-5 col-4 latest-posts-img\"> <img decoding=\"async\" src=\"\/wp-content\/uploads\/2020\/04\/serv-2.jpg\" alt=\"blog-img\"> <\/div>\n<p><!-- [et_pb_line_break_holder] -->                                <\/p>\n<div class=\"col-md-8 col-sm-7 col-8 latest-posts-text pl-0\"> <a href=\"\/migracijos-paslaugos\/\">Migracijos vadyba<\/a> <span><\/p>\n<h4>Nuo <sup> \u20ac <\/sup><font color=\"#d21e2b\">99<\/font><\/h4>\n<p><\/span> <\/div>\n<p><!-- [et_pb_line_break_holder] -->\t\t\t\t\t\t\t\t<!-- [et_pb_line_break_holder] -->                            <\/div>\n<p><!-- [et_pb_line_break_holder] -->                        <\/div>\n<p><!-- [et_pb_line_break_holder] -->\t\t\t\t\t\t<!-- [et_pb_line_break_holder] --><!-- [et_pb_line_break_holder] -->\t\t\t\t\t\t<!-- [et_pb_line_break_holder] -->                       <!-- [et_pb_line_break_holder] -->                        <!-- [et_pb_line_break_holder] -->                    <\/div>\n<p>[\/et_pb_code][\/et_pb_column][et_pb_column type=&#8221;1_3&#8243; _builder_version=&#8221;4.16&#8243; global_colors_info=&#8221;{}&#8221;][et_pb_text disabled_on=&#8221;on|on|on&#8221; admin_label=&#8221;Buhalterio darbo apra\u0161ymas&#8221; _builder_version=&#8221;4.16&#8243; background_size=&#8221;initial&#8221; background_position=&#8221;top_left&#8221; background_repeat=&#8221;repeat&#8221; disabled=&#8221;on&#8221; global_colors_info=&#8221;{}&#8221;]<\/p>\n<h2>BUHALTERIS(\u0116)<\/h2>\n<p>Visa Lietuva: \u012edarbinimo pasi\u016blymas buhalteriui su darbo patirtimi.<\/p>\n<p>\u012emon\u0117 UAB MyTax.lt ne tiktai internetu paprastais tarifais sprend\u017eia visus buhalterinius klausimus, bet ir sukuria naujas darbo vietas.<\/p>\n<p>J\u016bs esate patyr\u0119s buhalteris(\u0117), turite darbo sta\u017e\u0105 Lietuvoje ne ma\u017eesn\u012f kaip 2 metai, dirbote su PVM ir kitais mokes\u010diais, turite patirt\u012f dirbant su apskaitos programa Rivil\u0117? Mes ie\u0161kome b\u016btent J\u016bs\u0173!<\/p>\n<p>K\u0105 mes si\u016blome: galimyb\u0119 tur\u0117ti lankst\u0173 darbo grafik\u0105 ir karjeros augim\u0105, esant poreikiui jaukus ofisas Vilniaus centre, draugi\u0161kas kolektyvas.<\/p>\n<p>Darbo u\u017emokes\u010dio dydis priklauso nuo CV ir pokalbio rezultat\u0173.<\/p>\n<table class=\"responsive\">\n<tbody>\n<tr>\n<td style=\"width: 34.2041%;\">Darbo pob\u016bdis:<\/td>\n<td style=\"width: 65.7959%;\">\n<p>Ie\u0161kome buhalter\u0117s(-io), kuris sugeb\u0117t\u0173 dirbti individualiai, b\u016bt\u0173 atsakingas u\u017e:<\/p>\n<p>\u2022 buhalterin\u0117s apskaitos organizavim\u0105;<br \/>\u2022 pirmini\u0173 dokument\u0173 suvedim\u0105;<br \/>\u2022 darbo u\u017emokes\u010dio skai\u010diavim\u0105;<br \/>\u2022 ataskait\u0173 formavim\u0105;<br \/>\u2022 bendravim\u0105 su klientais;<br \/>\u2022 tiek\u0117j\u0173\/ pirk\u0117j\u0173 skol\u0173 derinim\u0105.<\/p>\n<\/td>\n<\/tr>\n<tr>\n<td style=\"width: 34.2041%;\">Reikalavimai darbuotojui:<\/td>\n<td style=\"width: 65.7959%;\">Darbo patirtis: nuo 2 met\u0173<\/td>\n<\/tr>\n<tr>\n<td style=\"width: 34.2041%;\">Privalumai:<\/td>\n<td style=\"width: 65.7959%;\">Mok\u0117jimas dirbti buhalterin\u0117s apskaitos programa Rivil\u0117. Didelis privalumas darbo patirtis buhalterini\u0173 paslaug\u0173 \u012fmon\u0117je.<\/td>\n<\/tr>\n<tr>\n<td style=\"width: 34.2041%;\">\u012emon\u0117 si\u016blo:<\/td>\n<td style=\"width: 65.7959%;\">\u2022 \u0161iuolaiki\u0161kas darbo s\u0105lygas ir darbo priemones;<br \/>\u2022 draugi\u0161k\u0105 kolektyv\u0105;<br \/>\u2022 lankst\u0173 darbo grafik\u0105;<br \/>\u2022 stabil\u0173, did\u0117jant\u012f ir nuo rezultat\u0173 priklausant\u012f atlyginim\u0105.<\/td>\n<\/tr>\n<\/tbody>\n<\/table>\n<p>[\/et_pb_text][et_pb_code disabled_on=&#8221;on|on|on&#8221; admin_label=&#8221;Buhalterio kandidatavimo forma&#8221; _builder_version=&#8221;4.27.4&#8243; _module_preset=&#8221;default&#8221; custom_margin=&#8221;-40px||40px||false|false&#8221; custom_padding=&#8221;||40px||false|false&#8221; disabled=&#8221;on&#8221; locked=&#8221;off&#8221; global_colors_info=&#8221;{}&#8221;]<script data-b24-form=\"inline\/49\/nn7yjq\" data-skip-moving=\"true\"><!-- [et_pb_line_break_holder] -->(function(w,d,u){<!-- [et_pb_line_break_holder] -->var s=d.createElement('script');s.async=true;s.src=u+'?'+(Date.now()\/180000|0);<!-- [et_pb_line_break_holder] -->var h=d.getElementsByTagName('script')[0];h.parentNode.insertBefore(s,h);<!-- [et_pb_line_break_holder] -->})(window,document,'https:\/\/crm.staging.mytax.lt\/upload\/crm\/form\/loader_49_nn7yjq.js');<!-- [et_pb_line_break_holder] --><\/script>[\/et_pb_code][et_pb_text disabled_on=&#8221;on|on|on&#8221; _builder_version=&#8221;4.27.4&#8243; background_size=&#8221;initial&#8221; background_position=&#8221;top_left&#8221; background_repeat=&#8221;repeat&#8221; disabled=&#8221;on&#8221; global_colors_info=&#8221;{}&#8221;]<\/p>\n<p>D\u0117l detalesn\u0117s informacijos pra\u0161ome susisiekti per svetain\u0117s kontaktin\u0119 form\u0105 arba skambinkite telefonu.<\/p>\n<p>[\/et_pb_text][\/et_pb_column][\/et_pb_row][\/et_pb_section][et_pb_section fb_built=&#8221;1&#8243; admin_label=&#8221;Registracija susitikimui&#8221; _builder_version=&#8221;4.27.4&#8243; _module_preset=&#8221;default&#8221; width=&#8221;100%&#8221; max_width=&#8221;1170px&#8221; module_alignment=&#8221;center&#8221; custom_margin=&#8221;0px||||false|false&#8221; custom_padding=&#8221;36px|15px|26px|15px|false|true&#8221; hover_enabled=&#8221;0&#8243; da_disable_devices=&#8221;off|off|off&#8221; collapsed=&#8221;on&#8221; global_colors_info=&#8221;{}&#8221; global_module=&#8221;16806&#8243; saved_tabs=&#8221;all&#8221; sticky_enabled=&#8221;0&#8243; locked=&#8221;off&#8221; da_is_popup=&#8221;off&#8221; da_exit_intent=&#8221;off&#8221; da_has_close=&#8221;on&#8221; da_alt_close=&#8221;off&#8221; da_dark_close=&#8221;off&#8221; da_not_modal=&#8221;on&#8221; da_is_singular=&#8221;off&#8221; da_with_loader=&#8221;off&#8221; da_has_shadow=&#8221;on&#8221;][et_pb_row _builder_version=&#8221;4.27.4&#8243; _module_preset=&#8221;default&#8221; global_colors_info=&#8221;{}&#8221;][et_pb_column type=&#8221;4_4&#8243; _builder_version=&#8221;4.27.4&#8243; _module_preset=&#8221;default&#8221; global_colors_info=&#8221;{}&#8221;][et_pb_text _builder_version=&#8221;4.27.4&#8243; _module_preset=&#8221;default&#8221; text_font=&#8221;|600|||||||&#8221; text_font_size=&#8221;84px&#8221; text_line_height=&#8221;1.2em&#8221; hover_enabled=&#8221;0&#8243; global_colors_info=&#8221;{}&#8221; text_font_size_last_edited=&#8221;on|phone&#8221; text_font_size_phone=&#8221;50px&#8221; text_orientation_last_edited=&#8221;on|phone&#8221; text_orientation_phone=&#8221;center&#8221; sticky_enabled=&#8221;0&#8243; text_font_size_tablet=&#8221;84px&#8221;]<\/p>\n<p>Nuo pirmo \u017eingsnio iki stabilaus verslo augimo<\/p>\n<p>[\/et_pb_text][et_pb_text _builder_version=&#8221;4.27.4&#8243; _module_preset=&#8221;default&#8221; global_colors_info=&#8221;{}&#8221;]<\/p>\n<p>Registruokit\u0117s pokalbiui jums patogiu metu ir su\u017einokite, kaip m\u016bs\u0173 buhalterin\u0117s paslaugos gali pad\u0117ti u\u017etikrinti tvar\u0173 finansin\u012f augim\u0105.<\/p>\n<p>[\/et_pb_text][et_pb_button button_text=&#8221;Registruotis&#8221; button_alignment=&#8221;center&#8221; _builder_version=&#8221;4.27.4&#8243; _module_preset=&#8221;default&#8221; hover_enabled=&#8221;0&#8243; global_colors_info=&#8221;{}&#8221; button_url=&#8221;https:\/\/calendar.google.com\/calendar\/u\/0\/appointments\/schedules\/AcZssZ0bXo3wAw0fJRaSYoLIfLcGJxa-1UJAzVUYmmlFCQ7qJOnvGEo1CWofjfU1avNYDEvJZajtSlIM&#8221; url_new_window=&#8221;on&#8221; sticky_enabled=&#8221;0&#8243;][\/et_pb_button][\/et_pb_column][\/et_pb_row][\/et_pb_section]<\/p>\n","protected":false},"excerpt":{"rendered":"<p>BUHALTERIS(\u0116)BUHALTERIS(\u0116) Visa Lietuva: \u012edarbinimo pasi\u016blymas buhalteriui su darbo patirtimi. \u012emon\u0117 UAB MyTax.lt ne tiktai internetu paprastais tarifais sprend\u017eia visus buhalterinius klausimus, bet ir sukuria naujas [&hellip;]<\/p>\n","protected":false},"author":1,"featured_media":10396,"parent":1902,"menu_order":0,"comment_status":"closed","ping_status":"closed","template":"","meta":{"_acf_changed":false,"_et_pb_use_builder":"on","_et_pb_old_content":"Mes ple\u010diam\u0117s. \u012emonei reikalingi patyr\u0119 specialistai. CV galite atsi\u0173sti el.pa\u0161to adresu <a href=\"mailto:jobs@garuda.lt\">jobs@garuda.lt<\/a>. Laukiame J\u016bs\u0173 lai\u0161k\u0173, a\u010di\u016b.\r\n<h1>\u00a0<\/h1>\r\n<h1>BUHALTERIS(\u0116)<\/h1>\r\nVilnius: \u012edarbinimo pasi\u016blymas buhalteriui su darbo patirtimi.\r\n\r\n\u012emon\u0117 UAB Garuda ne tiktai internetu paprastais tarifais sprend\u017eia visus buhalterinius klausimus, bet ir sukuria naujas darbo vietas.\r\n\r\nJ\u016bs esate patyr\u0119s buhalteris(\u0117), turite darbo sta\u017e\u0105 Lietuvoje ne ma\u017eesn\u012f kaip 2 metai, dirbote su PVM ir kitais mokes\u010diais, turite patirt\u012f dirbant su apskaitos programa Rivil\u0117? Mes ie\u0161kome b\u016btent J\u016bs\u0173!\r\n\r\nK\u0105 mes si\u016blome: galimyb\u0119 tur\u0117ti lankst\u0173 darbo grafik\u0105 ir karjeros augim\u0105, jaukus ofisas Vilniaus centre, draugi\u0161kas kolektyvas.\r\n\r\nDarbo u\u017emokes\u010dio dydis priklauso nuo CV ir pokalbio rezultat\u0173.\r\n<table style=\"border-collapse: collapse; width: 100%;\" border=\"1\">\r\n<tbody>\r\n<tr>\r\n<td style=\"width: 34.2041%;\">Darbo pob\u016bdis:<\/td>\r\n<td style=\"width: 65.7959%;\">Ie\u0161kome buhalter\u0117s(-io), kuris sugeb\u0117t\u0173 dirbti individualiai, b\u016bt\u0173 atsakingas u\u017e:\u00a0\r\n\r\n\u2022 buhalterin\u0117s apskaitos organizavim\u0105;\r\n\u2022 pirmini\u0173 dokument\u0173 suvedim\u0105;\r\n\u2022 darbo u\u017emokes\u010dio skai\u010diavim\u0105;\r\n\u2022 ataskait\u0173 formavim\u0105;\r\n\u2022 bendravim\u0105 su klientais;\r\n\u2022 tiek\u0117j\u0173\/ pirk\u0117j\u0173 skol\u0173 derinim\u0105.<\/td>\r\n<\/tr>\r\n<tr>\r\n<td style=\"width: 34.2041%;\">Reikalavimai darbuotojui:<\/td>\r\n<td style=\"width: 65.7959%;\">Darbo patirtis: nuo 2 met\u0173<\/td>\r\n<\/tr>\r\n<tr>\r\n<td style=\"width: 34.2041%;\">Privalumai:<\/td>\r\n<td style=\"width: 65.7959%;\">Mok\u0117jimas dirbti buhalterin\u0117s apskaitos programa B1, Rivil\u0117. Didelis privalumas darbo patirtis buhalterini\u0173 paslaug\u0173 \u012fmon\u0117je.<\/td>\r\n<\/tr>\r\n<tr>\r\n<td style=\"width: 34.2041%;\">\u012emon\u0117 si\u016blo:<\/td>\r\n<td style=\"width: 65.7959%;\">\u2022 \u0161iuolaiki\u0161kas darbo s\u0105lygas ir darbo priemones;\r\n\u2022 draugi\u0161k\u0105 kolektyv\u0105;\r\n\u2022 lankst\u0173 darbo grafik\u0105;\r\n\u2022 stabil\u0173, did\u0117jant\u012f ir nuo rezultat\u0173 priklausant\u012f atlyginim\u0105.<\/td>\r\n<\/tr>\r\n<\/tbody>\r\n<\/table>\r\n<h1>\u00a0<\/h1>\r\n<h1>PARDAVIMO VADYBININKAS (\u0116)<\/h1>\r\nVilnius: reikalingas skaitmenin\u0117s rinkodaros specialistas.\r\n\r\nJeigu J\u016bs turite ne ma\u017eesn\u0119 kaip dviej\u0173 met\u0173 patirt\u012f ir J\u016bs patogiai jau\u010diat\u0117s sistemose \u042f\u043d\u0434\u0435\u043a\u0441.\u0414\u0438\u0440\u0435\u043a\u0442\u201a Google AdWords, dirbote su UTM \u017eym\u0117mis, aplikacijomis \u0414\u0438\u0440\u0435\u043a\u0442 \u041a\u043e\u043c\u0430\u043d\u0434\u0435\u0440\u201a Adwords Editor, \u017einote k\u0105 rei\u0161kia kliento pritraukimo kaina, statistika, ataskaitos, konversijos, m\u0117gstate bendrauti su klientais ir rangovais ie\u0161kant nauj\u0173 kanal\u0173 - tuomet \u0161i pozicija yra J\u016bs\u0173.\r\n<table style=\"border-collapse: collapse; width: 100%;\" border=\"1\">\r\n<tbody>\r\n<tr>\r\n<td style=\"width: 34.2041%;\">Darbo pob\u016bdis:<\/td>\r\n<td style=\"width: 65.7959%;\">\u2022 paslaug\u0173 pristatymas ir pardavimas;\r\n\u2022 aktyvi nauj\u0173 klient\u0173 paie\u0161ka, nuolatinis bendravimas telefonu ir santyki\u0173 palaikymas su esamais klientais, partneriais ir potencialiais klientais;\r\n\u2022 aktyv\u016bs pardavimai;\r\n\u2022 nepriklausoma darbo vieta ir darbo laikas.<\/td>\r\n<\/tr>\r\n<tr>\r\n<td style=\"width: 34.2041%;\">Reikalavimai darbuotojui:<\/td>\r\n<td style=\"width: 65.7959%;\">\u2022 auk\u0161tasis i\u0161silavinimas (gali b\u016bti paskutini\u0173 kurs\u0173 studentas)\r\n\u2022 aktyvi\u0173 pardavim\u0173 patirtis;\r\n\u2022 puik\u016bs bendravimo ir deryb\u0173 \u012fg\u016bd\u017eiai;\r\n\u2022 darb\u0161tumas, iniciatyvumas, komunikabilumas;\r\n\u2022 orientacija \u012f darbo rezultatus;\r\n\u2022 geb\u0117jimas dirbti savaranki\u0161kai ir komandoje.<\/td>\r\n<\/tr>\r\n<tr>\r\n<td style=\"width: 34.2041%;\">Privalumai:<\/td>\r\n<td style=\"width: 65.7959%;\">\u2022 teisinio darbo patirtis ir\/arba darbo, verslo teis\u0117s i\u0161manymas (b\u016bt\u0173 privalumas)<\/td>\r\n<\/tr>\r\n<tr>\r\n<td style=\"width: 34.2041%;\">\u012emon\u0117 si\u016blo:<\/td>\r\n<td style=\"width: 65.7959%;\">\u2022 \u0161iuolaiki\u0161kas darbo s\u0105lygas ir darbo priemones;\r\n\u2022 draugi\u0161k\u0105 kolektyv\u0105;\r\n\u2022 stabil\u0173, did\u0117jant\u012f ir nuo rezultat\u0173 priklausant\u012f atlyginim\u0105.<\/td>\r\n<\/tr>\r\n<\/tbody>\r\n<\/table>\r\nD\u0117l detalesn\u0117s informacijos pra\u0161ome atsi\u0173sti savo CV \u012f kontaktin\u012f el.pa\u0161t\u0105 arba susisiekite per svetain\u0117s kontaktin\u0119 form\u0105.","_et_gb_content_width":"1080","om_disable_all_campaigns":false,"_exactmetrics_skip_tracking":false,"_exactmetrics_sitenote_active":false,"_exactmetrics_sitenote_note":"","_exactmetrics_sitenote_category":0,"iawp_total_views":39,"footnotes":""},"class_list":["post-1692","page","type-page","status-publish","has-post-thumbnail","hentry"],"acf":[],"jetpack_sharing_enabled":true,"_links":{"self":[{"href":"https:\/\/mytax.lt\/en\/wp-json\/wp\/v2\/pages\/1692","targetHints":{"allow":["GET"]}}],"collection":[{"href":"https:\/\/mytax.lt\/en\/wp-json\/wp\/v2\/pages"}],"about":[{"href":"https:\/\/mytax.lt\/en\/wp-json\/wp\/v2\/types\/page"}],"author":[{"embeddable":true,"href":"https:\/\/mytax.lt\/en\/wp-json\/wp\/v2\/users\/1"}],"replies":[{"embeddable":true,"href":"https:\/\/mytax.lt\/en\/wp-json\/wp\/v2\/comments?post=1692"}],"version-history":[{"count":10,"href":"https:\/\/mytax.lt\/en\/wp-json\/wp\/v2\/pages\/1692\/revisions"}],"predecessor-version":[{"id":16828,"href":"https:\/\/mytax.lt\/en\/wp-json\/wp\/v2\/pages\/1692\/revisions\/16828"}],"up":[{"embeddable":true,"href":"https:\/\/mytax.lt\/en\/wp-json\/wp\/v2\/pages\/1902"}],"wp:featuredmedia":[{"embeddable":true,"href":"https:\/\/mytax.lt\/en\/wp-json\/wp\/v2\/media\/10396"}],"wp:attachment":[{"href":"https:\/\/mytax.lt\/en\/wp-json\/wp\/v2\/media?parent=1692"}],"curies":[{"name":"wp","href":"https:\/\/api.w.org\/{rel}","templated":true}]}}