{"id":10197,"date":"2024-12-18T05:06:48","date_gmt":"2024-12-18T03:06:48","guid":{"rendered":"https:\/\/mytax.lt\/?page_id=10197"},"modified":"2024-12-31T15:51:54","modified_gmt":"2024-12-31T13:51:54","slug":"paslaugos","status":"publish","type":"page","link":"https:\/\/mytax.lt\/en\/paslaugos\/","title":{"rendered":"Paslaugos"},"content":{"rendered":"<p>[et_pb_section fb_built=&#8221;1&#8243; custom_padding_last_edited=&#8221;on|desktop&#8221; module_class=&#8221;custom-gradient-section&#8221; _builder_version=&#8221;4.27.4&#8243; _module_preset=&#8221;default&#8221; min_height=&#8221;517.8px&#8221; custom_padding=&#8221;37px||37px||true|false&#8221; custom_padding_tablet=&#8221;37px||37px||true|false&#8221; custom_padding_phone=&#8221;0px|0px|0px|0px|true|true&#8221; locked=&#8221;off&#8221; collapsed=&#8221;off&#8221; global_colors_info=&#8221;{}&#8221;][et_pb_row column_structure=&#8221;1_2,1_2&#8243; _builder_version=&#8221;4.27.4&#8243; _module_preset=&#8221;default&#8221; width=&#8221;75%&#8221; custom_margin=&#8221;|auto|36px|auto|false|false&#8221; custom_padding=&#8221;||30px||false|false&#8221; global_colors_info=&#8221;{}&#8221;][et_pb_column type=&#8221;1_2&#8243; _builder_version=&#8221;4.16&#8243; _module_preset=&#8221;default&#8221; global_colors_info=&#8221;{}&#8221;][et_pb_text admin_label=&#8221;Text&#8221; _builder_version=&#8221;4.27.4&#8243; _module_preset=&#8221;default&#8221; header_font=&#8221;|700|||||||&#8221; header_text_color=&#8221;#000000&#8243; min_height=&#8221;44px&#8221; custom_margin=&#8221;107px||||false|false&#8221; global_colors_info=&#8221;{}&#8221;]<\/p>\n<h1>Paslaugos<\/h1>\n<p>[\/et_pb_text][\/et_pb_column][et_pb_column type=&#8221;1_2&#8243; _builder_version=&#8221;4.16&#8243; _module_preset=&#8221;default&#8221; global_colors_info=&#8221;{}&#8221;][et_pb_image src=&#8221;@ET-DC@eyJkeW5hbWljIjp0cnVlLCJjb250ZW50IjoicG9zdF9mZWF0dXJlZF9pbWFnZSIsInNldHRpbmdzIjp7fX0=@&#8221; _builder_version=&#8221;4.27.4&#8243; _dynamic_attributes=&#8221;src&#8221; _module_preset=&#8221;default&#8221; width=&#8221;100%&#8221; max_width=&#8221;100%&#8221; height=&#8221;594px&#8221; max_height=&#8221;358px&#8221; border_radii=&#8221;on|10px|10px|10px|10px&#8221; global_colors_info=&#8221;{}&#8221;][\/et_pb_image][\/et_pb_column][\/et_pb_row][\/et_pb_section][et_pb_section fb_built=&#8221;1&#8243; _builder_version=&#8221;4.27.4&#8243; _module_preset=&#8221;default&#8221; global_colors_info=&#8221;{}&#8221;][et_pb_row column_structure=&#8221;1_4,1_4,1_4,1_4&#8243; _builder_version=&#8221;4.27.4&#8243; _module_preset=&#8221;default&#8221; global_colors_info=&#8221;{}&#8221;][et_pb_column type=&#8221;1_4&#8243; _builder_version=&#8221;4.27.4&#8243; _module_preset=&#8221;default&#8221; global_colors_info=&#8221;{}&#8221;][et_pb_text admin_label=&#8221;Migracijos paslaugos&#8221; _builder_version=&#8221;4.27.4&#8243; _module_preset=&#8221;default&#8221; custom_margin=&#8221;||35px|||&#8221; global_colors_info=&#8221;{}&#8221;]<\/p>\n<h2>Migracijos paslaugos<\/h2>\n<p>[\/et_pb_text][et_pb_text admin_label=&#8221;Darbdavio keitimas&#8221; _builder_version=&#8221;4.27.4&#8243; _module_preset=&#8221;default&#8221; height=&#8221;100px&#8221; custom_padding=&#8221;38px||10px|25px|false|false&#8221; link_option_url=&#8221;\/produktas\/darbdavio-keitimas\/&#8221; border_radii=&#8221;on|20px|20px|20px|20px&#8221; box_shadow_style=&#8221;preset1&#8243; box_shadow_spread=&#8221;-5px&#8221; global_colors_info=&#8221;{}&#8221;]<\/p>\n<h3>Darbdavio keitimas<\/h3>\n<p>[\/et_pb_text][et_pb_text admin_label=&#8221;Dokument\u0173 leidimo laikinai gyventi i\u0161davimui parengimas&#8221; _builder_version=&#8221;4.27.4&#8243; _module_preset=&#8221;default&#8221; height=&#8221;100px&#8221; custom_padding=&#8221;38px||10px|25px|false|false&#8221; link_option_url=&#8221;\/produktas\/dokumentu-leidomo-laikinai-gyventi-isdavimui-parengimas\/&#8221; border_radii=&#8221;on|20px|20px|20px|20px&#8221; box_shadow_style=&#8221;preset1&#8243; box_shadow_spread=&#8221;-5px&#8221; global_colors_info=&#8221;{}&#8221;]<\/p>\n<h3>Dokument\u0173 leidimo laikinai gyventi i\u0161davimui parengimas<\/h3>\n<p>[\/et_pb_text][et_pb_text admin_label=&#8221;Dokument\u0173 darbo vizai parengimas&#8221; _builder_version=&#8221;4.27.4&#8243; _module_preset=&#8221;default&#8221; height=&#8221;100px&#8221; custom_padding=&#8221;38px||10px|25px|false|false&#8221; link_option_url=&#8221;\/buhalterise\/&#8221; border_radii=&#8221;on|20px|20px|20px|20px&#8221; box_shadow_style=&#8221;preset1&#8243; box_shadow_spread=&#8221;-5px&#8221; global_colors_info=&#8221;{}&#8221;]<\/p>\n<h3>Dokument\u0173 darbo vizai parengimas<\/h3>\n<p>[\/et_pb_text][\/et_pb_column][et_pb_column type=&#8221;1_4&#8243; _builder_version=&#8221;4.27.4&#8243; _module_preset=&#8221;default&#8221; global_colors_info=&#8221;{}&#8221;][et_pb_text admin_label=&#8221;Buhalterin\u0117s paslaugos&#8221; _builder_version=&#8221;4.27.4&#8243; _module_preset=&#8221;default&#8221; custom_margin=&#8221;||35px|||&#8221; global_colors_info=&#8221;{}&#8221;]<\/p>\n<h2>Buhalterin\u0117s paslaugos<\/h2>\n<p>[\/et_pb_text][et_pb_text admin_label=&#8221;UAB buhalterin\u0117 apskaita&#8221; _builder_version=&#8221;4.27.4&#8243; _module_preset=&#8221;default&#8221; height=&#8221;100px&#8221; custom_padding=&#8221;38px||10px|25px|false|false&#8221; link_option_url=&#8221;\/produktas\/uab-buhalterine-apskaita\/&#8221; border_radii=&#8221;on|20px|20px|20px|20px&#8221; box_shadow_style=&#8221;preset1&#8243; box_shadow_spread=&#8221;-5px&#8221; global_colors_info=&#8221;{}&#8221;]<\/p>\n<h3>UAB buhalterin\u0117 apskaita<\/h3>\n<p>[\/et_pb_text][et_pb_text admin_label=&#8221;MB buhalterin\u0117 apskaita&#8221; _builder_version=&#8221;4.27.4&#8243; _module_preset=&#8221;default&#8221; height=&#8221;100px&#8221; custom_padding=&#8221;38px||10px|25px|false|false&#8221; link_option_url=&#8221;\/produktas\/mb-pradine-buhalterine-apskaita\/&#8221; border_radii=&#8221;on|20px|20px|20px|20px&#8221; box_shadow_style=&#8221;preset1&#8243; box_shadow_spread=&#8221;-5px&#8221; global_colors_info=&#8221;{}&#8221;]<\/p>\n<h3>MB buhalterin\u0117 apskaita<\/h3>\n<p>[\/et_pb_text][et_pb_text admin_label=&#8221;I\u012e \/ verslo liudijimo buhalterin\u0117 apskaita&#8221; _builder_version=&#8221;4.27.4&#8243; _module_preset=&#8221;default&#8221; height=&#8221;100px&#8221; custom_padding=&#8221;38px||10px|25px|false|false&#8221; link_option_url=&#8221;\/produktas\/ii-verslo-liudijimo-buhalterine-apskaita\/&#8221; border_radii=&#8221;on|20px|20px|20px|20px&#8221; box_shadow_style=&#8221;preset1&#8243; box_shadow_spread=&#8221;-5px&#8221; global_colors_info=&#8221;{}&#8221;]<\/p>\n<h3>I\u012e \/ verslo liudijimo buhalterin\u0117 apskaita<\/h3>\n<p>[\/et_pb_text][et_pb_text admin_label=&#8221;V\u0161\u012e buhalterin\u0117 apskaita&#8221; _builder_version=&#8221;4.27.4&#8243; _module_preset=&#8221;default&#8221; height=&#8221;100px&#8221; custom_padding=&#8221;38px||10px|25px|false|false&#8221; link_option_url=&#8221;\/produktas\/vsi-buhalterine-apskaita\/&#8221; border_radii=&#8221;on|20px|20px|20px|20px&#8221; box_shadow_style=&#8221;preset1&#8243; box_shadow_spread=&#8221;-5px&#8221; global_colors_info=&#8221;{}&#8221;]<\/p>\n<h3>V\u0161\u012e buhalterin\u0117 apskaita<\/h3>\n<p>[\/et_pb_text][et_pb_text admin_label=&#8221;Biud\u017eetini\u0173 \u012fstaig\u0173 buhalterin\u0117 apskaita&#8221; _builder_version=&#8221;4.27.4&#8243; _module_preset=&#8221;default&#8221; height=&#8221;100px&#8221; custom_padding=&#8221;38px||10px|25px|false|false&#8221; link_option_url=&#8221;\/produktas\/biudzetiniu-istaigu-buhalterine-apskaita\/&#8221; border_radii=&#8221;on|20px|20px|20px|20px&#8221; box_shadow_style=&#8221;preset1&#8243; box_shadow_spread=&#8221;-5px&#8221; global_colors_info=&#8221;{}&#8221;]<\/p>\n<h3>Biud\u017eetini\u0173 \u012fstaig\u0173 buhalterin\u0117 apskaita<\/h3>\n<p>[\/et_pb_text][et_pb_text admin_label=&#8221;\u016akinink\u0173 buhalterin\u0117 apskaita&#8221; _builder_version=&#8221;4.27.4&#8243; _module_preset=&#8221;default&#8221; height=&#8221;100px&#8221; custom_padding=&#8221;38px||10px|25px|false|false&#8221; link_option_url=&#8221;\/produktas\/ukininku-buhalterine-apskaita\/&#8221; border_radii=&#8221;on|20px|20px|20px|20px&#8221; box_shadow_style=&#8221;preset1&#8243; box_shadow_spread=&#8221;-5px&#8221; global_colors_info=&#8221;{}&#8221;]<\/p>\n<h3>\u016akinink\u0173 buhalterin\u0117 apskaita<\/h3>\n<p>[\/et_pb_text][et_pb_text admin_label=&#8221;Apleistos buhalterijos tvarkymas&#8221; _builder_version=&#8221;4.27.4&#8243; _module_preset=&#8221;default&#8221; height=&#8221;100px&#8221; custom_padding=&#8221;38px||10px|25px|false|false&#8221; link_option_url=&#8221;\/produktas\/apleistos-buhalterijos-tvarkymas\/&#8221; border_radii=&#8221;on|20px|20px|20px|20px&#8221; box_shadow_style=&#8221;preset1&#8243; box_shadow_spread=&#8221;-5px&#8221; global_colors_info=&#8221;{}&#8221;]<\/p>\n<h3>Apleistos buhalterijos tvarkymas<\/h3>\n<p>[\/et_pb_text][et_pb_text admin_label=&#8221;\u016akini\u0173 operacij\u0173 registravimo ir vertinimo tvarkos bei apskaitos politikos parengimas&#8221; _builder_version=&#8221;4.27.4&#8243; _module_preset=&#8221;default&#8221; height=&#8221;100px&#8221; custom_padding=&#8221;38px||10px|25px|false|false&#8221; link_option_url=&#8221;\/produktas\/apskaitos-politikos-rengimas\/&#8221; border_radii=&#8221;on|20px|20px|20px|20px&#8221; box_shadow_style=&#8221;preset1&#8243; box_shadow_spread=&#8221;-5px&#8221; global_colors_info=&#8221;{}&#8221;]<\/p>\n<h3>\u016akini\u0173 operacij\u0173 registravimo ir vertinimo tvarkos bei apskaitos politikos parengimas<\/h3>\n<p>[\/et_pb_text][et_pb_text admin_label=&#8221;Buhalterin\u0117 apskaita&#8221; _builder_version=&#8221;4.27.4&#8243; _module_preset=&#8221;default&#8221; height=&#8221;100px&#8221; custom_padding=&#8221;38px||10px|25px|false|false&#8221; link_option_url=&#8221;\/produktas\/buhalterine-apskaita\/&#8221; border_radii=&#8221;on|20px|20px|20px|20px&#8221; box_shadow_style=&#8221;preset1&#8243; box_shadow_spread=&#8221;-5px&#8221; global_colors_info=&#8221;{}&#8221;]<\/p>\n<h3>Buhalterin\u0117 apskaita<\/h3>\n<p>[\/et_pb_text][et_pb_text admin_label=&#8221;Ilgalaikio turto apskaita&#8221; _builder_version=&#8221;4.27.4&#8243; _module_preset=&#8221;default&#8221; height=&#8221;100px&#8221; custom_padding=&#8221;38px||10px|25px|false|false&#8221; link_option_url=&#8221;\/produktas\/ilgalaikio-turto-apskaita\/&#8221; border_radii=&#8221;on|20px|20px|20px|20px&#8221; box_shadow_style=&#8221;preset1&#8243; box_shadow_spread=&#8221;-5px&#8221; global_colors_info=&#8221;{}&#8221;]<\/p>\n<h3>Ilgalaikio turto apskaita<\/h3>\n<p>[\/et_pb_text][\/et_pb_column][et_pb_column type=&#8221;1_4&#8243; _builder_version=&#8221;4.27.4&#8243; _module_preset=&#8221;default&#8221; global_colors_info=&#8221;{}&#8221;][et_pb_text admin_label=&#8221;\u012emoni\u0173 steigimas&#8221; _builder_version=&#8221;4.27.4&#8243; _module_preset=&#8221;default&#8221; custom_margin=&#8221;||35px|||&#8221; global_colors_info=&#8221;{}&#8221;]<\/p>\n<h2>\u012emoni\u0173 steigimas<\/h2>\n<p>[\/et_pb_text][et_pb_text admin_label=&#8221;UAB steigimas&#8221; _builder_version=&#8221;4.27.4&#8243; _module_preset=&#8221;default&#8221; height=&#8221;100px&#8221; custom_padding=&#8221;38px||10px|25px|false|false&#8221; link_option_url=&#8221;\/produktas\/uab-steigimas\/&#8221; border_radii=&#8221;on|20px|20px|20px|20px&#8221; box_shadow_style=&#8221;preset1&#8243; box_shadow_spread=&#8221;-5px&#8221; global_colors_info=&#8221;{}&#8221;]<\/p>\n<h3>UAB steigimas<\/h3>\n<p>[\/et_pb_text][et_pb_text admin_label=&#8221;MB steigimas&#8221; _builder_version=&#8221;4.27.4&#8243; _module_preset=&#8221;default&#8221; height=&#8221;100px&#8221; custom_padding=&#8221;38px||10px|25px|false|false&#8221; link_option_url=&#8221;\/produktas\/mb-steigimas\/&#8221; border_radii=&#8221;on|20px|20px|20px|20px&#8221; box_shadow_style=&#8221;preset1&#8243; box_shadow_spread=&#8221;-5px&#8221; global_colors_info=&#8221;{}&#8221;]<\/p>\n<h3>MB steigimas<\/h3>\n<p>[\/et_pb_text][et_pb_text admin_label=&#8221;Individualios \u012fmon\u0117s steigimas&#8221; _builder_version=&#8221;4.27.4&#8243; _module_preset=&#8221;default&#8221; height=&#8221;100px&#8221; custom_padding=&#8221;38px||10px|25px|false|false&#8221; link_option_url=&#8221;\/produktas\/individualios-imones-steigimas\/&#8221; border_radii=&#8221;on|20px|20px|20px|20px&#8221; box_shadow_style=&#8221;preset1&#8243; box_shadow_spread=&#8221;-5px&#8221; global_colors_info=&#8221;{}&#8221;]<\/p>\n<h3>Individualios \u012fmon\u0117s steigimas<\/h3>\n<p>[\/et_pb_text][et_pb_text admin_label=&#8221;Vie\u0161osios \u012fstaigos steigimas&#8221; _builder_version=&#8221;4.27.4&#8243; _module_preset=&#8221;default&#8221; height=&#8221;100px&#8221; custom_padding=&#8221;38px||10px|25px|false|false&#8221; link_option_url=&#8221;\/produktas\/viesosios-istaigos-steigimas\/&#8221; border_radii=&#8221;on|20px|20px|20px|20px&#8221; box_shadow_style=&#8221;preset1&#8243; box_shadow_spread=&#8221;-5px&#8221; global_colors_info=&#8221;{}&#8221;]<\/p>\n<h3>Vie\u0161osios \u012fstaigos steigimas<\/h3>\n<p>[\/et_pb_text][et_pb_text admin_label=&#8221;Asociacijos steigimas&#8221; _builder_version=&#8221;4.27.4&#8243; _module_preset=&#8221;default&#8221; height=&#8221;100px&#8221; custom_padding=&#8221;38px||10px|25px|false|false&#8221; link_option_url=&#8221;\/produktas\/asociacijos-steigimas\/&#8221; border_radii=&#8221;on|20px|20px|20px|20px&#8221; box_shadow_style=&#8221;preset1&#8243; box_shadow_spread=&#8221;-5px&#8221; global_colors_info=&#8221;{}&#8221;]<\/p>\n<h3>Asociacijos steigimas<\/h3>\n<p>[\/et_pb_text][et_pb_text admin_label=&#8221;Filialo ar atstovyb\u0117s steigimas&#8221; _builder_version=&#8221;4.27.4&#8243; _module_preset=&#8221;default&#8221; height=&#8221;100px&#8221; custom_padding=&#8221;38px||10px|25px|false|false&#8221; link_option_url=&#8221;\/produktas\/filialo-ar-atstovybes-steigimas\/&#8221; border_radii=&#8221;on|20px|20px|20px|20px&#8221; box_shadow_style=&#8221;preset1&#8243; box_shadow_spread=&#8221;-5px&#8221; global_colors_info=&#8221;{}&#8221;]<\/p>\n<h3>Filialo ar atstovyb\u0117s steigimas<\/h3>\n<p>[\/et_pb_text][et_pb_text admin_label=&#8221;Labdaros ir paramos fondo steigimas&#8221; _builder_version=&#8221;4.27.4&#8243; _module_preset=&#8221;default&#8221; height=&#8221;100px&#8221; custom_padding=&#8221;38px||10px|25px|false|false&#8221; link_option_url=&#8221;\/produktas\/labdaros-ir-paramos-fondo-steigimas\/&#8221; border_radii=&#8221;on|20px|20px|20px|20px&#8221; box_shadow_style=&#8221;preset1&#8243; box_shadow_spread=&#8221;-5px&#8221; global_colors_info=&#8221;{}&#8221;]<\/p>\n<h3>Labdaros ir paramos fondo steigimas<\/h3>\n<p>[\/et_pb_text][\/et_pb_column][et_pb_column type=&#8221;1_4&#8243; _builder_version=&#8221;4.27.4&#8243; _module_preset=&#8221;default&#8221; global_colors_info=&#8221;{}&#8221;][et_pb_text _builder_version=&#8221;4.27.4&#8243; _module_preset=&#8221;default&#8221; custom_margin=&#8221;||35px|||&#8221; global_colors_info=&#8221;{}&#8221;]<\/p>\n<h2>Verslo teis\u0117<\/h2>\n<p>[\/et_pb_text][et_pb_text _builder_version=&#8221;4.27.4&#8243; _module_preset=&#8221;default&#8221; height=&#8221;100px&#8221; custom_padding=&#8221;38px||10px|25px|false|false&#8221; link_option_url=&#8221;\/produktas\/labdaros-ir-paramos-fondo-steigimas\/&#8221; border_radii=&#8221;on|20px|20px|20px|20px&#8221; box_shadow_style=&#8221;preset1&#8243; box_shadow_spread=&#8221;-5px&#8221; global_colors_info=&#8221;{}&#8221;]<\/p>\n<h3>Labdaros ir paramos fondo steigimas<\/h3>\n<p>[\/et_pb_text][\/et_pb_column][\/et_pb_row][\/et_pb_section]<\/p>\n","protected":false},"excerpt":{"rendered":"<p>PaslaugosMigracijos paslaugosDarbdavio keitimasDokument\u0173 leidimo laikinai gyventi i\u0161davimui parengimasDokument\u0173 darbo vizai parengimasBuhalterin\u0117s paslaugosUAB buhalterin\u0117 apskaitaMB buhalterin\u0117 apskaitaI\u012e \/ verslo liudijimo buhalterin\u0117 apskaitaV\u0161\u012e buhalterin\u0117 apskaitaBiud\u017eetini\u0173 \u012fstaig\u0173 buhalterin\u0117 [&hellip;]<\/p>\n","protected":false},"author":1,"featured_media":10895,"parent":0,"menu_order":0,"comment_status":"closed","ping_status":"closed","template":"","meta":{"_acf_changed":false,"_et_pb_use_builder":"on","_et_pb_old_content":"","_et_gb_content_width":"","om_disable_all_campaigns":false,"_exactmetrics_skip_tracking":false,"_exactmetrics_sitenote_active":false,"_exactmetrics_sitenote_note":"","_exactmetrics_sitenote_category":0,"iawp_total_views":3,"footnotes":""},"class_list":["post-10197","page","type-page","status-publish","has-post-thumbnail","hentry"],"acf":[],"jetpack_sharing_enabled":true,"_links":{"self":[{"href":"https:\/\/mytax.lt\/en\/wp-json\/wp\/v2\/pages\/10197","targetHints":{"allow":["GET"]}}],"collection":[{"href":"https:\/\/mytax.lt\/en\/wp-json\/wp\/v2\/pages"}],"about":[{"href":"https:\/\/mytax.lt\/en\/wp-json\/wp\/v2\/types\/page"}],"author":[{"embeddable":true,"href":"https:\/\/mytax.lt\/en\/wp-json\/wp\/v2\/users\/1"}],"replies":[{"embeddable":true,"href":"https:\/\/mytax.lt\/en\/wp-json\/wp\/v2\/comments?post=10197"}],"version-history":[{"count":9,"href":"https:\/\/mytax.lt\/en\/wp-json\/wp\/v2\/pages\/10197\/revisions"}],"predecessor-version":[{"id":10900,"href":"https:\/\/mytax.lt\/en\/wp-json\/wp\/v2\/pages\/10197\/revisions\/10900"}],"wp:featuredmedia":[{"embeddable":true,"href":"https:\/\/mytax.lt\/en\/wp-json\/wp\/v2\/media\/10895"}],"wp:attachment":[{"href":"https:\/\/mytax.lt\/en\/wp-json\/wp\/v2\/media?parent=10197"}],"curies":[{"name":"wp","href":"https:\/\/api.w.org\/{rel}","templated":true}]}}